{"id":27018,"date":"2025-02-20T23:28:38","date_gmt":"2025-02-20T22:28:38","guid":{"rendered":"https:\/\/olemosaic.orbitalia.org\/producto\/taza-de-ceramica-bailaora-beige-2\/"},"modified":"2025-07-25T18:48:33","modified_gmt":"2025-07-25T16:48:33","slug":"caneca-de-ceramica-bailaora-bege-2","status":"publish","type":"product","link":"https:\/\/olemosaic.orbitalia.org\/pt-pt\/produto\/caneca-de-ceramica-bailaora-bege-2\/","title":{"rendered":"Caneca de cer\u00e2mica. Bailaora. Bege."},"content":{"rendered":"<p>Esta encantadora caneca de cer\u00e2mica, decorada com a imagem de uma bailaora, \u00e9 um magn\u00edfico exemplo da arte e da cultura flamenca espanhola. Com um design pintado \u00e0 m\u00e3o que real\u00e7a a sua originalidade, a caneca apresenta um elegante fundo bege, real\u00e7ado por cores vivas, entre elas vermelhos intensos que evocam a paix\u00e3o do flamenco e detalhes em verde que conferem um toque fresco e vibrante. A representa\u00e7\u00e3o da bailaora, trajada com o seu caracter\u00edstico vestido adornado com folhos, capta a ess\u00eancia do folclore espanhol e o movimento art\u00edstico da dan\u00e7a flamenca, convidando qualquer amante da cultura a desfrutar da sua beleza.<\/p>\n<p>Numa lateral da caneca, a inscri\u00e7\u00e3o &#8220;ESPA\u00d1A&#8221; adorna a parte superior, acompanhada por um cravo, outra emblem\u00e1tica representa\u00e7\u00e3o do pa\u00eds. A forma original e estilizada desta caneca n\u00e3o s\u00f3 a torna um objeto funcional, como tamb\u00e9m um aut\u00eantico souvenir que encapsula a riqueza cultural de Espanha. \u00c9 uma op\u00e7\u00e3o ideal para turistas que procuram recorda\u00e7\u00f5es representativas da sua visita. Na Ol\u00e9 Mosaic, a nossa especialidade \u00e9 oferecer souvenirs aut\u00eanticos por grosso que refletem a ess\u00eancia das tradi\u00e7\u00f5es locais. Esta caneca de cer\u00e2mica \u00e9 um excelente produto para lojas de presentes tur\u00edsticos que desejem oferecer aos seus clientes um peda\u00e7o aut\u00eantico do folclore espanhol, destacando a beleza e a paix\u00e3o do flamenco em cada gole.<\/p>\n","protected":false},"excerpt":{"rendered":"<p>Caneca de cer\u00e2mica decorada com a imagem de uma bailaora, que representa a ess\u00eancia do flamenco espanhol. Esta elegante caneca bege apresenta um design artesanal, pintado \u00e0 m\u00e3o, com cores vivas, como o vermelho e detalhes em verde. Com a inscri\u00e7\u00e3o &#8220;ESPA\u00d1A&#8221; e um caracter\u00edstico cravo, a sua forma original e o toque art\u00edstico tornam-na um aut\u00eantico souvenir que capta a cultura e o folclore de Espanha, ideal para os amantes da tradi\u00e7\u00e3o.<\/p>\n","protected":false},"featured_media":6909,"template":"","meta":{"_acf_changed":false},"product_brand":[],"product_cat":[833],"product_tag":[515],"class_list":{"0":"post-27018","1":"product","2":"type-product","3":"status-publish","4":"has-post-thumbnail","6":"product_cat-canecas","7":"product_tag-ceramica","8":"pa_motivo-dancarinos","10":"first","11":"instock","12":"shipping-taxable","13":"product-type-simple"},"acf":[],"_links":{"self":[{"href":"https:\/\/olemosaic.orbitalia.org\/pt-pt\/wp-json\/wp\/v2\/product\/27018","targetHints":{"allow":["GET"]}}],"collection":[{"href":"https:\/\/olemosaic.orbitalia.org\/pt-pt\/wp-json\/wp\/v2\/product"}],"about":[{"href":"https:\/\/olemosaic.orbitalia.org\/pt-pt\/wp-json\/wp\/v2\/types\/product"}],"wp:featuredmedia":[{"embeddable":true,"href":"https:\/\/olemosaic.orbitalia.org\/pt-pt\/wp-json\/wp\/v2\/media\/6909"}],"wp:attachment":[{"href":"https:\/\/olemosaic.orbitalia.org\/pt-pt\/wp-json\/wp\/v2\/media?parent=27018"}],"wp:term":[{"taxonomy":"product_brand","embeddable":true,"href":"https:\/\/olemosaic.orbitalia.org\/pt-pt\/wp-json\/wp\/v2\/product_brand?post=27018"},{"taxonomy":"product_cat","embeddable":true,"href":"https:\/\/olemosaic.orbitalia.org\/pt-pt\/wp-json\/wp\/v2\/product_cat?post=27018"},{"taxonomy":"product_tag","embeddable":true,"href":"https:\/\/olemosaic.orbitalia.org\/pt-pt\/wp-json\/wp\/v2\/product_tag?post=27018"}],"curies":[{"name":"wp","href":"https:\/\/api.w.org\/{rel}","templated":true}]}}