{"id":26995,"date":"2025-02-20T22:28:37","date_gmt":"2025-02-20T22:28:37","guid":{"rendered":"https:\/\/olemosaic.orbitalia.org\/producto\/cucharilla-de-metal-guitarra\/"},"modified":"2025-07-25T22:20:46","modified_gmt":"2025-07-25T20:20:46","slug":"colher-de-metal-guitarra","status":"publish","type":"product","link":"https:\/\/olemosaic.orbitalia.org\/pt-pt\/produto\/colher-de-metal-guitarra\/","title":{"rendered":"Colher de metal. Guitarra."},"content":{"rendered":"<p>Esta colher de metal, decorada com uma guitarra e flores, \u00e9 uma recorda\u00e7\u00e3o vibrante que capta a ess\u00eancia do folclore espanhol. A pe\u00e7a apresenta um design colorido na parte superior, onde uma guitarra estilizada, adornada com motivos de cer\u00e2mica, se situa rodeada de exuberantes elementos florais. Este detalhe evoca a energia e a alegria da m\u00fasica espanhola, um pilar fundamental da cultura do pa\u00eds. A guitarra, s\u00edmbolo indissoci\u00e1vel da tradi\u00e7\u00e3o musical ib\u00e9rica, est\u00e1 representada com um acabamento brilhante que reflete a luz, convertendo este objeto em algo mais do que um utens\u00edlio funcional: \u00e9 uma pequena obra de arte que embeleza qualquer cozinha.<\/p>\n<p>Ideal como recorda\u00e7\u00e3o, esta colher \u00e9 uma representa\u00e7\u00e3o perfeita da rica heran\u00e7a musical e cultural de Espanha, tornando-se um presente significativo para turistas que desejam levar um pedacinho do pa\u00eds. O seu uso pr\u00e1tico torna-a um acess\u00f3rio distintivo, ideal para rememorar as melodias das ruas espanholas enquanto se desfruta de um caf\u00e9 ou de uma sobremesa.<\/p>\n<p>Na Ol\u00e9 Mosaic, especializamo-nos na distribui\u00e7\u00e3o de recorda\u00e7\u00f5es por grosso, oferecendo produtos que combinam autenticidade e design, perfeitos para lojas de presentes tur\u00edsticos. Esta colher de metal com guitarra \u00e9 uma excelente op\u00e7\u00e3o para os grossistas que procuram incorporar um peda\u00e7o da cultura espanhola na sua oferta, garantindo a satisfa\u00e7\u00e3o tanto dos comerciantes como dos visitantes entusiastas.<\/p>\n","protected":false},"excerpt":{"rendered":"<p>Colher de metal decorada com uma guitarra e flores, inspirada no folclore espanhol. Esta pe\u00e7a apresenta um design vibrante e colorido na parte superior, onde uma guitarra estilizada se v\u00ea rodeada de elementos florais, evocando a ess\u00eancia da arte e da m\u00fasica de Espanha. Ideal como recorda\u00e7\u00e3o ou para adicionar um toque cultural a qualquer cozinha, \u00e9 uma representa\u00e7\u00e3o perfeita da heran\u00e7a musical espanhola.<\/p>\n","protected":false},"featured_media":8682,"template":"","meta":{"_acf_changed":false},"product_brand":[],"product_cat":[799],"product_tag":[],"class_list":{"0":"post-26995","1":"product","2":"type-product","3":"status-publish","4":"has-post-thumbnail","6":"product_cat-colheres","7":"pa_motivo-guitarras","9":"first","10":"instock","11":"shipping-taxable","12":"product-type-simple"},"acf":[],"_links":{"self":[{"href":"https:\/\/olemosaic.orbitalia.org\/pt-pt\/wp-json\/wp\/v2\/product\/26995","targetHints":{"allow":["GET"]}}],"collection":[{"href":"https:\/\/olemosaic.orbitalia.org\/pt-pt\/wp-json\/wp\/v2\/product"}],"about":[{"href":"https:\/\/olemosaic.orbitalia.org\/pt-pt\/wp-json\/wp\/v2\/types\/product"}],"wp:featuredmedia":[{"embeddable":true,"href":"https:\/\/olemosaic.orbitalia.org\/pt-pt\/wp-json\/wp\/v2\/media\/8682"}],"wp:attachment":[{"href":"https:\/\/olemosaic.orbitalia.org\/pt-pt\/wp-json\/wp\/v2\/media?parent=26995"}],"wp:term":[{"taxonomy":"product_brand","embeddable":true,"href":"https:\/\/olemosaic.orbitalia.org\/pt-pt\/wp-json\/wp\/v2\/product_brand?post=26995"},{"taxonomy":"product_cat","embeddable":true,"href":"https:\/\/olemosaic.orbitalia.org\/pt-pt\/wp-json\/wp\/v2\/product_cat?post=26995"},{"taxonomy":"product_tag","embeddable":true,"href":"https:\/\/olemosaic.orbitalia.org\/pt-pt\/wp-json\/wp\/v2\/product_tag?post=26995"}],"curies":[{"name":"wp","href":"https:\/\/api.w.org\/{rel}","templated":true}]}}