{"id":26983,"date":"2025-02-20T22:28:37","date_gmt":"2025-02-20T22:28:37","guid":{"rendered":"https:\/\/olemosaic.orbitalia.org\/producto\/cucharilla-de-metal-bailaora\/"},"modified":"2025-07-25T18:50:16","modified_gmt":"2025-07-25T16:50:16","slug":"colher-de-metal-bailaora","status":"publish","type":"product","link":"https:\/\/olemosaic.orbitalia.org\/pt-pt\/produto\/colher-de-metal-bailaora\/","title":{"rendered":"Colher de metal. Bailaora."},"content":{"rendered":"<p>Esta colher met\u00e1lica com um design encantador de uma bailaora de flamenco \u00e9 uma lembran\u00e7a que evoca a rica cultura espanhola. A parte superior da colher est\u00e1 adornada com uma figura vibrante de uma bailaora, trajada com um espetacular vestido de mosaico numa explos\u00e3o de cores: vermelho, azul, amarelo e verde. Esta representa\u00e7\u00e3o capta a ess\u00eancia festiva e apaixonada do folclore espanhol, especialmente da emblem\u00e1tica arte do flamenco, um verdadeiro s\u00edmbolo da Andaluzia.<\/p>\n<p>A bailaora, retratada numa pose din\u00e2mica e elegante, destaca os detalhes art\u00edsticos do seu vestido, que apresenta um design intrincado, reminiscente dos coloridos mosaicos que adornam muitas das tradi\u00e7\u00f5es art\u00edsticas de Espanha. Fabricada em metal, esta colher combina funcionalidade e arte, tornando-se n\u00e3o apenas uma ferramenta \u00fatil, mas tamb\u00e9m uma elegante pe\u00e7a de exibi\u00e7\u00e3o. Esta lembran\u00e7a \u00e9 ideal tanto para colecionadores como para quem procura um presente significativo que represente a autenticidade da cultura espanhola. Na Ol\u00e9 Mosaic, somos distribuidores de lembran\u00e7as elaboradas com um foco na qualidade e no design, e esta colher de bailaora de flamenco \u00e9 uma excelente op\u00e7\u00e3o para lojas de presentes tur\u00edsticos que desejem oferecer produtos \u00fanicos e representativos da tradi\u00e7\u00e3o espanhola.<\/p>\n","protected":false},"excerpt":{"rendered":"<p>Colher de metal com um design atraente que representa uma bailaora de flamenco. A parte superior est\u00e1 adornada com uma figura colorida de uma bailaora, vestida com um vestido de mosaico em tons vibrantes, como vermelho, azul, amarelo e verde, que capta a ess\u00eancia festiva do folclore espanhol. Ideal para colecionadores ou como presente, este artigo combina funcionalidade e arte numa pe\u00e7a decorativa extraordin\u00e1ria.<\/p>\n","protected":false},"featured_media":8685,"template":"","meta":{"_acf_changed":false},"product_brand":[],"product_cat":[799],"product_tag":[],"class_list":{"0":"post-26983","1":"product","2":"type-product","3":"status-publish","4":"has-post-thumbnail","6":"product_cat-colheres","7":"pa_motivo-dancarinos","9":"first","10":"instock","11":"shipping-taxable","12":"product-type-simple"},"acf":[],"_links":{"self":[{"href":"https:\/\/olemosaic.orbitalia.org\/pt-pt\/wp-json\/wp\/v2\/product\/26983","targetHints":{"allow":["GET"]}}],"collection":[{"href":"https:\/\/olemosaic.orbitalia.org\/pt-pt\/wp-json\/wp\/v2\/product"}],"about":[{"href":"https:\/\/olemosaic.orbitalia.org\/pt-pt\/wp-json\/wp\/v2\/types\/product"}],"wp:featuredmedia":[{"embeddable":true,"href":"https:\/\/olemosaic.orbitalia.org\/pt-pt\/wp-json\/wp\/v2\/media\/8685"}],"wp:attachment":[{"href":"https:\/\/olemosaic.orbitalia.org\/pt-pt\/wp-json\/wp\/v2\/media?parent=26983"}],"wp:term":[{"taxonomy":"product_brand","embeddable":true,"href":"https:\/\/olemosaic.orbitalia.org\/pt-pt\/wp-json\/wp\/v2\/product_brand?post=26983"},{"taxonomy":"product_cat","embeddable":true,"href":"https:\/\/olemosaic.orbitalia.org\/pt-pt\/wp-json\/wp\/v2\/product_cat?post=26983"},{"taxonomy":"product_tag","embeddable":true,"href":"https:\/\/olemosaic.orbitalia.org\/pt-pt\/wp-json\/wp\/v2\/product_tag?post=26983"}],"curies":[{"name":"wp","href":"https:\/\/api.w.org\/{rel}","templated":true}]}}