{"id":26963,"date":"2025-02-20T23:28:36","date_gmt":"2025-02-20T22:28:36","guid":{"rendered":"https:\/\/olemosaic.orbitalia.org\/producto\/botella-inox-350-ml-mariposa\/"},"modified":"2025-07-25T20:30:20","modified_gmt":"2025-07-25T18:30:20","slug":"garrafa-inox-350-ml-borboleta","status":"publish","type":"product","link":"https:\/\/olemosaic.orbitalia.org\/pt-pt\/produto\/garrafa-inox-350-ml-borboleta\/","title":{"rendered":"Garrafa inox. 350 ml. Borboleta."},"content":{"rendered":"<p>Esta garrafa de a\u00e7o inoxid\u00e1vel, decorada com borboletas vibrantes, \u00e9 o souvenir ideal para refletir a beleza colorida da arte musiva espanhola. Com uma capacidade de 350 ml, \u00e9 perfeita para manter as suas bebidas frias ou quentes, tornando-a um acess\u00f3rio pr\u00e1tico e estiloso para qualquer ocasi\u00e3o. O design apresenta uma s\u00e9rie de borboletas em diversas cores, desde laranjas intensos at\u00e9 azuis e roxos brilhantes, acompanhadas de pequenas flores que conferem um toque fresco e alegre. Este contraste crom\u00e1tico assenta sobre um fundo de mosaico branco que evoca a tradi\u00e7\u00e3o art\u00edstica da cer\u00e2mica espanhola, real\u00e7ando a sua relev\u00e2ncia cultural.<\/p>\n<p>O acabamento moderno e o material resistente fazem desta garrafa n\u00e3o s\u00f3 um objeto funcional, mas tamb\u00e9m uma recorda\u00e7\u00e3o cheia de autenticidade e eleg\u00e2ncia. \u00c9 uma excelente op\u00e7\u00e3o para turistas que procuram um souvenir que combine arte e utilidade. Na Ol\u00e9 Mosaic especializamo-nos na distribui\u00e7\u00e3o de artigos com significado cultural, e esta garrafa de a\u00e7o inoxid\u00e1vel com borboletas \u00e9 ideal para lojas de presentes tur\u00edsticos que queiram oferecer aut\u00eanticos souvenirs de Espanha, atraindo clientes que valorizam o design e a criatividade em cada pe\u00e7a. Como grossistas de artigos de presente, garantimos a qualidade e o apelo dos nossos produtos.<\/p>\n","protected":false},"excerpt":{"rendered":"<p>Garrafa de a\u00e7o inoxid\u00e1vel de 350 ml, decorada com borboletas vibrantes sobre um fundo branco com efeito mosaico. Este design atraente mostra borboletas de diversas cores, como laranja, azul e roxo, juntamente com pequenas flores que lhe d\u00e3o um toque fresco. Perfeita para manter as suas bebidas frias ou quentes, o seu acabamento moderno e o material resistente tornam-na uma recorda\u00e7\u00e3o pr\u00e1tica que evoca a beleza da arte do mosaico espanhol.<\/p>\n","protected":false},"featured_media":12794,"template":"","meta":{"_acf_changed":false},"product_brand":[],"product_cat":[786],"product_tag":[516],"class_list":{"0":"post-26963","1":"product","2":"type-product","3":"status-publish","4":"has-post-thumbnail","6":"product_cat-garrafas-inox","7":"product_tag-animais","8":"pa_motivo-borboletas","10":"first","11":"instock","12":"shipping-taxable","13":"product-type-simple"},"acf":[],"_links":{"self":[{"href":"https:\/\/olemosaic.orbitalia.org\/pt-pt\/wp-json\/wp\/v2\/product\/26963","targetHints":{"allow":["GET"]}}],"collection":[{"href":"https:\/\/olemosaic.orbitalia.org\/pt-pt\/wp-json\/wp\/v2\/product"}],"about":[{"href":"https:\/\/olemosaic.orbitalia.org\/pt-pt\/wp-json\/wp\/v2\/types\/product"}],"wp:featuredmedia":[{"embeddable":true,"href":"https:\/\/olemosaic.orbitalia.org\/pt-pt\/wp-json\/wp\/v2\/media\/12794"}],"wp:attachment":[{"href":"https:\/\/olemosaic.orbitalia.org\/pt-pt\/wp-json\/wp\/v2\/media?parent=26963"}],"wp:term":[{"taxonomy":"product_brand","embeddable":true,"href":"https:\/\/olemosaic.orbitalia.org\/pt-pt\/wp-json\/wp\/v2\/product_brand?post=26963"},{"taxonomy":"product_cat","embeddable":true,"href":"https:\/\/olemosaic.orbitalia.org\/pt-pt\/wp-json\/wp\/v2\/product_cat?post=26963"},{"taxonomy":"product_tag","embeddable":true,"href":"https:\/\/olemosaic.orbitalia.org\/pt-pt\/wp-json\/wp\/v2\/product_tag?post=26963"}],"curies":[{"name":"wp","href":"https:\/\/api.w.org\/{rel}","templated":true}]}}