{"id":26961,"date":"2025-02-20T23:28:36","date_gmt":"2025-02-20T22:28:36","guid":{"rendered":"https:\/\/olemosaic.orbitalia.org\/producto\/botella-inox-500-ml-panoramica-madrid\/"},"modified":"2025-07-25T18:42:24","modified_gmt":"2025-07-25T16:42:24","slug":"garrafa-inox-500-ml-panoramica-madrid","status":"publish","type":"product","link":"https:\/\/olemosaic.orbitalia.org\/pt-pt\/produto\/garrafa-inox-500-ml-panoramica-madrid\/","title":{"rendered":"Garrafa inox. 500 ml. Panor\u00e2mica. Madrid."},"content":{"rendered":"<p>Esta garrafa de a\u00e7o inoxid\u00e1vel de 500 ml est\u00e1 decorada com uma colorida panor\u00e2mica de Madrid, que capta a vibrante ess\u00eancia da capital espanhola. O design mostra a emblem\u00e1tica Puerta del Sol, um dos pontos mais ic\u00f3nicos da cidade, rodeada por um cativante mosaico que inclui elementos distintivos e pessoas trajadas com fatos t\u00edpicos da regi\u00e3o. A representa\u00e7\u00e3o art\u00edstica n\u00e3o s\u00f3 reflete a singular arquitetura madrilena, mas tamb\u00e9m o ambiente festivo e acolhedor que caracteriza a cidade, tornando esta garrafa uma aut\u00eantica recorda\u00e7\u00e3o de Madrid.<\/p>\n<p>Com um robusto fecho herm\u00e9tico de a\u00e7o, esta garrafa garante a m\u00e1xima funcionalidade e durabilidade, sendo ideal para quem procura estilo e praticidade nas suas bebidas di\u00e1rias. O seu design atraente torna-a um complemento perfeito tanto para o lar como para levar para a rua, seja para desfrutar de um dia no parque ou para ir para o trabalho.<\/p>\n<p>Na Ol\u00e9 Mosaic, especializamo-nos na distribui\u00e7\u00e3o de souvenirs por grosso, e esta garrafa de a\u00e7o inoxid\u00e1vel representa a qualidade e a arte que procuramos em cada produto. \u00c9 uma excelente op\u00e7\u00e3o para lojas de presentes tur\u00edsticos que desejem oferecer aos seus clientes uma recorda\u00e7\u00e3o aut\u00eantica e representativa da cultura madrilena.<\/p>\n","protected":false},"excerpt":{"rendered":"<p>Garrafa de a\u00e7o inoxid\u00e1vel de 500 ml, decorada com uma colorida panor\u00e2mica de Madrid. O design mostra a emblem\u00e1tica Puerta del Sol, captando a ess\u00eancia da cidade atrav\u00e9s de um mosaico vibrante com elementos distintivos e figuras trajadas com fatos t\u00edpicos. A parte superior incorpora um fecho herm\u00e9tico de a\u00e7o, garantindo a m\u00e1xima funcionalidade e durabilidade. \u00c9 uma pe\u00e7a ideal para quem procura estilo e praticidade nas suas bebidas di\u00e1rias.<\/p>\n","protected":false},"featured_media":9677,"template":"","meta":{"_acf_changed":false},"product_brand":[],"product_cat":[786],"product_tag":[],"class_list":{"0":"post-26961","1":"product","2":"type-product","3":"status-publish","4":"has-post-thumbnail","6":"product_cat-garrafas-inox","7":"pa_ciudad-madrid","8":"pa_motivo-panoramas","9":"pa_pais-espana","11":"first","12":"instock","13":"shipping-taxable","14":"product-type-simple"},"acf":[],"_links":{"self":[{"href":"https:\/\/olemosaic.orbitalia.org\/pt-pt\/wp-json\/wp\/v2\/product\/26961","targetHints":{"allow":["GET"]}}],"collection":[{"href":"https:\/\/olemosaic.orbitalia.org\/pt-pt\/wp-json\/wp\/v2\/product"}],"about":[{"href":"https:\/\/olemosaic.orbitalia.org\/pt-pt\/wp-json\/wp\/v2\/types\/product"}],"wp:featuredmedia":[{"embeddable":true,"href":"https:\/\/olemosaic.orbitalia.org\/pt-pt\/wp-json\/wp\/v2\/media\/9677"}],"wp:attachment":[{"href":"https:\/\/olemosaic.orbitalia.org\/pt-pt\/wp-json\/wp\/v2\/media?parent=26961"}],"wp:term":[{"taxonomy":"product_brand","embeddable":true,"href":"https:\/\/olemosaic.orbitalia.org\/pt-pt\/wp-json\/wp\/v2\/product_brand?post=26961"},{"taxonomy":"product_cat","embeddable":true,"href":"https:\/\/olemosaic.orbitalia.org\/pt-pt\/wp-json\/wp\/v2\/product_cat?post=26961"},{"taxonomy":"product_tag","embeddable":true,"href":"https:\/\/olemosaic.orbitalia.org\/pt-pt\/wp-json\/wp\/v2\/product_tag?post=26961"}],"curies":[{"name":"wp","href":"https:\/\/api.w.org\/{rel}","templated":true}]}}