{"id":26960,"date":"2025-02-20T23:28:36","date_gmt":"2025-02-20T22:28:36","guid":{"rendered":"https:\/\/olemosaic.orbitalia.org\/producto\/botella-inox-500-ml-panoramica-valencia\/"},"modified":"2025-07-25T18:36:16","modified_gmt":"2025-07-25T16:36:16","slug":"garrafa-inox-500-ml-panoramica-valencia","status":"publish","type":"product","link":"https:\/\/olemosaic.orbitalia.org\/pt-pt\/produto\/garrafa-inox-500-ml-panoramica-valencia\/","title":{"rendered":"Garrafa inox. 500 ml. Panor\u00e2mica. Val\u00eancia."},"content":{"rendered":"<p>Esta garrafa de a\u00e7o inoxid\u00e1vel de 500 ml \u00e9 uma recorda\u00e7\u00e3o vibrante que capta a ess\u00eancia de Val\u00eancia. Decorada com uma impressionante panor\u00e2mica que real\u00e7a a ic\u00f3nica arquitetura da cidade, esta pe\u00e7a apresenta um design colorido que destaca o famoso Mercado Central de Val\u00eancia, representado com elementos detalhados em mosaico que evocam o estilo modernista valenciano, conhecido pela sua beleza e singularidade. A garrafa conta com um acabamento brilhante que real\u00e7a as suas cores vivas, tornando-a um objeto tanto funcional como art\u00edstico.<\/p>\n<p>Al\u00e9m disso, est\u00e1 equipada com uma tampa de a\u00e7o que assegura um fecho herm\u00e9tico, mantendo as suas bebidas frias ou quentes durante mais tempo, e um pr\u00e1tico mosquet\u00e3o, o que a torna a companheira perfeita para as suas aventuras di\u00e1rias. O seu design n\u00e3o s\u00f3 \u00e9 atraente, como tamb\u00e9m reflete o patrim\u00f3nio cultural de Val\u00eancia, sendo uma excelente recorda\u00e7\u00e3o da rica tradi\u00e7\u00e3o art\u00edstica da regi\u00e3o.<\/p>\n<p>Como um aut\u00eantico souvenir de Val\u00eancia, esta garrafa de a\u00e7o inoxid\u00e1vel \u00e9 uma escolha ideal para turistas que procuram levar um peda\u00e7o da hist\u00f3ria e cultura local. Na Ol\u00e9 Mosaic, especializamo-nos na distribui\u00e7\u00e3o de souvenirs por grosso, oferecendo artigos que combinam tradi\u00e7\u00e3o e design contempor\u00e2neo, ideais para lojas de presentes tur\u00edsticos que desejam oferecer produtos aut\u00eanticos e representativos.<\/p>\n","protected":false},"excerpt":{"rendered":"<p>Garrafa de a\u00e7o inoxid\u00e1vel de 500 ml, decorada com uma vibrante panor\u00e2mica de Val\u00eancia. Este produto apresenta um design colorido que real\u00e7a a imponente arquitetura da cidade, representando o seu famoso Mercado Central com detalhes em mosaico que evocam o estilo modernista valenciano. A garrafa inclui uma tampa de a\u00e7o e um pr\u00e1tico mosquet\u00e3o, ideal para a levar consigo em qualquer aventura. O seu acabamento brilhante e as cores vivas tornam-na uma recorda\u00e7\u00e3o atraente.<\/p>\n","protected":false},"featured_media":9681,"template":"","meta":{"_acf_changed":false},"product_brand":[],"product_cat":[786],"product_tag":[],"class_list":{"0":"post-26960","1":"product","2":"type-product","3":"status-publish","4":"has-post-thumbnail","6":"product_cat-garrafas-inox","7":"pa_ciudad-valencia","8":"pa_motivo-panoramas","9":"pa_pais-espana","11":"first","12":"instock","13":"shipping-taxable","14":"product-type-simple"},"acf":[],"_links":{"self":[{"href":"https:\/\/olemosaic.orbitalia.org\/pt-pt\/wp-json\/wp\/v2\/product\/26960","targetHints":{"allow":["GET"]}}],"collection":[{"href":"https:\/\/olemosaic.orbitalia.org\/pt-pt\/wp-json\/wp\/v2\/product"}],"about":[{"href":"https:\/\/olemosaic.orbitalia.org\/pt-pt\/wp-json\/wp\/v2\/types\/product"}],"wp:featuredmedia":[{"embeddable":true,"href":"https:\/\/olemosaic.orbitalia.org\/pt-pt\/wp-json\/wp\/v2\/media\/9681"}],"wp:attachment":[{"href":"https:\/\/olemosaic.orbitalia.org\/pt-pt\/wp-json\/wp\/v2\/media?parent=26960"}],"wp:term":[{"taxonomy":"product_brand","embeddable":true,"href":"https:\/\/olemosaic.orbitalia.org\/pt-pt\/wp-json\/wp\/v2\/product_brand?post=26960"},{"taxonomy":"product_cat","embeddable":true,"href":"https:\/\/olemosaic.orbitalia.org\/pt-pt\/wp-json\/wp\/v2\/product_cat?post=26960"},{"taxonomy":"product_tag","embeddable":true,"href":"https:\/\/olemosaic.orbitalia.org\/pt-pt\/wp-json\/wp\/v2\/product_tag?post=26960"}],"curies":[{"name":"wp","href":"https:\/\/api.w.org\/{rel}","templated":true}]}}