{"id":26949,"date":"2025-02-20T23:28:35","date_gmt":"2025-02-20T22:28:35","guid":{"rendered":"https:\/\/olemosaic.orbitalia.org\/producto\/botella-inox-500-ml-flores\/"},"modified":"2025-07-25T18:50:02","modified_gmt":"2025-07-25T16:50:02","slug":"garrafa-inox-500-ml-flores","status":"publish","type":"product","link":"https:\/\/olemosaic.orbitalia.org\/pt-pt\/produto\/garrafa-inox-500-ml-flores\/","title":{"rendered":"Garrafa inox. 500 ml. Flores."},"content":{"rendered":"<p>Esta garrafa de a\u00e7o inoxid\u00e1vel de 500 ml \u00e9 uma magn\u00edfica recorda\u00e7\u00e3o que captura a ess\u00eancia da arte tradicional espanhola com um design vibrante de flores em estilo mosaico. Com uma paleta de cores brilhante que inclui azul, vermelho e amarelo, este recipiente n\u00e3o s\u00f3 \u00e9 funcional, como tamb\u00e9m um aut\u00eantico reflexo da rica heran\u00e7a cultural que adorna as ruas e pra\u00e7as de Espanha. As ilustra\u00e7\u00f5es de flores, dispostas de forma abstrata, evocam a sofistica\u00e7\u00e3o dos mosaicos t\u00edpicos da arquitetura ib\u00e9rica, o que torna esta garrafa um objeto realmente especial e atrativo.<\/p>\n<p>Com um pr\u00e1tico fecho na parte superior e um mosquet\u00e3o para a transportar com facilidade, esta garrafa \u00e9 ideal para viajantes e amantes do desporto que procuram manter-se hidratados sem renunciar ao estilo. Al\u00e9m disso, a sua capacidade para manter as bebidas frias ou quentes torna-a a companheira perfeita para qualquer atividade ao ar livre.<\/p>\n<p>Na Ol\u00e9 Mosaic, orgulhamo-nos de oferecer artigos aut\u00eanticos que capturam a tradi\u00e7\u00e3o e a arte de Espanha, o que torna esta garrafa um presente perfeito para turistas e um atrativo inigual\u00e1vel em lojas de souvenirs. Ao escolher os nossos produtos, os clientes n\u00e3o s\u00f3 adquirem um artigo funcional, mas tamb\u00e9m um peda\u00e7o do patrim\u00f3nio cultural espanhol que poder\u00e3o levar consigo para qualquer lugar.<\/p>\n","protected":false},"excerpt":{"rendered":"<p>Garrafa de a\u00e7o inoxid\u00e1vel de 500 ml decorada com um vibrante design floral estilo mosaico, inspirado na rica tradi\u00e7\u00e3o art\u00edstica espanhola. Este recipiente colorido apresenta uma combina\u00e7\u00e3o de cores azul, vermelho e amarelo, que representam elementos florais de forma abstrata. Com um pr\u00e1tico fecho na parte superior e um mosquet\u00e3o, \u00e9 perfeita para levar para qualquer lugar, mantendo as bebidas frias ou quentes. Ideal para quem aprecia a funcionalidade e a arte.<\/p>\n","protected":false},"featured_media":9675,"template":"","meta":{"_acf_changed":false},"product_brand":[],"product_cat":[786],"product_tag":[],"class_list":{"0":"post-26949","1":"product","2":"type-product","3":"status-publish","4":"has-post-thumbnail","6":"product_cat-garrafas-inox","7":"pa_motivo-flores","9":"first","10":"instock","11":"shipping-taxable","12":"product-type-simple"},"acf":[],"_links":{"self":[{"href":"https:\/\/olemosaic.orbitalia.org\/pt-pt\/wp-json\/wp\/v2\/product\/26949","targetHints":{"allow":["GET"]}}],"collection":[{"href":"https:\/\/olemosaic.orbitalia.org\/pt-pt\/wp-json\/wp\/v2\/product"}],"about":[{"href":"https:\/\/olemosaic.orbitalia.org\/pt-pt\/wp-json\/wp\/v2\/types\/product"}],"wp:featuredmedia":[{"embeddable":true,"href":"https:\/\/olemosaic.orbitalia.org\/pt-pt\/wp-json\/wp\/v2\/media\/9675"}],"wp:attachment":[{"href":"https:\/\/olemosaic.orbitalia.org\/pt-pt\/wp-json\/wp\/v2\/media?parent=26949"}],"wp:term":[{"taxonomy":"product_brand","embeddable":true,"href":"https:\/\/olemosaic.orbitalia.org\/pt-pt\/wp-json\/wp\/v2\/product_brand?post=26949"},{"taxonomy":"product_cat","embeddable":true,"href":"https:\/\/olemosaic.orbitalia.org\/pt-pt\/wp-json\/wp\/v2\/product_cat?post=26949"},{"taxonomy":"product_tag","embeddable":true,"href":"https:\/\/olemosaic.orbitalia.org\/pt-pt\/wp-json\/wp\/v2\/product_tag?post=26949"}],"curies":[{"name":"wp","href":"https:\/\/api.w.org\/{rel}","templated":true}]}}