{"id":26923,"date":"2025-02-20T23:28:34","date_gmt":"2025-02-20T22:28:34","guid":{"rendered":"https:\/\/olemosaic.orbitalia.org\/producto\/botella-inox-350-ml-panoramica-barcelona-3\/"},"modified":"2025-07-25T18:50:04","modified_gmt":"2025-07-25T16:50:04","slug":"garrafa-inox-350-ml-panoramica-sagrada-familia-gaudi-barcelona","status":"publish","type":"product","link":"https:\/\/olemosaic.orbitalia.org\/pt-pt\/produto\/garrafa-inox-350-ml-panoramica-sagrada-familia-gaudi-barcelona\/","title":{"rendered":"Garrafa inox. 350 ml. Panor\u00e2mica. Sagrada Fam\u00edlia. Gaud\u00ed. Barcelona."},"content":{"rendered":"<p>Esta garrafa de a\u00e7o inoxid\u00e1vel de 350 ml \u00e9 uma recorda\u00e7\u00e3o excecional que captura a vibrante ess\u00eancia de Barcelona atrav\u00e9s do seu design panor\u00e2mico. Cada garrafa apresenta um acabamento colorido inspirado no ic\u00f3nico estilo arquitet\u00f3nico de Antoni Gaud\u00ed, mostrando de forma art\u00edstica monumentos emblem\u00e1ticos como a grandiosa Sagrada Fam\u00edlia e o impressionante Parque G\u00fcell. A rica paleta de cores e os detalhes v\u00edvidos combinam-se para oferecer uma representa\u00e7\u00e3o visual cativante da cidade. De um lado, o nome &#8220;Barcelona&#8221; est\u00e1 impresso em letras estilizadas, adicionando um toque distintivo que real\u00e7a a sua origem.<\/p>\n<p>Esta lembran\u00e7a n\u00e3o \u00e9 apenas esteticamente atraente, mas tamb\u00e9m funcional; a sua constru\u00e7\u00e3o em a\u00e7o inoxid\u00e1vel assegura a durabilidade e \u00e9 perfeita para manter as suas bebidas frescas, o que a torna uma op\u00e7\u00e3o ideal para quem procura uma recorda\u00e7\u00e3o pr\u00e1tica e art\u00edstica. A liga\u00e7\u00e3o cultural com Barcelona encontra-se em cada mosaico que adorna a sua superf\u00edcie, simbolizando a heran\u00e7a art\u00edstica e arquitet\u00f3nica da cidade. Na Ol\u00e9 Mosaic, oferecemos esta garrafa como parte da nossa cole\u00e7\u00e3o de lembran\u00e7as de Barcelona, garantindo autenticidade e qualidade. \u00c9 uma excelente escolha para lojas de presentes tur\u00edsticos que desejam oferecer produtos que combitem estilo, utilidade e um pedacinho da cultura catal\u00e3.<\/p>\n","protected":false},"excerpt":{"rendered":"<p>Garrafa de a\u00e7o inoxid\u00e1vel de 350 ml com um design panor\u00e2mico que captura a ess\u00eancia de Barcelona. Com um acabamento colorido que apresenta mosaicos inspirados na arquitetura de Gaud\u00ed, a garrafa mostra monumentos emblem\u00e1ticos como a Sagrada Fam\u00edlia e o Park G\u00fcell. Decorada com detalhes vibrantes e o nome &#8220;Barcelona&#8221; impresso, \u00e9 ideal para quem procura uma lembran\u00e7a pr\u00e1tica e art\u00edstica, que combina estilo e funcionalidade em cada gole.<\/p>\n","protected":false},"featured_media":12787,"template":"","meta":{"_acf_changed":false},"product_brand":[],"product_cat":[786],"product_tag":[],"class_list":{"0":"post-26923","1":"product","2":"type-product","3":"status-publish","4":"has-post-thumbnail","6":"product_cat-garrafas-inox","7":"pa_ciudad-barcelona","8":"pa_motivo-panoramas","9":"pa_pais-espana","11":"first","12":"instock","13":"shipping-taxable","14":"product-type-simple"},"acf":[],"_links":{"self":[{"href":"https:\/\/olemosaic.orbitalia.org\/pt-pt\/wp-json\/wp\/v2\/product\/26923","targetHints":{"allow":["GET"]}}],"collection":[{"href":"https:\/\/olemosaic.orbitalia.org\/pt-pt\/wp-json\/wp\/v2\/product"}],"about":[{"href":"https:\/\/olemosaic.orbitalia.org\/pt-pt\/wp-json\/wp\/v2\/types\/product"}],"wp:featuredmedia":[{"embeddable":true,"href":"https:\/\/olemosaic.orbitalia.org\/pt-pt\/wp-json\/wp\/v2\/media\/12787"}],"wp:attachment":[{"href":"https:\/\/olemosaic.orbitalia.org\/pt-pt\/wp-json\/wp\/v2\/media?parent=26923"}],"wp:term":[{"taxonomy":"product_brand","embeddable":true,"href":"https:\/\/olemosaic.orbitalia.org\/pt-pt\/wp-json\/wp\/v2\/product_brand?post=26923"},{"taxonomy":"product_cat","embeddable":true,"href":"https:\/\/olemosaic.orbitalia.org\/pt-pt\/wp-json\/wp\/v2\/product_cat?post=26923"},{"taxonomy":"product_tag","embeddable":true,"href":"https:\/\/olemosaic.orbitalia.org\/pt-pt\/wp-json\/wp\/v2\/product_tag?post=26923"}],"curies":[{"name":"wp","href":"https:\/\/api.w.org\/{rel}","templated":true}]}}