{"id":26920,"date":"2025-02-20T23:28:34","date_gmt":"2025-02-20T22:28:34","guid":{"rendered":"https:\/\/olemosaic.orbitalia.org\/producto\/botella-inox-350-ml-panoramica-barcelona\/"},"modified":"2025-07-25T19:19:27","modified_gmt":"2025-07-25T17:19:27","slug":"garrafa-inox-350-ml-panoramica-barcelona","status":"publish","type":"product","link":"https:\/\/olemosaic.orbitalia.org\/pt-pt\/produto\/garrafa-inox-350-ml-panoramica-barcelona\/","title":{"rendered":"Garrafa inox. 350 ml. Panor\u00e2mica. Barcelona."},"content":{"rendered":"<p>Esta garrafa de a\u00e7o inoxid\u00e1vel de 350 ml \u00e9 uma aut\u00eantica homenagem \u00e0 vibrante cidade de Barcelona, tornando-se uma lembran\u00e7a imprescind\u00edvel para quem deseja levar um peda\u00e7o da cultura catal\u00e3 para qualquer lugar. O seu design apresenta uma colorida panor\u00e2mica que inclui elementos ic\u00f3nicos da cidade, como a majestosa Sagrada Fam\u00edlia, que se destaca com as suas torres estilizadas e detalhadas, reflexo da genialidade do arquiteto Antoni Gaud\u00ed. Os motivos de mosaico em tons azuis e quentes evocam o famoso estilo modernista catal\u00e3o, presente em v\u00e1rias das obras de Gaud\u00ed, criando uma liga\u00e7\u00e3o visual com os fascinantes mosaicos do Park G\u00fcell.<\/p>\n<p>A garrafa n\u00e3o \u00e9 apenas uma pe\u00e7a de arte, mas tamb\u00e9m um objeto pr\u00e1tico, ideal para manter as suas bebidas frias ou quentes durante horas gra\u00e7as \u00e0 sua tecnologia de isolamento. A tampa de a\u00e7o garante uma estanqueidade perfeita, o que a torna uma companheira fi\u00e1vel para o dia a dia, seja no escrit\u00f3rio, na praia ou durante um passeio pela cidade. Como lembran\u00e7a funcional e art\u00edstica, esta garrafa \u00e9 uma excelente op\u00e7\u00e3o para os amantes da cultura catal\u00e3 que procuram uma recorda\u00e7\u00e3o representativa da sua viagem. Na Ol\u00e9 Mosaic, orgulhamo-nos de oferecer esta garrafa como parte da nossa cole\u00e7\u00e3o de lembran\u00e7as artesanais, ideal para lojas de presentes tur\u00edsticos que pretendem destacar produtos aut\u00eanticos de Barcelona.<\/p>\n","protected":false},"excerpt":{"rendered":"<p>Garrafa de a\u00e7o inoxid\u00e1vel de 350 ml com uma colorida panor\u00e2mica de Barcelona. O seu design apresenta motivos ic\u00f3nicos da cidade, como a Sagrada Fam\u00edlia, e elementos de mosaico em tons azuis e quentes, que evocam o estilo de Gaud\u00ed. \u00c9 ideal para manter as suas bebidas frias ou quentes e conta com uma tampa de a\u00e7o que garante a sua estanqueidade. Uma lembran\u00e7a funcional e art\u00edstica, perfeita para os amantes da cultura catal\u00e3.<\/p>\n","protected":false},"featured_media":12791,"template":"","meta":{"_acf_changed":false},"product_brand":[],"product_cat":[786],"product_tag":[],"class_list":{"0":"post-26920","1":"product","2":"type-product","3":"status-publish","4":"has-post-thumbnail","6":"product_cat-garrafas-inox","7":"pa_ciudad-barcelona","8":"pa_motivo-panoramas","9":"pa_pais-espana","11":"first","12":"instock","13":"shipping-taxable","14":"product-type-simple"},"acf":[],"_links":{"self":[{"href":"https:\/\/olemosaic.orbitalia.org\/pt-pt\/wp-json\/wp\/v2\/product\/26920","targetHints":{"allow":["GET"]}}],"collection":[{"href":"https:\/\/olemosaic.orbitalia.org\/pt-pt\/wp-json\/wp\/v2\/product"}],"about":[{"href":"https:\/\/olemosaic.orbitalia.org\/pt-pt\/wp-json\/wp\/v2\/types\/product"}],"wp:featuredmedia":[{"embeddable":true,"href":"https:\/\/olemosaic.orbitalia.org\/pt-pt\/wp-json\/wp\/v2\/media\/12791"}],"wp:attachment":[{"href":"https:\/\/olemosaic.orbitalia.org\/pt-pt\/wp-json\/wp\/v2\/media?parent=26920"}],"wp:term":[{"taxonomy":"product_brand","embeddable":true,"href":"https:\/\/olemosaic.orbitalia.org\/pt-pt\/wp-json\/wp\/v2\/product_brand?post=26920"},{"taxonomy":"product_cat","embeddable":true,"href":"https:\/\/olemosaic.orbitalia.org\/pt-pt\/wp-json\/wp\/v2\/product_cat?post=26920"},{"taxonomy":"product_tag","embeddable":true,"href":"https:\/\/olemosaic.orbitalia.org\/pt-pt\/wp-json\/wp\/v2\/product_tag?post=26920"}],"curies":[{"name":"wp","href":"https:\/\/api.w.org\/{rel}","templated":true}]}}