{"id":26909,"date":"2025-02-20T23:28:34","date_gmt":"2025-02-20T22:28:34","guid":{"rendered":"https:\/\/olemosaic.orbitalia.org\/producto\/botella-inox-350-ml-salamandra\/"},"modified":"2025-07-25T18:50:06","modified_gmt":"2025-07-25T16:50:06","slug":"garrafa-inox-350-ml-salamandra","status":"publish","type":"product","link":"https:\/\/olemosaic.orbitalia.org\/pt-pt\/produto\/garrafa-inox-350-ml-salamandra\/","title":{"rendered":"Garrafa inox. 350 ml. Salamandra."},"content":{"rendered":"<p>Esta garrafa de a\u00e7o inoxid\u00e1vel de 350 ml \u00e9 um artigo \u00fanico que capta a ess\u00eancia vibrante da cultura espanhola, decorada com um espetacular design de salamandras e flores num mosaico colorido. A sua superf\u00edcie apresenta um elegante fundo branco que contrasta perfeitamente com os motivos geom\u00e9tricos inspirados nos famosos azulejos do reconhecido arquiteto Antoni Gaud\u00ed. As salamandras, em tons verdes, vermelhos e azuis, entrela\u00e7am-se com flores delicadas que conferem um toque festivo e art\u00edstico, refletindo a rica heran\u00e7a cultural de Espanha.<\/p>\n<p>Este artigo n\u00e3o \u00e9 apenas funcional, pois mant\u00e9m as suas bebidas frias ou quentes, mas tamb\u00e9m serve como uma recorda\u00e7\u00e3o atraente que evoca a beleza da arte e do folclore espanhol. Este design, inspirado nos coloridos mosaicos que adornam muitas cidades espanholas, torna esta garrafa um excelente presente para quem procura lembran\u00e7as aut\u00eanticas e representativas da sua viagem.<\/p>\n<p>Na Ol\u00e9 Mosaic, o nosso compromisso \u00e9 oferecer produtos de qualidade que celebrem a autenticidade e a tradi\u00e7\u00e3o cultural. Perfeita para lojas de presentes tur\u00edsticos, esta garrafa de a\u00e7o inoxid\u00e1vel \u00e9 ideal para aqueles que desejam levar consigo uma parte da cultura espanhola, tornando-a uma op\u00e7\u00e3o de destaque para qualquer viajante. Como grossistas de artigos de lembran\u00e7as, garantimos que cada pe\u00e7a conte com o design e o artesanato que os nossos clientes merecem.<\/p>\n","protected":false},"excerpt":{"rendered":"<p>Garrafa de a\u00e7o inoxid\u00e1vel de 350 ml, decorada com um vibrante design de salamandras e flores em estilo de mosaico colorido. Este artigo \u00e9 ideal para manter as suas bebidas frias ou quentes, e a sua superf\u00edcie, com fundo branco e detalhes de azulejos, evoca o estilo art\u00edstico de Gaud\u00ed. Os motivos de salamandras verdes, vermelhas e azuis, juntamente com as flores, conferem-lhe um toque colorido e distintivo, tornando-a uma recorda\u00e7\u00e3o atraente de Espanha.<\/p>\n","protected":false},"featured_media":12783,"template":"","meta":{"_acf_changed":false},"product_brand":[],"product_cat":[786],"product_tag":[516],"class_list":{"0":"post-26909","1":"product","2":"type-product","3":"status-publish","4":"has-post-thumbnail","6":"product_cat-garrafas-inox","7":"product_tag-animais","8":"pa_motivo-salamandras","10":"first","11":"instock","12":"shipping-taxable","13":"product-type-simple"},"acf":[],"_links":{"self":[{"href":"https:\/\/olemosaic.orbitalia.org\/pt-pt\/wp-json\/wp\/v2\/product\/26909","targetHints":{"allow":["GET"]}}],"collection":[{"href":"https:\/\/olemosaic.orbitalia.org\/pt-pt\/wp-json\/wp\/v2\/product"}],"about":[{"href":"https:\/\/olemosaic.orbitalia.org\/pt-pt\/wp-json\/wp\/v2\/types\/product"}],"wp:featuredmedia":[{"embeddable":true,"href":"https:\/\/olemosaic.orbitalia.org\/pt-pt\/wp-json\/wp\/v2\/media\/12783"}],"wp:attachment":[{"href":"https:\/\/olemosaic.orbitalia.org\/pt-pt\/wp-json\/wp\/v2\/media?parent=26909"}],"wp:term":[{"taxonomy":"product_brand","embeddable":true,"href":"https:\/\/olemosaic.orbitalia.org\/pt-pt\/wp-json\/wp\/v2\/product_brand?post=26909"},{"taxonomy":"product_cat","embeddable":true,"href":"https:\/\/olemosaic.orbitalia.org\/pt-pt\/wp-json\/wp\/v2\/product_cat?post=26909"},{"taxonomy":"product_tag","embeddable":true,"href":"https:\/\/olemosaic.orbitalia.org\/pt-pt\/wp-json\/wp\/v2\/product_tag?post=26909"}],"curies":[{"name":"wp","href":"https:\/\/api.w.org\/{rel}","templated":true}]}}