{"id":26905,"date":"2025-02-20T22:28:33","date_gmt":"2025-02-20T22:28:33","guid":{"rendered":"https:\/\/olemosaic.orbitalia.org\/producto\/bola-de-navidad-con-caja-gallo\/"},"modified":"2025-07-25T19:03:58","modified_gmt":"2025-07-25T17:03:58","slug":"bola-de-natal-com-caixa-galo","status":"publish","type":"product","link":"https:\/\/olemosaic.orbitalia.org\/pt-pt\/produto\/bola-de-natal-com-caixa-galo\/","title":{"rendered":"Bola de Natal com caixa. Galo."},"content":{"rendered":"<p>Esta bola de Natal decorativa, inspirada no ic\u00f3nico Galo de Barcelos, \u00e9 um aut\u00eantico s\u00edmbolo cultural de Portugal que capta a ess\u00eancia da tradi\u00e7\u00e3o portuguesa. Elaborada em cer\u00e2mica, esta pe\u00e7a \u00fanica apresenta um design vibrante e colorido que destaca o famoso galo pousado sobre um fundo de mosaico, evocativo da rica cer\u00e2mica do pa\u00eds. O galo, reconhecido universalmente como emblema de boa sorte, est\u00e1 rodeado de elegantes rosas vermelhas que acrescentam um toque de sofistica\u00e7\u00e3o e frescura \u00e0 composi\u00e7\u00e3o.<\/p>\n<p>O fundo fragmentado da bola, que recorda as t\u00e9cnicas de mosaico tradicionais, especialmente populares na regi\u00e3o, real\u00e7a a mestria artesanal empregada na sua cria\u00e7\u00e3o. Esta bola de Natal n\u00e3o \u00e9 apenas um adorno festivo, mas tamb\u00e9m uma recorda\u00e7\u00e3o dos costumes e do folclore de Portugal, ideal como lembran\u00e7a para aqueles que procuram um peda\u00e7o aut\u00eantico da cultura lusitana.<\/p>\n<p>Apresentada numa elegante caixa, esta bola \u00e9 perfeita tanto para oferecer no Natal como para conservar como uma bela recorda\u00e7\u00e3o. Na Ol\u00e9 Mosaic, especializamo-nos na distribui\u00e7\u00e3o de lembran\u00e7as por grosso, e esta bola de Natal do Galo de Barcelos \u00e9 uma maravilhosa op\u00e7\u00e3o para as lojas de presentes tur\u00edsticos que desejem oferecer artigos representativos da riqueza cultural de Portugal. O seu design cativante torna-a um excelente presente ou recorda\u00e7\u00e3o natal\u00edcia para turistas e amantes da arte.<\/p>\n","protected":false},"excerpt":{"rendered":"<p>Bola de Natal decorativa, inspirada no ic\u00f3nico Galo de Barcelos, s\u00edmbolo de Portugal. Esta pe\u00e7a, elaborada em cer\u00e2mica, apresenta um vibrante design com v\u00e1rias cores que real\u00e7am a figura do galo sobre um fundo de mosaico. Umas elegantes rosas vermelhas completam a cena, emoldurada num fundo fragmentado que evoca a cer\u00e2mica tradicional. Inclui uma caixa, ideal para oferecer ou conservar como uma bonita recorda\u00e7\u00e3o de Natal.<\/p>\n","protected":false},"featured_media":9839,"template":"","meta":{"_acf_changed":false},"product_brand":[],"product_cat":[652],"product_tag":[516,642],"class_list":{"0":"post-26905","1":"product","2":"type-product","3":"status-publish","4":"has-post-thumbnail","6":"product_cat-bolas-de-natal","7":"product_tag-animais","8":"product_tag-natal","9":"pa_motivo-galos","11":"first","12":"instock","13":"shipping-taxable","14":"product-type-simple"},"acf":[],"_links":{"self":[{"href":"https:\/\/olemosaic.orbitalia.org\/pt-pt\/wp-json\/wp\/v2\/product\/26905","targetHints":{"allow":["GET"]}}],"collection":[{"href":"https:\/\/olemosaic.orbitalia.org\/pt-pt\/wp-json\/wp\/v2\/product"}],"about":[{"href":"https:\/\/olemosaic.orbitalia.org\/pt-pt\/wp-json\/wp\/v2\/types\/product"}],"wp:featuredmedia":[{"embeddable":true,"href":"https:\/\/olemosaic.orbitalia.org\/pt-pt\/wp-json\/wp\/v2\/media\/9839"}],"wp:attachment":[{"href":"https:\/\/olemosaic.orbitalia.org\/pt-pt\/wp-json\/wp\/v2\/media?parent=26905"}],"wp:term":[{"taxonomy":"product_brand","embeddable":true,"href":"https:\/\/olemosaic.orbitalia.org\/pt-pt\/wp-json\/wp\/v2\/product_brand?post=26905"},{"taxonomy":"product_cat","embeddable":true,"href":"https:\/\/olemosaic.orbitalia.org\/pt-pt\/wp-json\/wp\/v2\/product_cat?post=26905"},{"taxonomy":"product_tag","embeddable":true,"href":"https:\/\/olemosaic.orbitalia.org\/pt-pt\/wp-json\/wp\/v2\/product_tag?post=26905"}],"curies":[{"name":"wp","href":"https:\/\/api.w.org\/{rel}","templated":true}]}}