{"id":26899,"date":"2025-02-20T23:28:33","date_gmt":"2025-02-20T22:28:33","guid":{"rendered":"https:\/\/olemosaic.orbitalia.org\/producto\/bola-de-navidad-casa-batllo-barcelona\/"},"modified":"2025-07-25T19:03:37","modified_gmt":"2025-07-25T17:03:37","slug":"bola-de-natal-casa-batllo-barcelona","status":"publish","type":"product","link":"https:\/\/olemosaic.orbitalia.org\/pt-pt\/produto\/bola-de-natal-casa-batllo-barcelona\/","title":{"rendered":"Bola de Natal. Casa Batll\u00f3. Barcelona."},"content":{"rendered":"<p>Esta bola de Natal decorativa, inspirada na Casa Batll\u00f3 de Barcelona, \u00e9 uma aut\u00eantica homenagem ao genial arquiteto Antoni Gaud\u00ed e \u00e0 sua vis\u00e3o do modernismo catal\u00e3o. Elaborada em vidro com um acabamento brilhante, esta bela esfera capta a aten\u00e7\u00e3o com as suas ilustra\u00e7\u00f5es com efeito pintado \u00e0 m\u00e3o, que representam elementos ic\u00f3nicos de Barcelona, como a Sagrada Fam\u00edlia e a pr\u00f3pria Casa Batll\u00f3. Cada detalhe sobressai com brilhos dourados e detalhes em vermelho, que lhe conferem um toque festivo e elegante.<\/p>\n<p>A bola apresenta a magn\u00edfica arquitetura da Casa Batll\u00f3, famosa pelas suas formas onduladas e cores vibrantes, rodeada de estrelas douradas que evocam a magia do Natal. Este adorno n\u00e3o \u00e9 apenas uma pe\u00e7a festiva, mas tamb\u00e9m uma recorda\u00e7\u00e3o cultural que enriquece qualquer \u00e1rvore de Natal, tornando-se um tema de conversa que celebra a rica heran\u00e7a art\u00edstica da cidade.<\/p>\n<p>Na Ol\u00e9 Mosaic, especializamo-nos na distribui\u00e7\u00e3o de recorda\u00e7\u00f5es por grosso, oferecendo produtos que refletem a autenticidade e o esp\u00edrito das suas cidades de origem. Esta bola de Natal \u00e9 uma excelente op\u00e7\u00e3o para lojas de presentes tur\u00edsticos que procuram adornos de qualidade e com significado cultural. Como grossistas de recorda\u00e7\u00f5es, garantimos que cada esfera n\u00e3o s\u00f3 embelezar\u00e1 o lar, como tamb\u00e9m ligar\u00e1 os turistas \u00e0 ess\u00eancia est\u00e9tica de Barcelona.<\/p>\n","protected":false},"excerpt":{"rendered":"<p>Bola de Natal decorativa inspirada na Casa Batll\u00f3 de Barcelona, elaborada em vidro com acabamento brilhante. Esta preciosa esfera apresenta ilustra\u00e7\u00f5es com efeito pintado \u00e0 m\u00e3o da famosa arquitetura de Gaud\u00ed, acompanhadas de brilhos dourados e detalhes em vermelho. Com representa\u00e7\u00f5es da Sagrada Fam\u00edlia, da Casa Batll\u00f3 e de outros elementos ic\u00f3nicos, \u00e9 um adorno festivo que capta a ess\u00eancia do modernismo catal\u00e3o, ideal para dar um toque art\u00edstico \u00e0 sua \u00e1rvore de Natal.<\/p>\n","protected":false},"featured_media":6842,"template":"","meta":{"_acf_changed":false},"product_brand":[],"product_cat":[652],"product_tag":[642],"class_list":{"0":"post-26899","1":"product","2":"type-product","3":"status-publish","4":"has-post-thumbnail","6":"product_cat-bolas-de-natal","7":"product_tag-natal","8":"pa_ciudad-barcelona","9":"pa_motivo-casa-batllo","10":"pa_pais-espana","12":"first","13":"instock","14":"shipping-taxable","15":"product-type-simple"},"acf":[],"_links":{"self":[{"href":"https:\/\/olemosaic.orbitalia.org\/pt-pt\/wp-json\/wp\/v2\/product\/26899","targetHints":{"allow":["GET"]}}],"collection":[{"href":"https:\/\/olemosaic.orbitalia.org\/pt-pt\/wp-json\/wp\/v2\/product"}],"about":[{"href":"https:\/\/olemosaic.orbitalia.org\/pt-pt\/wp-json\/wp\/v2\/types\/product"}],"wp:featuredmedia":[{"embeddable":true,"href":"https:\/\/olemosaic.orbitalia.org\/pt-pt\/wp-json\/wp\/v2\/media\/6842"}],"wp:attachment":[{"href":"https:\/\/olemosaic.orbitalia.org\/pt-pt\/wp-json\/wp\/v2\/media?parent=26899"}],"wp:term":[{"taxonomy":"product_brand","embeddable":true,"href":"https:\/\/olemosaic.orbitalia.org\/pt-pt\/wp-json\/wp\/v2\/product_brand?post=26899"},{"taxonomy":"product_cat","embeddable":true,"href":"https:\/\/olemosaic.orbitalia.org\/pt-pt\/wp-json\/wp\/v2\/product_cat?post=26899"},{"taxonomy":"product_tag","embeddable":true,"href":"https:\/\/olemosaic.orbitalia.org\/pt-pt\/wp-json\/wp\/v2\/product_tag?post=26899"}],"curies":[{"name":"wp","href":"https:\/\/api.w.org\/{rel}","templated":true}]}}