{"id":26897,"date":"2025-02-20T22:28:33","date_gmt":"2025-02-20T22:28:33","guid":{"rendered":"https:\/\/olemosaic.orbitalia.org\/producto\/bola-de-navidad-con-caja-buhos\/"},"modified":"2025-07-25T18:49:10","modified_gmt":"2025-07-25T16:49:10","slug":"bola-de-natal-com-caixa-corujas","status":"publish","type":"product","link":"https:\/\/olemosaic.orbitalia.org\/pt-pt\/produto\/bola-de-natal-com-caixa-corujas\/","title":{"rendered":"Bola de Natal com caixa. Corujas."},"content":{"rendered":"<p>Esta bola de Natal decorativa \u00e9 uma recorda\u00e7\u00e3o encantadora que capta a ess\u00eancia das festas com um toque aut\u00eantico da cultura espanhola. Apresentada numa elegante caixa, destaca-se pelo seu design inspirado na cer\u00e2mica de estilo mosaico, tipicamente associado \u00e0 rica tradi\u00e7\u00e3o artesanal de Espanha. No centro, uma coruja colorida destaca-se em tons amarelos, azuis, vermelhos e verdes, simbolizando a alegria e a sabedoria, elementos cruciais na celebra\u00e7\u00e3o natal\u00edcia.<\/p>\n<p>O fundo da bola apresenta um elegante mosaico em tons branco e cinzento que cria um contraste atraente, aperfei\u00e7oando o design com um ar sofisticado. Este detalhe n\u00e3o s\u00f3 real\u00e7a a est\u00e9tica do produto, como tamb\u00e9m o vincula \u00e0s majestosas obras de arte que adornam muitas cidades espanholas. A bola inclui uma fita roxa que facilita a sua coloca\u00e7\u00e3o na \u00e1rvore de Natal, tornando-a um adorno perfeito para qualquer celebra\u00e7\u00e3o.<\/p>\n<p>Como recorda\u00e7\u00e3o de Espanha, esta bola de Natal n\u00e3o \u00e9 apenas um elemento decorativo, mas uma representa\u00e7\u00e3o da cultura e das tradi\u00e7\u00f5es locais. Na Ol\u00e9 Mosaic, somos distribuidores de artigos aut\u00eanticos e de qualidade, e esta bola \u00e9 uma op\u00e7\u00e3o ideal para lojas de presentes tur\u00edsticos que procuram produtos que reflitam a riqueza do patrim\u00f3nio espanhol. Traga magia ao Natal com esta requintada recorda\u00e7\u00e3o, perfeita para aqueles que desejam levar um pedacinho de Espanha para as suas casas.<\/p>\n","protected":false},"excerpt":{"rendered":"<p>Bola de Natal decorativa apresentada numa elegante caixa, inspirada na cer\u00e2mica de estilo mosaico t\u00edpica de Espanha. Esta bola mostra uma coruja colorida com detalhes art\u00edsticos em tons amarelos, azuis, vermelhos e verdes, que simboliza a alegria das festas. O fundo da bola imita um mosaico em tons brancos e cinzentos, oferecendo um contraste atraente. Inclui uma fita roxa para pendurar, perfeita para acrescentar um toque festivo a qualquer \u00e1rvore de Natal.<\/p>\n","protected":false},"featured_media":9744,"template":"","meta":{"_acf_changed":false},"product_brand":[],"product_cat":[652],"product_tag":[516,642],"class_list":{"0":"post-26897","1":"product","2":"type-product","3":"status-publish","4":"has-post-thumbnail","6":"product_cat-bolas-de-natal","7":"product_tag-animais","8":"product_tag-natal","9":"pa_motivo-corujas","11":"first","12":"instock","13":"shipping-taxable","14":"product-type-simple"},"acf":[],"_links":{"self":[{"href":"https:\/\/olemosaic.orbitalia.org\/pt-pt\/wp-json\/wp\/v2\/product\/26897","targetHints":{"allow":["GET"]}}],"collection":[{"href":"https:\/\/olemosaic.orbitalia.org\/pt-pt\/wp-json\/wp\/v2\/product"}],"about":[{"href":"https:\/\/olemosaic.orbitalia.org\/pt-pt\/wp-json\/wp\/v2\/types\/product"}],"wp:featuredmedia":[{"embeddable":true,"href":"https:\/\/olemosaic.orbitalia.org\/pt-pt\/wp-json\/wp\/v2\/media\/9744"}],"wp:attachment":[{"href":"https:\/\/olemosaic.orbitalia.org\/pt-pt\/wp-json\/wp\/v2\/media?parent=26897"}],"wp:term":[{"taxonomy":"product_brand","embeddable":true,"href":"https:\/\/olemosaic.orbitalia.org\/pt-pt\/wp-json\/wp\/v2\/product_brand?post=26897"},{"taxonomy":"product_cat","embeddable":true,"href":"https:\/\/olemosaic.orbitalia.org\/pt-pt\/wp-json\/wp\/v2\/product_cat?post=26897"},{"taxonomy":"product_tag","embeddable":true,"href":"https:\/\/olemosaic.orbitalia.org\/pt-pt\/wp-json\/wp\/v2\/product_tag?post=26897"}],"curies":[{"name":"wp","href":"https:\/\/api.w.org\/{rel}","templated":true}]}}