{"id":26896,"date":"2025-02-20T23:28:33","date_gmt":"2025-02-20T22:28:33","guid":{"rendered":"https:\/\/olemosaic.orbitalia.org\/producto\/bola-de-navidad-con-caja-motivos-marinos\/"},"modified":"2025-07-25T19:30:04","modified_gmt":"2025-07-25T17:30:04","slug":"bola-de-natal-com-caixa-motivos-marinhos","status":"publish","type":"product","link":"https:\/\/olemosaic.orbitalia.org\/pt-pt\/produto\/bola-de-natal-com-caixa-motivos-marinhos\/","title":{"rendered":"Bola de Natal com caixa. Motivos marinhos."},"content":{"rendered":"<p>Esta bola de Natal decorativa \u00e9 uma recorda\u00e7\u00e3o maravilhosa que transformar\u00e1 qualquer \u00e1rvore festiva numa celebra\u00e7\u00e3o da beleza marinha. Apresentada numa elegante caixa, a pe\u00e7a destaca-se pelo seu design vibrante que evoca a vida debaixo do mar. Elaborada com um material resistente, a bola exibe uma rica paleta de cores azuis, verdes e laranjas, na qual se destacam motivos marinhos como tartarugas e cavalos-marinhos, meticulosamente pintados \u00e0 m\u00e3o. Cada detalhe real\u00e7a a maravilhosa fauna marinha, capturando a ess\u00eancia de um ecossistema oce\u00e2nico.<\/p>\n<p>A colorida ilustra\u00e7\u00e3o n\u00e3o s\u00f3 embeleza o adorno, como tamb\u00e9m acarreta uma liga\u00e7\u00e3o cultural significativa, recordando a biodiversidade que se encontra nas costas de Espanha e Portugal. Esta recorda\u00e7\u00e3o n\u00e3o \u00e9 apenas um presente original e festivo, mas tamb\u00e9m uma forma de preservar e celebrar a heran\u00e7a marinha da regi\u00e3o.<\/p>\n<p>Perfeita para quem procura um toque art\u00edstico na sua decora\u00e7\u00e3o natal\u00edcia, esta bola de Natal \u00e9 uma excelente op\u00e7\u00e3o para lojas de presentes tur\u00edsticos. Na Ol\u00e9 Mosaic, como grossistas de produtos decorativos por grosso, oferecemos recorda\u00e7\u00f5es aut\u00eanticas que capturam a ess\u00eancia cultural de Espanha e Portugal, assegurando qualidade e relev\u00e2ncia em cada pe\u00e7a.<\/p>\n","protected":false},"excerpt":{"rendered":"<p>Bola de Natal decorativa apresentada numa elegante caixa, perfeita para adornar a \u00e1rvore durante as festas. Esta bola, elaborada com material resistente, mostra vibrantes motivos marinhos, como tartarugas e cavalos-marinhos, numa paleta de cores azuis, verdes e laranjas que evocam o ambiente oce\u00e2nico. Os detalhes coloridos s\u00e3o pintados \u00e0 m\u00e3o, destacando a rica fauna marinha, o que torna esta bola um presente original e festivo que acrescenta um toque art\u00edstico \u00e0 decora\u00e7\u00e3o natal\u00edcia.<\/p>\n","protected":false},"featured_media":9834,"template":"","meta":{"_acf_changed":false},"product_brand":[],"product_cat":[652],"product_tag":[516,642],"class_list":{"0":"post-26896","1":"product","2":"type-product","3":"status-publish","4":"has-post-thumbnail","6":"product_cat-bolas-de-natal","7":"product_tag-animais","8":"product_tag-natal","9":"pa_motivo-animais-marinhos","11":"first","12":"instock","13":"shipping-taxable","14":"product-type-simple"},"acf":[],"_links":{"self":[{"href":"https:\/\/olemosaic.orbitalia.org\/pt-pt\/wp-json\/wp\/v2\/product\/26896","targetHints":{"allow":["GET"]}}],"collection":[{"href":"https:\/\/olemosaic.orbitalia.org\/pt-pt\/wp-json\/wp\/v2\/product"}],"about":[{"href":"https:\/\/olemosaic.orbitalia.org\/pt-pt\/wp-json\/wp\/v2\/types\/product"}],"wp:featuredmedia":[{"embeddable":true,"href":"https:\/\/olemosaic.orbitalia.org\/pt-pt\/wp-json\/wp\/v2\/media\/9834"}],"wp:attachment":[{"href":"https:\/\/olemosaic.orbitalia.org\/pt-pt\/wp-json\/wp\/v2\/media?parent=26896"}],"wp:term":[{"taxonomy":"product_brand","embeddable":true,"href":"https:\/\/olemosaic.orbitalia.org\/pt-pt\/wp-json\/wp\/v2\/product_brand?post=26896"},{"taxonomy":"product_cat","embeddable":true,"href":"https:\/\/olemosaic.orbitalia.org\/pt-pt\/wp-json\/wp\/v2\/product_cat?post=26896"},{"taxonomy":"product_tag","embeddable":true,"href":"https:\/\/olemosaic.orbitalia.org\/pt-pt\/wp-json\/wp\/v2\/product_tag?post=26896"}],"curies":[{"name":"wp","href":"https:\/\/api.w.org\/{rel}","templated":true}]}}