{"id":26895,"date":"2025-02-20T23:28:33","date_gmt":"2025-02-20T22:28:33","guid":{"rendered":"https:\/\/olemosaic.orbitalia.org\/producto\/bola-de-navidad-con-caja-delfin-2\/"},"modified":"2025-07-25T19:35:42","modified_gmt":"2025-07-25T17:35:42","slug":"bola-de-natal-com-caixa-golfinho-mosaico","status":"publish","type":"product","link":"https:\/\/olemosaic.orbitalia.org\/pt-pt\/produto\/bola-de-natal-com-caixa-golfinho-mosaico\/","title":{"rendered":"Bola de Natal com caixa. Golfinho. Mosaico."},"content":{"rendered":"<p>Esta bola de Natal decorativa \u00e9 uma recorda\u00e7\u00e3o excecional elaborada em cer\u00e2mica, apresentada numa elegante caixa que a torna o presente ideal para estas festas. O design contempor\u00e2neo da bola destaca-se pelos seus golfinhos coloridos, que parecem ganhar vida sobre um vibrante fundo de mosaico. Os golfinhos, representados em movimento, evocam a frescura do mar e a alegria do Natal, acrescentando um toque de natureza e liberdade \u00e0 sua \u00e1rvore.<\/p>\n<p>Com um la\u00e7o decorativo em tons roxos que contrasta maravilhosamente com as cores da bola, este adorno \u00e9 perfeito para quem procura uma recorda\u00e7\u00e3o aut\u00eantica que reflita a cultura mediterr\u00e2nea. A bola inclui textos festivos em v\u00e1rios idiomas, o que lhe confere um car\u00e1ter internacional, destacando o seu apelo tanto para turistas como para locais.<\/p>\n<p>Como parte da tradi\u00e7\u00e3o dos adornos natal\u00edcios em Espanha, esta bola \u00e9 um s\u00edmbolo de celebra\u00e7\u00e3o, que presta homenagem \u00e0 beleza da sua fauna marinha. Na Ol\u00e9 Mosaic, especializamo-nos na distribui\u00e7\u00e3o de recorda\u00e7\u00f5es por grosso, e este encantador adorno \u00e9 uma excelente op\u00e7\u00e3o para lojas de presentes tur\u00edsticos que desejem oferecer produtos de qualidade e relev\u00e2ncia cultural. Com o seu design \u00fanico e a sua liga\u00e7\u00e3o ao mar, \u00e9 a recorda\u00e7\u00e3o perfeita de umas festas inesquec\u00edveis.<\/p>\n","protected":false},"excerpt":{"rendered":"<p>Bola de Natal decorativa apresentada numa elegante caixa, ilustrada com golfinhos coloridos. Este adorno, de cer\u00e2mica, apresenta um design contempor\u00e2neo que combina tons vibrantes com um fundo de mosaico. Os golfinhos, representados em movimento, evocam o mar e a alegria das festas. A bola inclui um la\u00e7o decorativo em tons roxos e textos festivos em v\u00e1rios idiomas, conferindo um toque internacional perfeito para a sua \u00e1rvore de Natal.<\/p>\n","protected":false},"featured_media":9742,"template":"","meta":{"_acf_changed":false},"product_brand":[],"product_cat":[652],"product_tag":[516,642],"class_list":{"0":"post-26895","1":"product","2":"type-product","3":"status-publish","4":"has-post-thumbnail","6":"product_cat-bolas-de-natal","7":"product_tag-animais","8":"product_tag-natal","9":"pa_motivo-golfinhos","11":"first","12":"instock","13":"shipping-taxable","14":"product-type-simple"},"acf":[],"_links":{"self":[{"href":"https:\/\/olemosaic.orbitalia.org\/pt-pt\/wp-json\/wp\/v2\/product\/26895","targetHints":{"allow":["GET"]}}],"collection":[{"href":"https:\/\/olemosaic.orbitalia.org\/pt-pt\/wp-json\/wp\/v2\/product"}],"about":[{"href":"https:\/\/olemosaic.orbitalia.org\/pt-pt\/wp-json\/wp\/v2\/types\/product"}],"wp:featuredmedia":[{"embeddable":true,"href":"https:\/\/olemosaic.orbitalia.org\/pt-pt\/wp-json\/wp\/v2\/media\/9742"}],"wp:attachment":[{"href":"https:\/\/olemosaic.orbitalia.org\/pt-pt\/wp-json\/wp\/v2\/media?parent=26895"}],"wp:term":[{"taxonomy":"product_brand","embeddable":true,"href":"https:\/\/olemosaic.orbitalia.org\/pt-pt\/wp-json\/wp\/v2\/product_brand?post=26895"},{"taxonomy":"product_cat","embeddable":true,"href":"https:\/\/olemosaic.orbitalia.org\/pt-pt\/wp-json\/wp\/v2\/product_cat?post=26895"},{"taxonomy":"product_tag","embeddable":true,"href":"https:\/\/olemosaic.orbitalia.org\/pt-pt\/wp-json\/wp\/v2\/product_tag?post=26895"}],"curies":[{"name":"wp","href":"https:\/\/api.w.org\/{rel}","templated":true}]}}