{"id":26894,"date":"2025-02-20T22:28:32","date_gmt":"2025-02-20T22:28:32","guid":{"rendered":"https:\/\/olemosaic.orbitalia.org\/producto\/bola-de-navidad-con-caja-buhos-gran-canaria\/"},"modified":"2025-07-25T18:34:42","modified_gmt":"2025-07-25T16:34:42","slug":"bola-de-natal-com-caixa-corujas-gran-canaria","status":"publish","type":"product","link":"https:\/\/olemosaic.orbitalia.org\/pt-pt\/produto\/bola-de-natal-com-caixa-corujas-gran-canaria\/","title":{"rendered":"Bola de Natal com caixa. Corujas. Gran Canaria."},"content":{"rendered":"<p>Esta bola de Natal decorativa \u00e9 uma encantadora recorda\u00e7\u00e3o que capta a ess\u00eancia de Gran Canaria, ideal para quem procura um toque aut\u00eantico nas suas decora\u00e7\u00f5es natal\u00edcias. Elaborada em cer\u00e2mica de alta qualidade, a bola apresenta um design vibrante de uma coruja, uma figura emblem\u00e1tica na cultura can\u00e1ria que representa a sabedoria e a prote\u00e7\u00e3o. Esta coruja colorida, adornada com mosaicos em tons de amarelo, verde e vermelho, pousa sobre um ramo, mostrando os motivos art\u00edsticos caracter\u00edsticos da regi\u00e3o. A base branca simula o trencad\u00eds, uma t\u00e9cnica de mosaico tradicional que real\u00e7a as cores vivas, conferindo um ar festivo e cultural.<\/p>\n<p>A bola inclui um delicado la\u00e7o roxo que facilita o seu pendurar, enquanto o texto \u00abGran Canaria\u00bb em letras pretas se destaca, acrescentando um toque distintivo a esta pe\u00e7a. Apresentada numa caixa elegante, \u00e9 um presente ideal para os amantes da cultura e das tradi\u00e7\u00f5es espanholas, bem como uma excelente recorda\u00e7\u00e3o das festas. Na Ol\u00e9 Mosaic, especializamo-nos em distribuir recorda\u00e7\u00f5es aut\u00eanticas por grosso, e esta bola de Natal \u00e9 uma representa\u00e7\u00e3o perfeita das lembran\u00e7as de Gran Canaria que encantar\u00e3o os turistas. Uma escolha excecional para lojas de presentes que procuram oferecer produtos de qualidade e com valor cultural.<\/p>\n","protected":false},"excerpt":{"rendered":"<p>Bola de Natal decorativa, apresentada numa caixa elegante, inspirada na cultura de Gran Canaria. Elaborada em cer\u00e2mica, esta bola mostra uma coruja colorida com um design de mosaico, caracter\u00edstico da arte can\u00e1ria. A base branca simula o trencad\u00eds, real\u00e7ando as cores vivas da coruja, pousada sobre um ramo. Inclui um la\u00e7o roxo para pendurar, e destaca-se a inscri\u00e7\u00e3o \u201cGran Canaria\u201d em letras pretas, conferindo um toque festivo e cultural.<\/p>\n","protected":false},"featured_media":13792,"template":"","meta":{"_acf_changed":false},"product_brand":[],"product_cat":[652],"product_tag":[516,642],"class_list":{"0":"post-26894","1":"product","2":"type-product","3":"status-publish","4":"has-post-thumbnail","6":"product_cat-bolas-de-natal","7":"product_tag-animais","8":"product_tag-natal","9":"pa_ciudad-gran-canaria","10":"pa_motivo-corujas","11":"pa_pais-espana","13":"first","14":"instock","15":"shipping-taxable","16":"product-type-simple"},"acf":[],"_links":{"self":[{"href":"https:\/\/olemosaic.orbitalia.org\/pt-pt\/wp-json\/wp\/v2\/product\/26894","targetHints":{"allow":["GET"]}}],"collection":[{"href":"https:\/\/olemosaic.orbitalia.org\/pt-pt\/wp-json\/wp\/v2\/product"}],"about":[{"href":"https:\/\/olemosaic.orbitalia.org\/pt-pt\/wp-json\/wp\/v2\/types\/product"}],"wp:featuredmedia":[{"embeddable":true,"href":"https:\/\/olemosaic.orbitalia.org\/pt-pt\/wp-json\/wp\/v2\/media\/13792"}],"wp:attachment":[{"href":"https:\/\/olemosaic.orbitalia.org\/pt-pt\/wp-json\/wp\/v2\/media?parent=26894"}],"wp:term":[{"taxonomy":"product_brand","embeddable":true,"href":"https:\/\/olemosaic.orbitalia.org\/pt-pt\/wp-json\/wp\/v2\/product_brand?post=26894"},{"taxonomy":"product_cat","embeddable":true,"href":"https:\/\/olemosaic.orbitalia.org\/pt-pt\/wp-json\/wp\/v2\/product_cat?post=26894"},{"taxonomy":"product_tag","embeddable":true,"href":"https:\/\/olemosaic.orbitalia.org\/pt-pt\/wp-json\/wp\/v2\/product_tag?post=26894"}],"curies":[{"name":"wp","href":"https:\/\/api.w.org\/{rel}","templated":true}]}}