{"id":26893,"date":"2025-02-20T22:28:32","date_gmt":"2025-02-20T22:28:32","guid":{"rendered":"https:\/\/olemosaic.orbitalia.org\/producto\/bola-de-navidad-con-caja-meninas-madrid\/"},"modified":"2025-07-25T19:31:21","modified_gmt":"2025-07-25T17:31:21","slug":"bola-de-natal-com-caixa-meninas-madrid","status":"publish","type":"product","link":"https:\/\/olemosaic.orbitalia.org\/pt-pt\/produto\/bola-de-natal-com-caixa-meninas-madrid\/","title":{"rendered":"Bola de Natal com caixa. Meninas. Madrid."},"content":{"rendered":"<p>Esta bola de Natal decorativa \u00e9 uma recorda\u00e7\u00e3o encantadora inspirada nas ic\u00f3nicas Meninas de Vel\u00e1zquez, que representa a ess\u00eancia cultural de Madrid. Elaborada em cer\u00e2mica de alta qualidade, o seu design moderno e vibrante atrai a aten\u00e7\u00e3o gra\u00e7as a uma paleta de cores apelativas e detalhes art\u00edsticos em forma de mosaico. Na parte frontal, as duas figuras tradicionais s\u00e3o exibidas com grande estilo, combinando a heran\u00e7a art\u00edstica espanhola com um toque contempor\u00e2neo, o que a torna um adorno festivo ideal para qualquer \u00e1rvore de Natal.<\/p>\n<p>A bola inclui uma elegante fita vermelha que facilita a sua coloca\u00e7\u00e3o e acrescenta um toque de alegria \u00e0s decora\u00e7\u00f5es natal\u00edcias. Esta recorda\u00e7\u00e3o n\u00e3o s\u00f3 celebra as tradi\u00e7\u00f5es natal\u00edcias, como tamb\u00e9m presta homenagem ao famoso quadro de Vel\u00e1zquez, fazendo desta pe\u00e7a uma recorda\u00e7\u00e3o aut\u00eantica e representativa da capital espanhola.<\/p>\n<p>Na Ol\u00e9 Mosaic, especializamo-nos na distribui\u00e7\u00e3o de recorda\u00e7\u00f5es por grosso, e esta bola de Natal \u00e9 uma sele\u00e7\u00e3o perfeita para lojas de presentes tur\u00edsticos que procuram produtos \u00fanicos e significativos. Uma recorda\u00e7\u00e3o de Madrid que n\u00e3o s\u00f3 embeleza a casa durante as festividades, como tamb\u00e9m permite aos turistas levar uma parte da rica cultura e arte espanhola. Como grossistas de decora\u00e7\u00f5es natal\u00edcias, garantimos qualidade e originalidade em cada produto.<\/p>\n","protected":false},"excerpt":{"rendered":"<p>Bola de Natal decorativa com caixa, inspirada em As Meninas de Vel\u00e1zquez, um s\u00edmbolo de Madrid. Esta bola de cer\u00e2mica apresenta um design colorido que representa as ic\u00f3nicas figuras num estilo moderno e vibrante, com cores apelativas e detalhes em forma de mosaico. Inclui uma fita vermelha para pendurar, perfeita para adicionar um toque festivo a qualquer \u00e1rvore de Natal.<\/p>\n","protected":false},"featured_media":9855,"template":"","meta":{"_acf_changed":false},"product_brand":[],"product_cat":[652],"product_tag":[642],"class_list":{"0":"post-26893","1":"product","2":"type-product","3":"status-publish","4":"has-post-thumbnail","6":"product_cat-bolas-de-natal","7":"product_tag-natal","8":"pa_ciudad-madrid","9":"pa_motivo-meninas","10":"pa_pais-espana","12":"first","13":"instock","14":"shipping-taxable","15":"product-type-simple"},"acf":[],"_links":{"self":[{"href":"https:\/\/olemosaic.orbitalia.org\/pt-pt\/wp-json\/wp\/v2\/product\/26893","targetHints":{"allow":["GET"]}}],"collection":[{"href":"https:\/\/olemosaic.orbitalia.org\/pt-pt\/wp-json\/wp\/v2\/product"}],"about":[{"href":"https:\/\/olemosaic.orbitalia.org\/pt-pt\/wp-json\/wp\/v2\/types\/product"}],"wp:featuredmedia":[{"embeddable":true,"href":"https:\/\/olemosaic.orbitalia.org\/pt-pt\/wp-json\/wp\/v2\/media\/9855"}],"wp:attachment":[{"href":"https:\/\/olemosaic.orbitalia.org\/pt-pt\/wp-json\/wp\/v2\/media?parent=26893"}],"wp:term":[{"taxonomy":"product_brand","embeddable":true,"href":"https:\/\/olemosaic.orbitalia.org\/pt-pt\/wp-json\/wp\/v2\/product_brand?post=26893"},{"taxonomy":"product_cat","embeddable":true,"href":"https:\/\/olemosaic.orbitalia.org\/pt-pt\/wp-json\/wp\/v2\/product_cat?post=26893"},{"taxonomy":"product_tag","embeddable":true,"href":"https:\/\/olemosaic.orbitalia.org\/pt-pt\/wp-json\/wp\/v2\/product_tag?post=26893"}],"curies":[{"name":"wp","href":"https:\/\/api.w.org\/{rel}","templated":true}]}}