{"id":26889,"date":"2025-02-20T23:28:32","date_gmt":"2025-02-20T22:28:32","guid":{"rendered":"https:\/\/olemosaic.orbitalia.org\/producto\/bola-de-navidad-con-caja-panoramica-barcelona-multicolor-4\/"},"modified":"2025-07-25T19:00:18","modified_gmt":"2025-07-25T17:00:18","slug":"bola-de-natal-com-caixa-panoramica-sagrada-familia-gaudi-barcelona-multicolor","status":"publish","type":"product","link":"https:\/\/olemosaic.orbitalia.org\/pt-pt\/produto\/bola-de-natal-com-caixa-panoramica-sagrada-familia-gaudi-barcelona-multicolor\/","title":{"rendered":"Bola de Natal com caixa. Panor\u00e2mica. Sagrada Fam\u00edlia. Gaudi. Barcelona. Multicolor"},"content":{"rendered":"<p>Esta bola de Natal decorativa \u00e9 uma encantadora recorda\u00e7\u00e3o de Barcelona que captura a ess\u00eancia da cidade com o seu vibrante design multicolor. Inspirada na ic\u00f3nica panor\u00e2mica barcelonesa, a bola est\u00e1 adornada com mosaicos caracter\u00edsticos de Gaud\u00ed, refletindo a perfeita fus\u00e3o entre arte e arquitetura que representa a cidade. No design destaca-se a impressionante Sagrada Fam\u00edlia, um monumento emblem\u00e1tico que simboliza a rica hist\u00f3ria cultural da Catalunha. Fabricada num material resistente e leve, esta bola n\u00e3o s\u00f3 \u00e9 perfeita para adornar a \u00e1rvore de Natal, como tamb\u00e9m acrescenta um toque distintivo a qualquer decora\u00e7\u00e3o festiva.<\/p>\n<p>A bola vem com uma elegante fita de fixa\u00e7\u00e3o em tom bordeaux, proporcionando um acabamento sofisticado que real\u00e7a o seu apelo visual. Ideal para quem procura recorda\u00e7\u00f5es aut\u00eanticas da sua visita a Barcelona, este produto destaca-se pela sua qualidade art\u00edstica e pela sua liga\u00e7\u00e3o ao patrim\u00f3nio local. Ao escolher esta bola como souvenir, os turistas n\u00e3o s\u00f3 levam um peda\u00e7o de Barcelona, como tamb\u00e9m celebram a diversidade e a criatividade que caracterizam a regi\u00e3o.<\/p>\n<p>Na Ol\u00e9 Mosaic, somos distribuidores de souvenirs aut\u00eanticos e artesanais, e esta bola de Natal \u00e9 uma excelente op\u00e7\u00e3o para lojas de presentes tur\u00edsticos que desejem oferecer aos seus clientes uma recorda\u00e7\u00e3o significativa e representativa da Catalunha.<\/p>\n","protected":false},"excerpt":{"rendered":"<p>Bola de Natal decorativa com caixa, inspirada na panor\u00e2mica de Barcelona. Esta colorida bola apresenta um design vibrante que combina os ic\u00f3nicos mosaicos de Gaud\u00ed com a arquitetura emblem\u00e1tica da cidade, destacando a Sagrada Fam\u00edlia. Elaborada em material resistente e leve, \u00e9 ideal para adornar a \u00e1rvore de Natal. Apresenta-se com uma elegante fita de fixa\u00e7\u00e3o bordeaux, perfeita para um toque festivo e um presente distintivo da Catalunha.<\/p>\n","protected":false},"featured_media":9759,"template":"","meta":{"_acf_changed":false},"product_brand":[],"product_cat":[652],"product_tag":[642],"class_list":{"0":"post-26889","1":"product","2":"type-product","3":"status-publish","4":"has-post-thumbnail","6":"product_cat-bolas-de-natal","7":"product_tag-natal","8":"pa_ciudad-barcelona","9":"pa_motivo-panoramas","10":"pa_pais-espana","12":"first","13":"instock","14":"shipping-taxable","15":"product-type-simple"},"acf":[],"_links":{"self":[{"href":"https:\/\/olemosaic.orbitalia.org\/pt-pt\/wp-json\/wp\/v2\/product\/26889","targetHints":{"allow":["GET"]}}],"collection":[{"href":"https:\/\/olemosaic.orbitalia.org\/pt-pt\/wp-json\/wp\/v2\/product"}],"about":[{"href":"https:\/\/olemosaic.orbitalia.org\/pt-pt\/wp-json\/wp\/v2\/types\/product"}],"wp:featuredmedia":[{"embeddable":true,"href":"https:\/\/olemosaic.orbitalia.org\/pt-pt\/wp-json\/wp\/v2\/media\/9759"}],"wp:attachment":[{"href":"https:\/\/olemosaic.orbitalia.org\/pt-pt\/wp-json\/wp\/v2\/media?parent=26889"}],"wp:term":[{"taxonomy":"product_brand","embeddable":true,"href":"https:\/\/olemosaic.orbitalia.org\/pt-pt\/wp-json\/wp\/v2\/product_brand?post=26889"},{"taxonomy":"product_cat","embeddable":true,"href":"https:\/\/olemosaic.orbitalia.org\/pt-pt\/wp-json\/wp\/v2\/product_cat?post=26889"},{"taxonomy":"product_tag","embeddable":true,"href":"https:\/\/olemosaic.orbitalia.org\/pt-pt\/wp-json\/wp\/v2\/product_tag?post=26889"}],"curies":[{"name":"wp","href":"https:\/\/api.w.org\/{rel}","templated":true}]}}