{"id":26887,"date":"2025-02-20T22:28:31","date_gmt":"2025-02-20T22:28:31","guid":{"rendered":"https:\/\/olemosaic.orbitalia.org\/producto\/bola-de-navidad-con-caja-flamenco\/"},"modified":"2025-07-25T18:56:00","modified_gmt":"2025-07-25T16:56:00","slug":"bola-de-natal-com-caixa-flamenco","status":"publish","type":"product","link":"https:\/\/olemosaic.orbitalia.org\/pt-pt\/produto\/bola-de-natal-com-caixa-flamenco\/","title":{"rendered":"Bola de Natal com caixa. Flamenco."},"content":{"rendered":"<p>Esta bola de Natal decorativa \u00e9 um adorno festivo encantador que captura a ess\u00eancia do flamenco espanhol e do seu colorido folclore. Apresentada numa elegante caixa, destaca-se pelo seu design vibrante, que ilustra dois flamingos numa composi\u00e7\u00e3o de mosaico. Com uma paleta viva de tons vermelhos, amarelos e azuis, a bola \u00e9 uma homenagem \u00e0 rica cultura espanhola e \u00e0 alegria da \u00e9poca natal\u00edcia. Os flamingos, s\u00edmbolos de gra\u00e7a e beleza, s\u00e3o mostrados numa pose din\u00e2mica que evoca o movimento caracter\u00edstico da dan\u00e7a flamenca, enquanto o fundo de mosaico acrescenta um toque art\u00edstico, refletindo a heran\u00e7a cultural de regi\u00f5es como a Andaluzia.<\/p>\n<p>O la\u00e7o vermelho que acompanha a bola n\u00e3o s\u00f3 facilita o ato de a pendurar, como tamb\u00e9m acrescenta um toque festivo, perfeito para complementar a decora\u00e7\u00e3o da casa ou do escrit\u00f3rio durante as celebra\u00e7\u00f5es. Este adorno natal\u00edcio \u00e9 ideal para quem procura um detalhe \u00fanico e significativo que represente a cultura espanhola nas suas decora\u00e7\u00f5es. Na Ol\u00e9 Mosaic, especializamo-nos na distribui\u00e7\u00e3o de souvenirs por grosso, e esta bola de Natal \u00e9 uma excelente op\u00e7\u00e3o para lojas de presentes tur\u00edsticos que desejem oferecer produtos aut\u00eanticos e representativos de Espanha. Com a sua autenticidade e o seu apre\u00e7o pela arte tradicional, esta bola \u00e9 uma recorda\u00e7\u00e3o maravilhosa que celebrar\u00e1 a alegria do Natal e a ess\u00eancia do flamenco.<\/p>\n","protected":false},"excerpt":{"rendered":"<p>Bola de Natal decorativa, inspirada no emblem\u00e1tico flamenco, apresentada numa elegante caixa. Este adorno festivo conta com um design vibrante e colorido que representa dois flamingos numa composi\u00e7\u00e3o de mosaico, utilizando tons vermelhos, amarelos e azuis. A bola inclui um la\u00e7o vermelho para pendurar, acrescentando um toque festivo. \u00c9 ideal para quem procura um detalhe \u00fanico que reflita o folclore espanhol nas suas decora\u00e7\u00f5es natal\u00edcias.<\/p>\n","protected":false},"featured_media":9836,"template":"","meta":{"_acf_changed":false},"product_brand":[],"product_cat":[652],"product_tag":[516,642],"class_list":{"0":"post-26887","1":"product","2":"type-product","3":"status-publish","4":"has-post-thumbnail","6":"product_cat-bolas-de-natal","7":"product_tag-animais","8":"product_tag-natal","9":"pa_motivo-flamingos","11":"first","12":"instock","13":"shipping-taxable","14":"product-type-simple"},"acf":[],"_links":{"self":[{"href":"https:\/\/olemosaic.orbitalia.org\/pt-pt\/wp-json\/wp\/v2\/product\/26887","targetHints":{"allow":["GET"]}}],"collection":[{"href":"https:\/\/olemosaic.orbitalia.org\/pt-pt\/wp-json\/wp\/v2\/product"}],"about":[{"href":"https:\/\/olemosaic.orbitalia.org\/pt-pt\/wp-json\/wp\/v2\/types\/product"}],"wp:featuredmedia":[{"embeddable":true,"href":"https:\/\/olemosaic.orbitalia.org\/pt-pt\/wp-json\/wp\/v2\/media\/9836"}],"wp:attachment":[{"href":"https:\/\/olemosaic.orbitalia.org\/pt-pt\/wp-json\/wp\/v2\/media?parent=26887"}],"wp:term":[{"taxonomy":"product_brand","embeddable":true,"href":"https:\/\/olemosaic.orbitalia.org\/pt-pt\/wp-json\/wp\/v2\/product_brand?post=26887"},{"taxonomy":"product_cat","embeddable":true,"href":"https:\/\/olemosaic.orbitalia.org\/pt-pt\/wp-json\/wp\/v2\/product_cat?post=26887"},{"taxonomy":"product_tag","embeddable":true,"href":"https:\/\/olemosaic.orbitalia.org\/pt-pt\/wp-json\/wp\/v2\/product_tag?post=26887"}],"curies":[{"name":"wp","href":"https:\/\/api.w.org\/{rel}","templated":true}]}}