{"id":26859,"date":"2025-02-20T22:28:31","date_gmt":"2025-02-20T22:28:31","guid":{"rendered":"https:\/\/olemosaic.orbitalia.org\/producto\/bola-de-navidad-con-caja-motivos-africanos\/"},"modified":"2025-07-25T18:45:25","modified_gmt":"2025-07-25T16:45:25","slug":"bola-de-natal-com-caixa-motivos-africanos","status":"publish","type":"product","link":"https:\/\/olemosaic.orbitalia.org\/pt-pt\/produto\/bola-de-natal-com-caixa-motivos-africanos\/","title":{"rendered":"Bola de Natal com caixa. Motivos africanos."},"content":{"rendered":"<p>Esta bola de Natal decorativa \u00e9 uma recorda\u00e7\u00e3o atrativa e vibrante que captura a ess\u00eancia da fauna e da cultura africanas. Apresentada numa elegante caixa com motivos tradicionais, \u00e9 um adorno ideal para decorar a \u00e1rvore durante as festas. O design da bola apresenta um imponente elefante e um pequeno urso, ambos ilustrados sobre um fundo azul brilhante que evoca as paisagens africanas cheias de vida. As cores vivas, juntamente com a detalhada t\u00e9cnica de ilustra\u00e7\u00e3o, criam um efeito visual cativante que certamente chamar\u00e1 a aten\u00e7\u00e3o de todos.<\/p>\n<p>Cada detalhe desta bola de Natal real\u00e7a a biodiversidade de \u00c1frica e a sua rica heran\u00e7a cultural, convertendo-a numa recorda\u00e7\u00e3o perfeita para quem se apaixonou por esta fascinante regi\u00e3o. A fita rosa que acompanha a bola n\u00e3o s\u00f3 permite pendur\u00e1-la facilmente na \u00e1rvore, como tamb\u00e9m adiciona um toque de eleg\u00e2ncia ao design.<\/p>\n<p>Na Ol\u00e9 Mosaic, especializamo-nos na distribui\u00e7\u00e3o de souvenirs por grosso, e esta bola decorativa \u00e9 uma excelente op\u00e7\u00e3o para lojas de presentes tur\u00edsticos que procuram produtos aut\u00eanticos e representativos de diversas culturas. Esta recorda\u00e7\u00e3o n\u00e3o s\u00f3 adorna, como tamb\u00e9m conta uma hist\u00f3ria, tornando-se uma lembran\u00e7a inesquec\u00edvel da magia africana.<\/p>\n","protected":false},"excerpt":{"rendered":"<p>Bola de Natal decorativa apresentada numa caixa com motivos africanos, ideal para decorar a sua \u00e1rvore. Este vibrante design mostra um elefante e um pequeno urso sobre um fundo azul brilhante, evocando uma paisagem africana cheia de vida. Os detalhes coloridos e a t\u00e9cnica de ilustra\u00e7\u00e3o adicionam um toque art\u00edstico, enquanto a fita rosa facilita a sua coloca\u00e7\u00e3o. Um souvenir perfeito que celebra a fauna e a cultura africanas durante as festividades.<\/p>\n","protected":false},"featured_media":9833,"template":"","meta":{"_acf_changed":false},"product_brand":[],"product_cat":[652],"product_tag":[516,642],"class_list":{"0":"post-26859","1":"product","2":"type-product","3":"status-publish","4":"has-post-thumbnail","6":"product_cat-bolas-de-natal","7":"product_tag-animais","8":"product_tag-natal","9":"pa_motivo-africanos","11":"first","12":"instock","13":"shipping-taxable","14":"product-type-simple"},"acf":[],"_links":{"self":[{"href":"https:\/\/olemosaic.orbitalia.org\/pt-pt\/wp-json\/wp\/v2\/product\/26859","targetHints":{"allow":["GET"]}}],"collection":[{"href":"https:\/\/olemosaic.orbitalia.org\/pt-pt\/wp-json\/wp\/v2\/product"}],"about":[{"href":"https:\/\/olemosaic.orbitalia.org\/pt-pt\/wp-json\/wp\/v2\/types\/product"}],"wp:featuredmedia":[{"embeddable":true,"href":"https:\/\/olemosaic.orbitalia.org\/pt-pt\/wp-json\/wp\/v2\/media\/9833"}],"wp:attachment":[{"href":"https:\/\/olemosaic.orbitalia.org\/pt-pt\/wp-json\/wp\/v2\/media?parent=26859"}],"wp:term":[{"taxonomy":"product_brand","embeddable":true,"href":"https:\/\/olemosaic.orbitalia.org\/pt-pt\/wp-json\/wp\/v2\/product_brand?post=26859"},{"taxonomy":"product_cat","embeddable":true,"href":"https:\/\/olemosaic.orbitalia.org\/pt-pt\/wp-json\/wp\/v2\/product_cat?post=26859"},{"taxonomy":"product_tag","embeddable":true,"href":"https:\/\/olemosaic.orbitalia.org\/pt-pt\/wp-json\/wp\/v2\/product_tag?post=26859"}],"curies":[{"name":"wp","href":"https:\/\/api.w.org\/{rel}","templated":true}]}}