{"id":26737,"date":"2025-02-20T22:28:28","date_gmt":"2025-02-20T22:28:28","guid":{"rendered":"https:\/\/olemosaic.orbitalia.org\/producto\/aceitera-de-ceramica-bailaora-calca-beige\/"},"modified":"2025-07-25T18:38:05","modified_gmt":"2025-07-25T16:38:05","slug":"galheteiro-de-ceramica-bailarina-decalque-bege","status":"publish","type":"product","link":"https:\/\/olemosaic.orbitalia.org\/pt-pt\/produto\/galheteiro-de-ceramica-bailarina-decalque-bege\/","title":{"rendered":"Galheteiro de cer\u00e2mica. Bailarina. Decalque. Bege"},"content":{"rendered":"<p>Este galheteiro de cer\u00e2mica, decorado com ilustra\u00e7\u00f5es vibrantes de bailarinas de flamenco, capta a ess\u00eancia da cultura espanhola. Com um design elegante em tons bege, o galheteiro \u00e9 adornado com motivos florais em vermelho que real\u00e7am o seu apelo visual. Num dos seus lados, destacam-se imagens de figuras femininas vestidas com trajes de flamenco em cores vivas, representando a magnific\u00eancia e o dinamismo desta arte, sin\u00f3nimo de paix\u00e3o e tradi\u00e7\u00e3o em Espanha. A tampa met\u00e1lica e o sistema antigotejamento facilitam uma utiliza\u00e7\u00e3o pr\u00e1tica na cozinha, permitindo aos amantes da gastronomia adicionar um toque de sabor aos seus pratos enquanto desfrutam da est\u00e9tica do objeto. Al\u00e9m disso, o texto &#8220;ESPANHA&#8221; gravado no design evoca autenticidade e orgulho nacional, tornando este galheteiro um souvenir perfeito que reflete a riqueza cultural do pa\u00eds. Ideal para os turistas que procuram recorda\u00e7\u00f5es representativas da sua visita, este galheteiro n\u00e3o \u00e9 apenas um utens\u00edlio funcional, mas uma valiosa recorda\u00e7\u00e3o da cultura espanhola. Na Ol\u00e9 Mosaic, como distribuidores de souvenirs de cer\u00e2mica, garantimos a qualidade e autenticidade de cada produto, oferecendo um artigo que ser\u00e1 um excelente complemento para qualquer loja de presentes tur\u00edsticos.<\/p>\n","protected":false},"excerpt":{"rendered":"<p>Galheteiro de cer\u00e2mica decorado com ilustra\u00e7\u00f5es vibrantes de bailarinas de flamenco, que representam a ess\u00eancia da cultura espanhola. O seu design elegante em tons bege inclui motivos florais em vermelho e figuras femininas vestidas com trajes de flamenco em cores vivas. A tampa e o vertedor met\u00e1lico facilitam uma utiliza\u00e7\u00e3o pr\u00e1tica na cozinha, enquanto o texto &#8220;ESPANHA&#8221; confere um toque aut\u00eantico. Perfeito para dar um ar espanhol \u00e0 sua mesa.<\/p>\n","protected":false},"featured_media":7352,"template":"","meta":{"_acf_changed":false},"product_brand":[],"product_cat":[783],"product_tag":[515],"class_list":{"0":"post-26737","1":"product","2":"type-product","3":"status-publish","4":"has-post-thumbnail","6":"product_cat-galheteiros","7":"product_tag-ceramica","8":"pa_motivo-dancarinos","10":"first","11":"instock","12":"shipping-taxable","13":"product-type-simple"},"acf":[],"_links":{"self":[{"href":"https:\/\/olemosaic.orbitalia.org\/pt-pt\/wp-json\/wp\/v2\/product\/26737","targetHints":{"allow":["GET"]}}],"collection":[{"href":"https:\/\/olemosaic.orbitalia.org\/pt-pt\/wp-json\/wp\/v2\/product"}],"about":[{"href":"https:\/\/olemosaic.orbitalia.org\/pt-pt\/wp-json\/wp\/v2\/types\/product"}],"wp:featuredmedia":[{"embeddable":true,"href":"https:\/\/olemosaic.orbitalia.org\/pt-pt\/wp-json\/wp\/v2\/media\/7352"}],"wp:attachment":[{"href":"https:\/\/olemosaic.orbitalia.org\/pt-pt\/wp-json\/wp\/v2\/media?parent=26737"}],"wp:term":[{"taxonomy":"product_brand","embeddable":true,"href":"https:\/\/olemosaic.orbitalia.org\/pt-pt\/wp-json\/wp\/v2\/product_brand?post=26737"},{"taxonomy":"product_cat","embeddable":true,"href":"https:\/\/olemosaic.orbitalia.org\/pt-pt\/wp-json\/wp\/v2\/product_cat?post=26737"},{"taxonomy":"product_tag","embeddable":true,"href":"https:\/\/olemosaic.orbitalia.org\/pt-pt\/wp-json\/wp\/v2\/product_tag?post=26737"}],"curies":[{"name":"wp","href":"https:\/\/api.w.org\/{rel}","templated":true}]}}