{"id":26735,"date":"2025-02-20T23:28:27","date_gmt":"2025-02-20T22:28:27","guid":{"rendered":"https:\/\/olemosaic.orbitalia.org\/producto\/mug-xl-de-ceramica-gallos-blanco-13-cm\/"},"modified":"2025-07-25T18:33:22","modified_gmt":"2025-07-25T16:33:22","slug":"caneca-xl-de-ceramica-galos-branco-13-cm","status":"publish","type":"product","link":"https:\/\/olemosaic.orbitalia.org\/pt-pt\/produto\/caneca-xl-de-ceramica-galos-branco-13-cm\/","title":{"rendered":"Caneca XL de cer\u00e2mica. Galos. Branco. 13 cm."},"content":{"rendered":"<p>Desfrute da caneca XL de cer\u00e2mica decorada com um galo vibrante, um s\u00edmbolo ic\u00f3nico da cultura portuguesa. Esta magn\u00edfica caneca, de 13 cm de altura, foi concebida tanto para ser funcional como decorativa, ideal para desfrutar das suas bebidas favoritas ou como uma encantadora recorda\u00e7\u00e3o que capta a ess\u00eancia de Portugal. O seu design, pintado \u00e0 m\u00e3o, apresenta um galo em tons ardentes de vermelho e preto, acompanhado de motivos de cora\u00e7\u00f5es e flores que contrastam maravilhosamente sobre um fundo branco. Os detalhes s\u00e3o excecionais, com formas circulares que evocam a riqueza da arte popular portuguesa. A asa, esculpida em forma de galo, confere um toque distintivo e divertido, tornando-a um artigo \u00fanico.<\/p>\n<p>Esta caneca n\u00e3o \u00e9 apenas uma pe\u00e7a de cer\u00e2mica requintada, mas tamb\u00e9m representa uma recorda\u00e7\u00e3o cultural aut\u00eantica, refletindo o esp\u00edrito alegre e colorido das festividades locais. O galo, conhecido como &#8220;galo de Barcelos&#8221;, \u00e9 um s\u00edmbolo de boa sorte e um emblema da orgulhosa tradi\u00e7\u00e3o portuguesa. Na Ol\u00e9 Mosaic, especializamo-nos na distribui\u00e7\u00e3o de souvenirs por grosso e esta caneca \u00e9 uma excelente op\u00e7\u00e3o para lojas de presentes tur\u00edsticos que procuram oferecer produtos aut\u00eanticos e significativos. Com o seu encanto e originalidade, \u00e9 uma recorda\u00e7\u00e3o que real\u00e7a a cultura portuguesa, ideal para quem deseja levar para casa um peda\u00e7o desta rica heran\u00e7a.<\/p>\n","protected":false},"excerpt":{"rendered":"<p>Caneca XL de cer\u00e2mica decorada com um galo colorido, um s\u00edmbolo emblem\u00e1tico da cultura portuguesa. Com um design artesanal, pintado \u00e0 m\u00e3o, esta caneca destaca-se pelas suas cores vibrantes vermelho, preto e azul, juntamente com motivos de cora\u00e7\u00f5es e flores sobre um fundo branco. Com 13 cm de altura, a sua forma ergon\u00f3mica e a sua asa em forma de galo conferem um toque distintivo, tornando-a um artigo ideal para desfrutar das suas bebidas favoritas ou como uma encantadora recorda\u00e7\u00e3o.<\/p>\n","protected":false},"featured_media":8913,"template":"","meta":{"_acf_changed":false},"product_brand":[],"product_cat":[726],"product_tag":[516,515],"class_list":{"0":"post-26735","1":"product","2":"type-product","3":"status-publish","4":"has-post-thumbnail","6":"product_cat-mugs","7":"product_tag-animais","8":"product_tag-ceramica","9":"pa_motivo-galos","11":"first","12":"instock","13":"shipping-taxable","14":"product-type-simple"},"acf":[],"_links":{"self":[{"href":"https:\/\/olemosaic.orbitalia.org\/pt-pt\/wp-json\/wp\/v2\/product\/26735","targetHints":{"allow":["GET"]}}],"collection":[{"href":"https:\/\/olemosaic.orbitalia.org\/pt-pt\/wp-json\/wp\/v2\/product"}],"about":[{"href":"https:\/\/olemosaic.orbitalia.org\/pt-pt\/wp-json\/wp\/v2\/types\/product"}],"wp:featuredmedia":[{"embeddable":true,"href":"https:\/\/olemosaic.orbitalia.org\/pt-pt\/wp-json\/wp\/v2\/media\/8913"}],"wp:attachment":[{"href":"https:\/\/olemosaic.orbitalia.org\/pt-pt\/wp-json\/wp\/v2\/media?parent=26735"}],"wp:term":[{"taxonomy":"product_brand","embeddable":true,"href":"https:\/\/olemosaic.orbitalia.org\/pt-pt\/wp-json\/wp\/v2\/product_brand?post=26735"},{"taxonomy":"product_cat","embeddable":true,"href":"https:\/\/olemosaic.orbitalia.org\/pt-pt\/wp-json\/wp\/v2\/product_cat?post=26735"},{"taxonomy":"product_tag","embeddable":true,"href":"https:\/\/olemosaic.orbitalia.org\/pt-pt\/wp-json\/wp\/v2\/product_tag?post=26735"}],"curies":[{"name":"wp","href":"https:\/\/api.w.org\/{rel}","templated":true}]}}