{"id":26734,"date":"2025-02-20T23:28:27","date_gmt":"2025-02-20T22:28:27","guid":{"rendered":"https:\/\/olemosaic.orbitalia.org\/producto\/mug-de-ceramica-sagrada-familia-barcelona-beige\/"},"modified":"2025-07-25T18:58:10","modified_gmt":"2025-07-25T16:58:10","slug":"caneca-de-ceramica-sagrada-familia-barcelona-bege","status":"publish","type":"product","link":"https:\/\/olemosaic.orbitalia.org\/pt-pt\/produto\/caneca-de-ceramica-sagrada-familia-barcelona-bege\/","title":{"rendered":"Caneca de cer\u00e2mica. Sagrada Fam\u00edlia. Barcelona. Bege."},"content":{"rendered":"<p>Desfrute de um delicioso caf\u00e9 matinal com a nossa exclusiva caneca de cer\u00e2mica, decorada com uma vibrante representa\u00e7\u00e3o da Sagrada Fam\u00edlia de Barcelona. Este design resplandecente apresenta um mosaico colorido que destaca os detalhados elementos arquitet\u00f3nicos deste ic\u00f3nico monumento, s\u00edmbolo da criatividade de Antoni Gaud\u00ed, sobre um elegante fundo bege que real\u00e7a a sua beleza. O interior vermelho da caneca confere um toque sofisticado, enquanto a colher a condizer complementa na perfei\u00e7\u00e3o o conjunto, tornando-o uma op\u00e7\u00e3o funcional e decorativa. Esta caneca n\u00e3o \u00e9 apenas ideal para desfrutar das suas bebidas favoritas, mas tamb\u00e9m atua como um artefacto cultural que capta a ess\u00eancia de Barcelona e o seu legado arquitet\u00f3nico. Oferecer ou adquirir esta caneca \u00e9 uma excelente forma de levar um peda\u00e7o da hist\u00f3ria da cidade, celebrado em cada gole. Na Ol\u00e9 Mosaic, dedicamo-nos \u00e0 distribui\u00e7\u00e3o de souvenirs por grosso, oferecendo produtos que refletem a autenticidade da cultura espanhola. Esta maravilhosa caneca \u00e9 o souvenir perfeito para lojas de presentes tur\u00edsticos que procuram oferecer artigos \u00fanicos e representativos da sua regi\u00e3o. N\u00e3o fique sem esta caneca da Sagrada Fam\u00edlia, um presente que encanta todos!<\/p>\n","protected":false},"excerpt":{"rendered":"<p>Caneca de cer\u00e2mica decorada com uma vibrante representa\u00e7\u00e3o da Sagrada Fam\u00edlia de Barcelona. Este design atraente inclui um colorido mosaico que real\u00e7a os detalhes arquitet\u00f3nicos do ic\u00f3nico monumento, tudo sobre um fundo bege. A caneca tem o interior vermelho e uma colher a condizer, o que lhe confere um toque de eleg\u00e2ncia. \u00c9 um souvenir ideal que capta a ess\u00eancia da cidade e o seu patrim\u00f3nio cultural.<\/p>\n","protected":false},"featured_media":7014,"template":"","meta":{"_acf_changed":false},"product_brand":[],"product_cat":[726],"product_tag":[515],"class_list":{"0":"post-26734","1":"product","2":"type-product","3":"status-publish","4":"has-post-thumbnail","6":"product_cat-mugs","7":"product_tag-ceramica","8":"pa_ciudad-barcelona","9":"pa_motivo-sagrada-familia","10":"pa_pais-espana","12":"first","13":"instock","14":"shipping-taxable","15":"product-type-simple"},"acf":[],"_links":{"self":[{"href":"https:\/\/olemosaic.orbitalia.org\/pt-pt\/wp-json\/wp\/v2\/product\/26734","targetHints":{"allow":["GET"]}}],"collection":[{"href":"https:\/\/olemosaic.orbitalia.org\/pt-pt\/wp-json\/wp\/v2\/product"}],"about":[{"href":"https:\/\/olemosaic.orbitalia.org\/pt-pt\/wp-json\/wp\/v2\/types\/product"}],"wp:featuredmedia":[{"embeddable":true,"href":"https:\/\/olemosaic.orbitalia.org\/pt-pt\/wp-json\/wp\/v2\/media\/7014"}],"wp:attachment":[{"href":"https:\/\/olemosaic.orbitalia.org\/pt-pt\/wp-json\/wp\/v2\/media?parent=26734"}],"wp:term":[{"taxonomy":"product_brand","embeddable":true,"href":"https:\/\/olemosaic.orbitalia.org\/pt-pt\/wp-json\/wp\/v2\/product_brand?post=26734"},{"taxonomy":"product_cat","embeddable":true,"href":"https:\/\/olemosaic.orbitalia.org\/pt-pt\/wp-json\/wp\/v2\/product_cat?post=26734"},{"taxonomy":"product_tag","embeddable":true,"href":"https:\/\/olemosaic.orbitalia.org\/pt-pt\/wp-json\/wp\/v2\/product_tag?post=26734"}],"curies":[{"name":"wp","href":"https:\/\/api.w.org\/{rel}","templated":true}]}}