{"id":26722,"date":"2025-02-20T23:28:27","date_gmt":"2025-02-20T22:28:27","guid":{"rendered":"https:\/\/olemosaic.orbitalia.org\/producto\/taza-de-ceramica-delfin-beige\/"},"modified":"2025-07-25T18:48:33","modified_gmt":"2025-07-25T16:48:33","slug":"caneca-de-ceramica-golfinho-bege","status":"publish","type":"product","link":"https:\/\/olemosaic.orbitalia.org\/pt-pt\/produto\/caneca-de-ceramica-golfinho-bege\/","title":{"rendered":"Caneca de cer\u00e2mica. Golfinho. Bege."},"content":{"rendered":"<p>Desfrute da nossa exclusiva caneca de cer\u00e2mica com design de golfinhos, uma aut\u00eantica joia que captura a ess\u00eancia das costas mediterr\u00e2nicas. Elaborada em cer\u00e2mica de alta qualidade, esta caneca apresenta um elegante tom bege, real\u00e7ado com um vibrante motivo marinho no qual golfinhos coloridos saltam alegres sobre ondas azuis, evocando a frescura e vitalidade do oceano. A sua forma c\u00f3nica, que combina estilo e funcionalidade, torna-a perfeita para desfrutar das suas bebidas favoritas, seja um caf\u00e9 pela manh\u00e3 ou uma infus\u00e3o relaxante ao entardecer.<\/p>\n<p>Cada caneca aparenta ser pintada \u00e0 m\u00e3o, o que assegura que cada pe\u00e7a seja \u00fanica, garantindo uma recorda\u00e7\u00e3o aut\u00eantica e representativa da cultura mar\u00edtima. A asa colorida, dispon\u00edvel em v\u00e1rios tons, confere um toque contempor\u00e2neo que complementa o design, tornando esta caneca num presente ideal para quem procura souvenirs originais e significativos da sua visita. Na Ol\u00e9 Mosaic, como grossista de souvenirs, oferecemos produtos que celebram a beleza e a liga\u00e7\u00e3o cultural de cada regi\u00e3o, e esta caneca de cer\u00e2mica de golfinhos \u00e9 uma op\u00e7\u00e3o perfeita para lojas de presentes tur\u00edsticos que apreciam a qualidade e a tradi\u00e7\u00e3o artesanal.<\/p>\n","protected":false},"excerpt":{"rendered":"<p>Caneca de cer\u00e2mica com design de golfinhos, dispon\u00edvel em v\u00e1rias cores. Esta caneca bege, de design artesanal, pintada \u00e0 m\u00e3o, apresenta um vibrante motivo marinho com golfinhos a saltar entre ondas, evocando a alegria do oceano. A sua elegante forma c\u00f3nica e a asa colorida conferem-lhe um toque contempor\u00e2neo. Perfeita para desfrutar das suas bebidas em qualquer momento, \u00e9 uma recorda\u00e7\u00e3o ideal das costas mediterr\u00e2nicas.<\/p>\n","protected":false},"featured_media":7023,"template":"","meta":{"_acf_changed":false},"product_brand":[],"product_cat":[833],"product_tag":[516,515],"class_list":{"0":"post-26722","1":"product","2":"type-product","3":"status-publish","4":"has-post-thumbnail","6":"product_cat-canecas","7":"product_tag-animais","8":"product_tag-ceramica","9":"pa_motivo-golfinhos","11":"first","12":"instock","13":"shipping-taxable","14":"product-type-simple"},"acf":[],"_links":{"self":[{"href":"https:\/\/olemosaic.orbitalia.org\/pt-pt\/wp-json\/wp\/v2\/product\/26722","targetHints":{"allow":["GET"]}}],"collection":[{"href":"https:\/\/olemosaic.orbitalia.org\/pt-pt\/wp-json\/wp\/v2\/product"}],"about":[{"href":"https:\/\/olemosaic.orbitalia.org\/pt-pt\/wp-json\/wp\/v2\/types\/product"}],"wp:featuredmedia":[{"embeddable":true,"href":"https:\/\/olemosaic.orbitalia.org\/pt-pt\/wp-json\/wp\/v2\/media\/7023"}],"wp:attachment":[{"href":"https:\/\/olemosaic.orbitalia.org\/pt-pt\/wp-json\/wp\/v2\/media?parent=26722"}],"wp:term":[{"taxonomy":"product_brand","embeddable":true,"href":"https:\/\/olemosaic.orbitalia.org\/pt-pt\/wp-json\/wp\/v2\/product_brand?post=26722"},{"taxonomy":"product_cat","embeddable":true,"href":"https:\/\/olemosaic.orbitalia.org\/pt-pt\/wp-json\/wp\/v2\/product_cat?post=26722"},{"taxonomy":"product_tag","embeddable":true,"href":"https:\/\/olemosaic.orbitalia.org\/pt-pt\/wp-json\/wp\/v2\/product_tag?post=26722"}],"curies":[{"name":"wp","href":"https:\/\/api.w.org\/{rel}","templated":true}]}}