{"id":26719,"date":"2025-02-20T23:28:26","date_gmt":"2025-02-20T22:28:26","guid":{"rendered":"https:\/\/olemosaic.orbitalia.org\/producto\/botella-inox-500-ml-salamandra\/"},"modified":"2025-07-25T19:10:44","modified_gmt":"2025-07-25T17:10:44","slug":"garrafa-inox-500-ml-salamandra","status":"publish","type":"product","link":"https:\/\/olemosaic.orbitalia.org\/pt-pt\/produto\/garrafa-inox-500-ml-salamandra\/","title":{"rendered":"Garrafa inox. 500 ml. Salamandra."},"content":{"rendered":"<p>Desfrute da deliciosa fus\u00e3o de funcionalidade e arte na nossa garrafa de a\u00e7o inoxid\u00e1vel de 500 ml, decorada com vibrantes ilustra\u00e7\u00f5es de salamandras e flores. Este produto destaca-se pelo seu design colorido e atraente, que captura a ess\u00eancia do folclore espanhol, tornando-a um souvenir inigual\u00e1vel. As salamandras, representadas em tons de verde, azul, vermelho e preto, evocam a rica biodiversidade da regi\u00e3o, enquanto as flores, com as suas cores brilhantes, acrescentam um toque de frescura e alegria.<\/p>\n<p>O fundo claro da garrafa real\u00e7a as ilustra\u00e7\u00f5es, tornando-a uma pe\u00e7a de destaque tanto para o uso quotidiano como para colecionadores de souvenirs. Al\u00e9m do seu apelo visual, esta garrafa de a\u00e7o inoxid\u00e1vel \u00e9 ideal para manter as suas bebidas frias ou quentes, garantindo qualidade e durabilidade. Um s\u00edmbolo da rica tradi\u00e7\u00e3o cultural e natural de Espanha, esta garrafa \u00e9 a escolha perfeita para os turistas que procuram uma recorda\u00e7\u00e3o aut\u00eantica e representativa da sua experi\u00eancia. Na Ol\u00e9 Mosaic, orgulhamo-nos de oferecer souvenirs \u00fanicos como esta garrafa, que combinam arte, funcionalidade e cultura, sendo uma excelente op\u00e7\u00e3o para lojas de presentes tur\u00edsticos que procuram produtos chamativos e de qualidade.<\/p>\n","protected":false},"excerpt":{"rendered":"<p>Garrafa de a\u00e7o inoxid\u00e1vel de 500 ml, decorada com ilustra\u00e7\u00f5es coloridas de salamandras e flores. Este elegante design apresenta salamandras em vibrantes tons de verde, azul, vermelho e preto, rodeadas por uma variedade de flores de cores vivas sobre um fundo claro. Ideal para manter as suas bebidas frias ou quentes, esta garrafa combina funcionalidade e um apelo visual que captura a ess\u00eancia do folclore espanhol, tornando-se uma excelente recorda\u00e7\u00e3o ou presente.<\/p>\n","protected":false},"featured_media":9903,"template":"","meta":{"_acf_changed":false},"product_brand":[],"product_cat":[786],"product_tag":[516],"class_list":{"0":"post-26719","1":"product","2":"type-product","3":"status-publish","4":"has-post-thumbnail","6":"product_cat-garrafas-inox","7":"product_tag-animais","8":"pa_motivo-salamandras","10":"first","11":"instock","12":"shipping-taxable","13":"product-type-simple"},"acf":[],"_links":{"self":[{"href":"https:\/\/olemosaic.orbitalia.org\/pt-pt\/wp-json\/wp\/v2\/product\/26719","targetHints":{"allow":["GET"]}}],"collection":[{"href":"https:\/\/olemosaic.orbitalia.org\/pt-pt\/wp-json\/wp\/v2\/product"}],"about":[{"href":"https:\/\/olemosaic.orbitalia.org\/pt-pt\/wp-json\/wp\/v2\/types\/product"}],"wp:featuredmedia":[{"embeddable":true,"href":"https:\/\/olemosaic.orbitalia.org\/pt-pt\/wp-json\/wp\/v2\/media\/9903"}],"wp:attachment":[{"href":"https:\/\/olemosaic.orbitalia.org\/pt-pt\/wp-json\/wp\/v2\/media?parent=26719"}],"wp:term":[{"taxonomy":"product_brand","embeddable":true,"href":"https:\/\/olemosaic.orbitalia.org\/pt-pt\/wp-json\/wp\/v2\/product_brand?post=26719"},{"taxonomy":"product_cat","embeddable":true,"href":"https:\/\/olemosaic.orbitalia.org\/pt-pt\/wp-json\/wp\/v2\/product_cat?post=26719"},{"taxonomy":"product_tag","embeddable":true,"href":"https:\/\/olemosaic.orbitalia.org\/pt-pt\/wp-json\/wp\/v2\/product_tag?post=26719"}],"curies":[{"name":"wp","href":"https:\/\/api.w.org\/{rel}","templated":true}]}}