{"id":26667,"date":"2025-02-20T22:28:26","date_gmt":"2025-02-20T22:28:26","guid":{"rendered":"https:\/\/olemosaic.orbitalia.org\/producto\/4-bols-de-coco-de-13-x-6-cm-tortuga-barcelona\/"},"modified":"2025-07-25T18:50:56","modified_gmt":"2025-07-25T16:50:56","slug":"4-tacas-de-coco-de-13-x-6-cm-tartaruga-barcelona","status":"publish","type":"product","link":"https:\/\/olemosaic.orbitalia.org\/pt-pt\/produto\/4-tacas-de-coco-de-13-x-6-cm-tartaruga-barcelona\/","title":{"rendered":"4 Ta\u00e7as de coco de 13 x 6 cm. Tartaruga. Barcelona."},"content":{"rendered":"<p>Desfrute deste conjunto de quatro ta\u00e7as de coco, uma aut\u00eantica homenagem \u00e0 vibrante cidade de Barcelona, que combina beleza est\u00e9tica e funcionalidade. Cada ta\u00e7a, com um di\u00e2metro de 13 cm e uma altura de 6 cm, \u00e9 uma obra-prima artesanal desenhada com um encantador motivo de tartaruga. Este design em relevo, juntamente com a palavra &#8220;Barcelona&#8221;, destaca a liga\u00e7\u00e3o cultural e o enraizamento \u00e0 identidade desta metr\u00f3pole.<\/p>\n<p>As ta\u00e7as est\u00e3o decoradas com uma preciosa t\u00e9cnica de mosaico que apresenta uma explos\u00e3o de cores vibrantes, incluindo tonalidades de azul, amarelo e tons terra, o que lhes confere um aspeto alegre e atrativo que evocar\u00e1 as paisagens ensolaradas da Costa Brava. Cada ta\u00e7a \u00e9 \u00fanica, gra\u00e7as \u00e0 meticulosa aten\u00e7\u00e3o ao detalhe na sua elabora\u00e7\u00e3o, e serve perfeitamente tanto como objeto decorativo como para apresentar aperitivos ou pequenas entradas em qualquer reuni\u00e3o.<\/p>\n<p>Este conjunto de ta\u00e7as de coco n\u00e3o s\u00f3 representa uma recorda\u00e7\u00e3o memor\u00e1vel de Barcelona, como tamb\u00e9m simboliza a rica heran\u00e7a cultural da regi\u00e3o, muito apreciada pelos turistas que procuram recorda\u00e7\u00f5es aut\u00eanticas e significativas. Na Ol\u00e9 Mosaic, somos distribuidores especializados em recorda\u00e7\u00f5es por grosso, e estas ta\u00e7as s\u00e3o uma escolha ideal para lojas de presentes tur\u00edsticos que desejem oferecer artigos que realcem a ess\u00eancia da cultura espanhola. Com o seu design atrativo e relev\u00e2ncia cultural, estas ta\u00e7as de coco s\u00e3o a op\u00e7\u00e3o perfeita para aqueles que procuram levar um peda\u00e7o de Barcelona para casa.<\/p>\n","protected":false},"excerpt":{"rendered":"<p>Desfrute deste conjunto de quatro ta\u00e7as de coco, cada uma com um di\u00e2metro de 13 cm e uma altura de 6 cm, uma homenagem a Barcelona. Cada ta\u00e7a est\u00e1 decorada com um design de tartaruga e apresenta uma t\u00e9cnica de mosaico em cores vibrantes, como azul, amarelo e tons terra. Um distintivo em relevo com a palavra &#8220;Barcelona&#8221; real\u00e7a a sua liga\u00e7\u00e3o cultural. Perfeitas como objetos decorativos ou para servir aperitivos, estas ta\u00e7as combinam arte e funcionalidade numa pe\u00e7a \u00fanica.<\/p>\n","protected":false},"featured_media":10709,"template":"","meta":{"_acf_changed":false},"product_brand":[],"product_cat":[513],"product_tag":[516],"class_list":{"0":"post-26667","1":"product","2":"type-product","3":"status-publish","4":"has-post-thumbnail","6":"product_cat-bols","7":"product_tag-animais","8":"pa_ciudad-barcelona","9":"pa_motivo-tartarugas","10":"pa_pais-espana","12":"first","13":"instock","14":"shipping-taxable","15":"product-type-simple"},"acf":[],"_links":{"self":[{"href":"https:\/\/olemosaic.orbitalia.org\/pt-pt\/wp-json\/wp\/v2\/product\/26667","targetHints":{"allow":["GET"]}}],"collection":[{"href":"https:\/\/olemosaic.orbitalia.org\/pt-pt\/wp-json\/wp\/v2\/product"}],"about":[{"href":"https:\/\/olemosaic.orbitalia.org\/pt-pt\/wp-json\/wp\/v2\/types\/product"}],"wp:featuredmedia":[{"embeddable":true,"href":"https:\/\/olemosaic.orbitalia.org\/pt-pt\/wp-json\/wp\/v2\/media\/10709"}],"wp:attachment":[{"href":"https:\/\/olemosaic.orbitalia.org\/pt-pt\/wp-json\/wp\/v2\/media?parent=26667"}],"wp:term":[{"taxonomy":"product_brand","embeddable":true,"href":"https:\/\/olemosaic.orbitalia.org\/pt-pt\/wp-json\/wp\/v2\/product_brand?post=26667"},{"taxonomy":"product_cat","embeddable":true,"href":"https:\/\/olemosaic.orbitalia.org\/pt-pt\/wp-json\/wp\/v2\/product_cat?post=26667"},{"taxonomy":"product_tag","embeddable":true,"href":"https:\/\/olemosaic.orbitalia.org\/pt-pt\/wp-json\/wp\/v2\/product_tag?post=26667"}],"curies":[{"name":"wp","href":"https:\/\/api.w.org\/{rel}","templated":true}]}}