{"id":26597,"date":"2025-02-20T22:28:23","date_gmt":"2025-02-20T22:28:23","guid":{"rendered":"https:\/\/olemosaic.orbitalia.org\/producto\/4-bols-de-coco-de-13-x-6-cm-arcoiris\/"},"modified":"2025-07-25T18:44:27","modified_gmt":"2025-07-25T16:44:27","slug":"4-tacas-de-coco-de-13-x-6-cm-arco-iris","status":"publish","type":"product","link":"https:\/\/olemosaic.orbitalia.org\/pt-pt\/produto\/4-tacas-de-coco-de-13-x-6-cm-arco-iris\/","title":{"rendered":"4 Ta\u00e7as de coco de 13 x 6 cm. Arco-\u00edris."},"content":{"rendered":"<p>Descubra as nossas coloridas ta\u00e7as de coco arco-\u00edris, ideais para alegrar qualquer mesa. Este conjunto de quatro ta\u00e7as, com dimens\u00f5es de 13 x 6 cm, \u00e9 perfeito para servir aperitivos ou como pe\u00e7as decorativas \u00fanicas. Cada ta\u00e7a \u00e9 meticulosamente elaborada a partir de material natural de coco, oferecendo n\u00e3o s\u00f3 uma est\u00e9tica vibrante, mas tamb\u00e9m uma liga\u00e7\u00e3o aut\u00eantica com a cultura tropical. A brilhante camada de pintura apresenta faixas em vermelho, laranja, amarelo, verde e azul, criando um efeito alegre que evoca o calor e as paisagens costeiras de Espanha e Portugal, onde o uso de produtos naturais e coloridos faz parte do folclore local.<\/p>\n<p>Estas ta\u00e7as n\u00e3o s\u00e3o apenas funcionais, mas tamb\u00e9m conferem um estilo distintivo e de praia, real\u00e7ando o artesanato \u00fanico que caracteriza as lembran\u00e7as aut\u00eanticas. Uma recorda\u00e7\u00e3o perfeita para quem procura levar para casa um peda\u00e7o da cultura espanhola ou portuguesa. Como distribuidores de lembran\u00e7as por grosso, na Ol\u00e9 Mosaic garantimos a qualidade e autenticidade de cada pe\u00e7a, tornando estas ta\u00e7as de coco uma excelente op\u00e7\u00e3o para lojas de presentes tur\u00edsticos. Com o seu design vibrante e ra\u00edzes culturais, estas lembran\u00e7as de ta\u00e7as de coco s\u00e3o uma escolha de destaque para quem valoriza o estilo e a tradi\u00e7\u00e3o em cada detalhe.<\/p>\n","protected":false},"excerpt":{"rendered":"<p>Ta\u00e7as de coco com design arco-\u00edris, de 13 x 6 cm, perfeitas para dar um toque vibrante a qualquer mesa. Cada ta\u00e7a \u00e9 feita de coco natural e pintada com faixas de cores vermelho, laranja, amarelo, verde e azul, criando um efeito alegre e chamativo. Ideais para servir aperitivos ou como elemento decorativo, real\u00e7ando o estilo tropical e o artesanato \u00fanico.<\/p>\n","protected":false},"featured_media":13787,"template":"","meta":{"_acf_changed":false},"product_brand":[],"product_cat":[513],"product_tag":[],"class_list":{"0":"post-26597","1":"product","2":"type-product","3":"status-publish","4":"has-post-thumbnail","6":"product_cat-bols","7":"pa_motivo-arco-iris","9":"first","10":"instock","11":"shipping-taxable","12":"product-type-simple"},"acf":[],"_links":{"self":[{"href":"https:\/\/olemosaic.orbitalia.org\/pt-pt\/wp-json\/wp\/v2\/product\/26597","targetHints":{"allow":["GET"]}}],"collection":[{"href":"https:\/\/olemosaic.orbitalia.org\/pt-pt\/wp-json\/wp\/v2\/product"}],"about":[{"href":"https:\/\/olemosaic.orbitalia.org\/pt-pt\/wp-json\/wp\/v2\/types\/product"}],"wp:featuredmedia":[{"embeddable":true,"href":"https:\/\/olemosaic.orbitalia.org\/pt-pt\/wp-json\/wp\/v2\/media\/13787"}],"wp:attachment":[{"href":"https:\/\/olemosaic.orbitalia.org\/pt-pt\/wp-json\/wp\/v2\/media?parent=26597"}],"wp:term":[{"taxonomy":"product_brand","embeddable":true,"href":"https:\/\/olemosaic.orbitalia.org\/pt-pt\/wp-json\/wp\/v2\/product_brand?post=26597"},{"taxonomy":"product_cat","embeddable":true,"href":"https:\/\/olemosaic.orbitalia.org\/pt-pt\/wp-json\/wp\/v2\/product_cat?post=26597"},{"taxonomy":"product_tag","embeddable":true,"href":"https:\/\/olemosaic.orbitalia.org\/pt-pt\/wp-json\/wp\/v2\/product_tag?post=26597"}],"curies":[{"name":"wp","href":"https:\/\/api.w.org\/{rel}","templated":true}]}}