{"id":26556,"date":"2025-02-20T23:28:22","date_gmt":"2025-02-20T22:28:22","guid":{"rendered":"https:\/\/olemosaic.orbitalia.org\/producto\/bol-de-ceramica-de-9-cm-salamandra-y-flores-blanco\/"},"modified":"2025-07-25T20:33:35","modified_gmt":"2025-07-25T18:33:35","slug":"taca-de-ceramica-de-9-cm-salamandra-e-flores-branco","status":"publish","type":"product","link":"https:\/\/olemosaic.orbitalia.org\/pt-pt\/produto\/taca-de-ceramica-de-9-cm-salamandra-e-flores-branco\/","title":{"rendered":"Ta\u00e7a de cer\u00e2mica de 9 cm. Salamandra e flores. Branco"},"content":{"rendered":"<p>Descubra a nossa encantadora ta\u00e7a de cer\u00e2mica de 9 cm, um aut\u00eantico tesouro que captura a rica tradi\u00e7\u00e3o artesanal espanhola. Esta ta\u00e7a, com a sua base branca e um vibrante rebordo superior vermelho, destaca-se por um design cativante que combina salamandras e flores, uma representa\u00e7\u00e3o fiel da diversidade e do colorido do patrim\u00f3nio espanhol. Cada detalhe foi criado com a t\u00e9cnica de pintura \u00e0 m\u00e3o, exibindo belos motivos florais em tons de azul, verde e vermelho que parecem ganhar vida ao serem admirados. Perfeita para servir aperitivos ou como pe\u00e7a decorativa, esta ta\u00e7a n\u00e3o s\u00f3 adiciona um toque alegre a qualquer mesa, como tamb\u00e9m convida os comensais a desfrutar da beleza da cultura espanhola. As salamandras, com o seu simbolismo de renascimento e adaptabilidade, acrescentam um significado profundo a cada utiliza\u00e7\u00e3o da ta\u00e7a, tornando-a um presente ideal para quem procura recorda\u00e7\u00f5es aut\u00eanticas e representativas das suas viagens. Na Ol\u00e9 Mosaic, especializamo-nos na distribui\u00e7\u00e3o de recorda\u00e7\u00f5es por grosso, e esta ta\u00e7a de cer\u00e2mica \u00e9 uma excelente op\u00e7\u00e3o para lojas de presentes tur\u00edsticos que desejem oferecer produtos de qualidade que realcem a riqueza cultural de Espanha.<\/p>\n","protected":false},"excerpt":{"rendered":"<p>Ta\u00e7a de cer\u00e2mica de 9 cm, decorada com um vibrante design de salamandras e flores, que representa a rica tradi\u00e7\u00e3o artesanal espanhola. Com base branca e um rebordo superior vermelho, este artigo apresenta belos motivos florais em tons de azul, verde e vermelho, criados atrav\u00e9s da t\u00e9cnica de pintura \u00e0 m\u00e3o. Perfeita para servir aperitivos ou como pe\u00e7a decorativa, o seu design colorido adiciona um toque alegre a qualquer mesa.<\/p>\n","protected":false},"featured_media":11178,"template":"","meta":{"_acf_changed":false},"product_brand":[],"product_cat":[513],"product_tag":[516,515],"class_list":{"0":"post-26556","1":"product","2":"type-product","3":"status-publish","4":"has-post-thumbnail","6":"product_cat-bols","7":"product_tag-animais","8":"product_tag-ceramica","9":"pa_motivo-salamandras","11":"first","12":"instock","13":"shipping-taxable","14":"product-type-simple"},"acf":[],"_links":{"self":[{"href":"https:\/\/olemosaic.orbitalia.org\/pt-pt\/wp-json\/wp\/v2\/product\/26556","targetHints":{"allow":["GET"]}}],"collection":[{"href":"https:\/\/olemosaic.orbitalia.org\/pt-pt\/wp-json\/wp\/v2\/product"}],"about":[{"href":"https:\/\/olemosaic.orbitalia.org\/pt-pt\/wp-json\/wp\/v2\/types\/product"}],"wp:featuredmedia":[{"embeddable":true,"href":"https:\/\/olemosaic.orbitalia.org\/pt-pt\/wp-json\/wp\/v2\/media\/11178"}],"wp:attachment":[{"href":"https:\/\/olemosaic.orbitalia.org\/pt-pt\/wp-json\/wp\/v2\/media?parent=26556"}],"wp:term":[{"taxonomy":"product_brand","embeddable":true,"href":"https:\/\/olemosaic.orbitalia.org\/pt-pt\/wp-json\/wp\/v2\/product_brand?post=26556"},{"taxonomy":"product_cat","embeddable":true,"href":"https:\/\/olemosaic.orbitalia.org\/pt-pt\/wp-json\/wp\/v2\/product_cat?post=26556"},{"taxonomy":"product_tag","embeddable":true,"href":"https:\/\/olemosaic.orbitalia.org\/pt-pt\/wp-json\/wp\/v2\/product_tag?post=26556"}],"curies":[{"name":"wp","href":"https:\/\/api.w.org\/{rel}","templated":true}]}}