{"id":26555,"date":"2025-02-20T22:28:21","date_gmt":"2025-02-20T22:28:21","guid":{"rendered":"https:\/\/olemosaic.orbitalia.org\/producto\/posavasos-de-ceramica-salamandra-mallorca\/"},"modified":"2025-07-25T18:46:29","modified_gmt":"2025-07-25T16:46:29","slug":"base-de-copos-de-ceramica-salamandra-maiorca","status":"publish","type":"product","link":"https:\/\/olemosaic.orbitalia.org\/pt-pt\/produto\/base-de-copos-de-ceramica-salamandra-maiorca\/","title":{"rendered":"Base de copos de cer\u00e2mica. Salamandra. Maiorca."},"content":{"rendered":"<p>Descubra a nossa elegante base de copos de cer\u00e2mica decorada com uma vibrante ilustra\u00e7\u00e3o de salamandras, inspirada nas tradi\u00e7\u00f5es de Maiorca. Ideal para adicionar um toque mediterr\u00e2nico a qualquer mesa, esta base de copos apresenta um design colorido que real\u00e7a as salamandras em tons de vermelho, azul e verde, sobre um fundo de mosaico branco que evoca a rica hist\u00f3ria art\u00edstica da ilha. A palavra &#8220;MALLORCA&#8221; situa-se no centro, enfatizando a sua origem e autenticidade, o que torna cada pe\u00e7a uma recorda\u00e7\u00e3o aut\u00eantica desta encantadora regi\u00e3o.<\/p>\n<p>Fabricada com cer\u00e2mica de alta qualidade, esta base de copos n\u00e3o s\u00f3 \u00e9 pr\u00e1tica para proteger as superf\u00edcies, como tamb\u00e9m atua como uma pe\u00e7a decorativa que celebra a biodiversidade local. As salamandras s\u00e3o s\u00edmbolo de adapta\u00e7\u00e3o e vivacidade na cultura mediterr\u00e2nica, o que acrescenta um significado especial a este artigo. Com o seu design colorido, esta base de copos \u00e9 uma excelente op\u00e7\u00e3o para turistas que procuram recorda\u00e7\u00f5es de Maiorca que capturem a ess\u00eancia da sua viagem.<\/p>\n<p>Na Ol\u00e9 Mosaic, somos especialistas na distribui\u00e7\u00e3o de recorda\u00e7\u00f5es por grosso. Esta base de copos, que representa a cultura maiorquina, \u00e9 um produto atrativo para lojas de presentes tur\u00edsticos que desejem oferecer artigos aut\u00eanticos e de qualidade. Como grossistas de cer\u00e2mica, garantimos artesanato e exclusividade em cada pe\u00e7a.<\/p>\n","protected":false},"excerpt":{"rendered":"<p>Base de copos de cer\u00e2mica decorada com uma apelativa ilustra\u00e7\u00e3o de salamandras, inspirada nas tradi\u00e7\u00f5es maiorquinas. Este design vibrante apresenta salamandras vermelhas, azuis e verdes, rodeadas de flores sobre um fundo de mosaico branco. A pe\u00e7a inclui a palavra &#8220;MALLORCA&#8221; no centro, real\u00e7ando a sua origem. Ideal para adicionar um toque mediterr\u00e2nico a qualquer mesa, combina funcionalidade e arte numa apresenta\u00e7\u00e3o preciosa.<\/p>\n","protected":false},"featured_media":8965,"template":"","meta":{"_acf_changed":false},"product_brand":[],"product_cat":[818],"product_tag":[516,515],"class_list":{"0":"post-26555","1":"product","2":"type-product","3":"status-publish","4":"has-post-thumbnail","6":"product_cat-bases-de-copos","7":"product_tag-animais","8":"product_tag-ceramica","9":"pa_ciudad-mallorca","10":"pa_motivo-salamandras","11":"pa_pais-espana","13":"first","14":"instock","15":"shipping-taxable","16":"product-type-simple"},"acf":[],"_links":{"self":[{"href":"https:\/\/olemosaic.orbitalia.org\/pt-pt\/wp-json\/wp\/v2\/product\/26555","targetHints":{"allow":["GET"]}}],"collection":[{"href":"https:\/\/olemosaic.orbitalia.org\/pt-pt\/wp-json\/wp\/v2\/product"}],"about":[{"href":"https:\/\/olemosaic.orbitalia.org\/pt-pt\/wp-json\/wp\/v2\/types\/product"}],"wp:featuredmedia":[{"embeddable":true,"href":"https:\/\/olemosaic.orbitalia.org\/pt-pt\/wp-json\/wp\/v2\/media\/8965"}],"wp:attachment":[{"href":"https:\/\/olemosaic.orbitalia.org\/pt-pt\/wp-json\/wp\/v2\/media?parent=26555"}],"wp:term":[{"taxonomy":"product_brand","embeddable":true,"href":"https:\/\/olemosaic.orbitalia.org\/pt-pt\/wp-json\/wp\/v2\/product_brand?post=26555"},{"taxonomy":"product_cat","embeddable":true,"href":"https:\/\/olemosaic.orbitalia.org\/pt-pt\/wp-json\/wp\/v2\/product_cat?post=26555"},{"taxonomy":"product_tag","embeddable":true,"href":"https:\/\/olemosaic.orbitalia.org\/pt-pt\/wp-json\/wp\/v2\/product_tag?post=26555"}],"curies":[{"name":"wp","href":"https:\/\/api.w.org\/{rel}","templated":true}]}}