{"id":26554,"date":"2025-02-20T22:28:21","date_gmt":"2025-02-20T22:28:21","guid":{"rendered":"https:\/\/olemosaic.orbitalia.org\/producto\/cortador-de-ceramica-salamandra\/"},"modified":"2025-07-25T18:49:27","modified_gmt":"2025-07-25T16:49:27","slug":"cortador-de-ceramica-salamandra-pt-pt","status":"publish","type":"product","link":"https:\/\/olemosaic.orbitalia.org\/pt-pt\/produto\/cortador-de-ceramica-salamandra-pt-pt\/","title":{"rendered":"Cortador de cer\u00e2mica. Salamandra."},"content":{"rendered":"<p>Descubra o nosso Cortador de Cer\u00e2mica Decorado, uma joia da arte andaluza que adiciona um toque vibrante a qualquer cozinha. Este acess\u00f3rio pr\u00e1tico, inspirado no colorido mosaico andaluz, apresenta um design apelativo em tons de vermelho, verde e azul, com diversas salamandras em diferentes posturas sobre um fundo de estilo azulejado, capturando a ess\u00eancia da fauna e flora mediterr\u00e2nica. Fabricado em cer\u00e2mica de alta qualidade, este cortador destaca-se tanto pela sua funcionalidade como pelo seu apelo est\u00e9tico, tornando-se uma recorda\u00e7\u00e3o ideal para quem ama a cultura espanhola e os detalhes artesanais.<\/p>\n<p>As salamandras, s\u00edmbolo de for\u00e7a e transforma\u00e7\u00e3o em muitas culturas, entrela\u00e7am-se com flores delicadas numa homenagem \u00e0 rica biodiversidade do sul de Espanha. Este cortador \u00e9 mais do que um simples utens\u00edlio; \u00e9 uma lembran\u00e7a da beleza do patrim\u00f3nio andaluz, perfeito para aqueles que desejam levar um peda\u00e7o da cultura espanhola para casa. Na Ol\u00e9 Mosaic, como grossistas de recorda\u00e7\u00f5es aut\u00eanticas, oferecemos produtos que refletem a hist\u00f3ria e a tradi\u00e7\u00e3o da nossa terra. Este cortador de cer\u00e2mica \u00e9, sem d\u00favida, uma excelente op\u00e7\u00e3o para lojas de presentes tur\u00edsticos que procuram oferecer aos seus clientes uma representa\u00e7\u00e3o genu\u00edna da Andaluzia.<\/p>\n","protected":false},"excerpt":{"rendered":"<p>Cortador de cer\u00e2mica decorado com motivos de salamandras e flores, inspirado no colorido mosaico andaluz. Este acess\u00f3rio pr\u00e1tico apresenta um design vibrante em tons de vermelho, verde e azul, com salamandras em diversas posi\u00e7\u00f5es sobre um fundo que simula azulejos. Fabricado em cer\u00e2mica, combina funcionalidade e arte, o que o torna uma recorda\u00e7\u00e3o ideal para os amantes da cultura espanhola e dos detalhes artesanais. Perfeito para adicionar um toque andaluz \u00e0 sua cozinha.<\/p>\n","protected":false},"featured_media":9040,"template":"","meta":{"_acf_changed":false},"product_brand":[],"product_cat":[797],"product_tag":[516,515],"class_list":{"0":"post-26554","1":"product","2":"type-product","3":"status-publish","4":"has-post-thumbnail","6":"product_cat-cortadores","7":"product_tag-animais","8":"product_tag-ceramica","9":"pa_motivo-salamandras","11":"first","12":"instock","13":"shipping-taxable","14":"product-type-simple"},"acf":[],"_links":{"self":[{"href":"https:\/\/olemosaic.orbitalia.org\/pt-pt\/wp-json\/wp\/v2\/product\/26554","targetHints":{"allow":["GET"]}}],"collection":[{"href":"https:\/\/olemosaic.orbitalia.org\/pt-pt\/wp-json\/wp\/v2\/product"}],"about":[{"href":"https:\/\/olemosaic.orbitalia.org\/pt-pt\/wp-json\/wp\/v2\/types\/product"}],"wp:featuredmedia":[{"embeddable":true,"href":"https:\/\/olemosaic.orbitalia.org\/pt-pt\/wp-json\/wp\/v2\/media\/9040"}],"wp:attachment":[{"href":"https:\/\/olemosaic.orbitalia.org\/pt-pt\/wp-json\/wp\/v2\/media?parent=26554"}],"wp:term":[{"taxonomy":"product_brand","embeddable":true,"href":"https:\/\/olemosaic.orbitalia.org\/pt-pt\/wp-json\/wp\/v2\/product_brand?post=26554"},{"taxonomy":"product_cat","embeddable":true,"href":"https:\/\/olemosaic.orbitalia.org\/pt-pt\/wp-json\/wp\/v2\/product_cat?post=26554"},{"taxonomy":"product_tag","embeddable":true,"href":"https:\/\/olemosaic.orbitalia.org\/pt-pt\/wp-json\/wp\/v2\/product_tag?post=26554"}],"curies":[{"name":"wp","href":"https:\/\/api.w.org\/{rel}","templated":true}]}}