{"id":26553,"date":"2025-02-20T22:28:21","date_gmt":"2025-02-20T22:28:21","guid":{"rendered":"https:\/\/olemosaic.orbitalia.org\/producto\/4-bols-de-coco-de-13-x-6-cm-isla-tenerife-2\/"},"modified":"2025-07-25T19:11:32","modified_gmt":"2025-07-25T17:11:32","slug":"4-tacas-de-coco-de-13-x-6-cm-ilha-tenerife-2","status":"publish","type":"product","link":"https:\/\/olemosaic.orbitalia.org\/pt-pt\/produto\/4-tacas-de-coco-de-13-x-6-cm-ilha-tenerife-2\/","title":{"rendered":"4 Ta\u00e7as de coco de 13 x 6 cm. Ilha. Tenerife."},"content":{"rendered":"<p>Descubra o nosso conjunto de 4 ta\u00e7as de coco de 13 x 6 cm, uma proposta vibrante que captura a ess\u00eancia da ilha de Tenerife. Cada ta\u00e7a \u00e9 uma pe\u00e7a \u00fanica e artesanal, criada para embelezar qualquer mesa com um toque ex\u00f3tico e colorido. A base escura das ta\u00e7as est\u00e1 salpicada de cora\u00e7\u00f5es numa gama de tons quentes e frios, como azul, vermelho, amarelo e rosa, que real\u00e7am a silhueta de Tenerife, situada no centro de cada pe\u00e7a. Esta decora\u00e7\u00e3o n\u00e3o s\u00f3 confere um estilo visual impactante, como tamb\u00e9m evoca o ambiente tropical e alegre das Ilhas Can\u00e1rias.<\/p>\n<p>O design destas ta\u00e7as \u00e9 perfeito tanto para o uso di\u00e1rio como para ocasi\u00f5es especiais, tornando-as uma recorda\u00e7\u00e3o ideal para quem deseja levar um pedacinho de Tenerife para casa. Sendo um produto feito \u00e0 m\u00e3o, cada ta\u00e7a tem a sua pr\u00f3pria personalidade, o que garante autenticidade e singularidade em cada compra. Este conjunto n\u00e3o \u00e9 apenas um bonito complemento decorativo, mas tamb\u00e9m uma recorda\u00e7\u00e3o representativa da rica cultura e das tradi\u00e7\u00f5es locais.<\/p>\n<p>Na Ol\u00e9 Mosaic, comprometemo-nos a oferecer recorda\u00e7\u00f5es de qualidade que capturem a beleza e a diversidade de Espanha. Este conjunto de ta\u00e7as de coco \u00e9 uma excelente op\u00e7\u00e3o para lojas de presentes tur\u00edsticos que procurem produtos que realcem o melhor das Ilhas Can\u00e1rias. Como distribuidores de artigos artesanais por grosso, garantimos que cada produto reflita o esp\u00edrito aut\u00eantico da sua origem.<\/p>\n","protected":false},"excerpt":{"rendered":"<p>Conjunto de 4 ta\u00e7as de coco de 13 x 6 cm, decoradas com cores vibrantes e motivos representativos da ilha de Tenerife. Cada ta\u00e7a apresenta um fundo escuro salpicado de cora\u00e7\u00f5es em tons quentes e frios, com a silhueta de Tenerife no centro, destacando-se em cores como azul, vermelho, amarelo e rosa. Esta pe\u00e7a artesanal \u00e9 ideal para dar um toque ex\u00f3tico \u00e0 sua mesa e recordar a beleza das Ilhas Can\u00e1rias.<\/p>\n","protected":false},"featured_media":10669,"template":"","meta":{"_acf_changed":false},"product_brand":[],"product_cat":[513],"product_tag":[],"class_list":{"0":"post-26553","1":"product","2":"type-product","3":"status-publish","4":"has-post-thumbnail","6":"product_cat-bols","7":"pa_ciudad-tenerife","8":"pa_motivo-ilhas","9":"pa_pais-espana","11":"first","12":"instock","13":"shipping-taxable","14":"product-type-simple"},"acf":[],"_links":{"self":[{"href":"https:\/\/olemosaic.orbitalia.org\/pt-pt\/wp-json\/wp\/v2\/product\/26553","targetHints":{"allow":["GET"]}}],"collection":[{"href":"https:\/\/olemosaic.orbitalia.org\/pt-pt\/wp-json\/wp\/v2\/product"}],"about":[{"href":"https:\/\/olemosaic.orbitalia.org\/pt-pt\/wp-json\/wp\/v2\/types\/product"}],"wp:featuredmedia":[{"embeddable":true,"href":"https:\/\/olemosaic.orbitalia.org\/pt-pt\/wp-json\/wp\/v2\/media\/10669"}],"wp:attachment":[{"href":"https:\/\/olemosaic.orbitalia.org\/pt-pt\/wp-json\/wp\/v2\/media?parent=26553"}],"wp:term":[{"taxonomy":"product_brand","embeddable":true,"href":"https:\/\/olemosaic.orbitalia.org\/pt-pt\/wp-json\/wp\/v2\/product_brand?post=26553"},{"taxonomy":"product_cat","embeddable":true,"href":"https:\/\/olemosaic.orbitalia.org\/pt-pt\/wp-json\/wp\/v2\/product_cat?post=26553"},{"taxonomy":"product_tag","embeddable":true,"href":"https:\/\/olemosaic.orbitalia.org\/pt-pt\/wp-json\/wp\/v2\/product_tag?post=26553"}],"curies":[{"name":"wp","href":"https:\/\/api.w.org\/{rel}","templated":true}]}}