{"id":26517,"date":"2025-02-20T22:28:21","date_gmt":"2025-02-20T22:28:21","guid":{"rendered":"https:\/\/olemosaic.orbitalia.org\/producto\/bol-de-coco-rojo-salamandra-mallorca\/"},"modified":"2025-07-25T20:23:43","modified_gmt":"2025-07-25T18:23:43","slug":"taca-de-coco-vermelha-salamandra-maiorca","status":"publish","type":"product","link":"https:\/\/olemosaic.orbitalia.org\/pt-pt\/produto\/taca-de-coco-vermelha-salamandra-maiorca\/","title":{"rendered":"Ta\u00e7a de coco vermelha. Salamandra. Maiorca."},"content":{"rendered":"<p>Descubra a nossa ta\u00e7a de coco vermelha decorada com uma salamandra, um aut\u00eantico souvenir que encapsula a ess\u00eancia de Maiorca. Este requintado artigo artesanal, meticulosamente desenhado \u00e0 m\u00e3o, apresenta uma vibrante tonalidade vermelha que evoca o calor e a beleza natural da ilha. A figura da salamandra, representada com detalhes em branco, destaca-se elegantemente sobre o fundo vermelho, tornando-se um s\u00edmbolo da rica fauna maiorquina. Al\u00e9m disso, a inscri\u00e7\u00e3o &#8220;MALLORCA&#8221; na parte inferior da ta\u00e7a acrescenta um toque de autenticidade que a torna uma recorda\u00e7\u00e3o ideal para quem deseja levar um pedacinho desta maravilhosa regi\u00e3o.<\/p>\n<p>A forma ovalada da ta\u00e7a e os elementos decorativos em relevo n\u00e3o s\u00f3 s\u00e3o um deleite para a vista, como tamb\u00e9m evocam o patrim\u00f3nio cultural de Maiorca, onde a arte da cer\u00e2mica e o artesanato s\u00e3o profundamente valorizados. Esta ta\u00e7a n\u00e3o serve apenas como um pr\u00e1tico objeto decorativo, mas tamb\u00e9m reflete o amor pela natureza e pela cultura da ilha. Na Ol\u00e9 Mosaic, orgulhamo-nos de oferecer souvenirs aut\u00eanticos que celebram a tradi\u00e7\u00e3o local, e esta ta\u00e7a de coco vermelha \u00e9 uma excelente op\u00e7\u00e3o para as lojas de presentes tur\u00edsticos que procuram produtos significativos e de qualidade. Ideal para os turistas que desejem levar um pedacinho de Maiorca, esta ta\u00e7a \u00e9 o presente perfeito que combina utilidade e beleza.<\/p>\n","protected":false},"excerpt":{"rendered":"<p>Ta\u00e7a de coco vermelha decorada com uma salamandra, representativa da fauna maiorquina. Este requintado artigo artesanal, desenhado \u00e0 m\u00e3o, apresenta uma vibrante tonalidade vermelha com detalhes em branco que real\u00e7am a figura da salamandra, al\u00e9m do texto &#8220;MALLORCA&#8221;. A sua forma ovalada e os elementos decorativos em relevo evocam a riqueza cultural da ilha, tornando-a um atraente souvenir ideal para os amantes do artesanato e do folclore maiorquinos.<\/p>\n","protected":false},"featured_media":11772,"template":"","meta":{"_acf_changed":false},"product_brand":[],"product_cat":[513],"product_tag":[516],"class_list":{"0":"post-26517","1":"product","2":"type-product","3":"status-publish","4":"has-post-thumbnail","6":"product_cat-bols","7":"product_tag-animais","8":"pa_ciudad-mallorca","9":"pa_motivo-salamandras","10":"pa_pais-espana","12":"first","13":"instock","14":"shipping-taxable","15":"product-type-simple"},"acf":[],"_links":{"self":[{"href":"https:\/\/olemosaic.orbitalia.org\/pt-pt\/wp-json\/wp\/v2\/product\/26517","targetHints":{"allow":["GET"]}}],"collection":[{"href":"https:\/\/olemosaic.orbitalia.org\/pt-pt\/wp-json\/wp\/v2\/product"}],"about":[{"href":"https:\/\/olemosaic.orbitalia.org\/pt-pt\/wp-json\/wp\/v2\/types\/product"}],"wp:featuredmedia":[{"embeddable":true,"href":"https:\/\/olemosaic.orbitalia.org\/pt-pt\/wp-json\/wp\/v2\/media\/11772"}],"wp:attachment":[{"href":"https:\/\/olemosaic.orbitalia.org\/pt-pt\/wp-json\/wp\/v2\/media?parent=26517"}],"wp:term":[{"taxonomy":"product_brand","embeddable":true,"href":"https:\/\/olemosaic.orbitalia.org\/pt-pt\/wp-json\/wp\/v2\/product_brand?post=26517"},{"taxonomy":"product_cat","embeddable":true,"href":"https:\/\/olemosaic.orbitalia.org\/pt-pt\/wp-json\/wp\/v2\/product_cat?post=26517"},{"taxonomy":"product_tag","embeddable":true,"href":"https:\/\/olemosaic.orbitalia.org\/pt-pt\/wp-json\/wp\/v2\/product_tag?post=26517"}],"curies":[{"name":"wp","href":"https:\/\/api.w.org\/{rel}","templated":true}]}}