{"id":26515,"date":"2025-02-20T23:28:21","date_gmt":"2025-02-20T22:28:21","guid":{"rendered":"https:\/\/olemosaic.orbitalia.org\/producto\/mug-de-ceramica-toro-granada-beige\/"},"modified":"2025-07-25T20:34:23","modified_gmt":"2025-07-25T18:34:23","slug":"caneca-de-ceramica-touro-granada-bege","status":"publish","type":"product","link":"https:\/\/olemosaic.orbitalia.org\/pt-pt\/produto\/caneca-de-ceramica-touro-granada-bege\/","title":{"rendered":"Caneca de cer\u00e2mica. Touro. Granada. Bege."},"content":{"rendered":"<p>Descubra a nossa caneca de cer\u00e2mica com um design vibrante de um touro, uma elegante mug que encapsula a ess\u00eancia da cultura espanhola. Esta pe\u00e7a \u00fanica, elaborada em Granada, apresenta um acabamento em bege que serve de tela para um belo motivo em mosaico de cores, onde se destaca a poderosa figura do touro, um s\u00edmbolo emblem\u00e1tico da heran\u00e7a cultural e da tradi\u00e7\u00e3o espanhola. A ilustra\u00e7\u00e3o retrata este formid\u00e1vel animal numa paleta vibrante, combinando tons de azul, verde e vermelho, que confere um ar alegre e festivo a cada gole. Decorada com a palavra \u201cGranada\u201d em letras coloridas, esta caneca n\u00e3o \u00e9 apenas um objeto funcional, mas tamb\u00e9m uma recorda\u00e7\u00e3o palp\u00e1vel da rica hist\u00f3ria da regi\u00e3o andaluza. Completa com uma colher a condizer, \u00e9 perfeita para desfrutar das suas bebidas favoritas, seja caf\u00e9, ch\u00e1 ou chocolate quente, enquanto se deleita com a sua autenticidade. Este souvenir de Granada \u00e9 uma excelente op\u00e7\u00e3o para turistas que procuram uma recorda\u00e7\u00e3o representativa e aut\u00eantica da sua viagem, e tamb\u00e9m uma maravilhosa adi\u00e7\u00e3o para lojas de presentes tur\u00edsticos. Na Ol\u00e9 Mosaic, como distribuidores de souvenirs por grosso, garantimos a qualidade e originalidade desta caneca de cer\u00e2mica, que celebra a heran\u00e7a cultural de Espanha.<\/p>\n","protected":false},"excerpt":{"rendered":"<p>Caneca de cer\u00e2mica com um design vibrante de touro, inspirada na cultura espanhola e elaborada em Granada. Esta elegante caneca apresenta um acabamento em bege com um belo motivo em mosaico de cores que representa um touro, real\u00e7ando a sua figura potente. Decorada com a palavra &#8220;Granada&#8221; em letras coloridas, esta caneca inclui uma colher a condizer, perfeita para desfrutar das suas bebidas com um toque aut\u00eantico de tradi\u00e7\u00e3o.<\/p>\n","protected":false},"featured_media":6875,"template":"","meta":{"_acf_changed":false},"product_brand":[],"product_cat":[726],"product_tag":[516,515],"class_list":{"0":"post-26515","1":"product","2":"type-product","3":"status-publish","4":"has-post-thumbnail","6":"product_cat-mugs","7":"product_tag-animais","8":"product_tag-ceramica","9":"pa_ciudad-granada","10":"pa_motivo-touros","11":"pa_pais-espana","13":"first","14":"instock","15":"shipping-taxable","16":"product-type-simple"},"acf":[],"_links":{"self":[{"href":"https:\/\/olemosaic.orbitalia.org\/pt-pt\/wp-json\/wp\/v2\/product\/26515","targetHints":{"allow":["GET"]}}],"collection":[{"href":"https:\/\/olemosaic.orbitalia.org\/pt-pt\/wp-json\/wp\/v2\/product"}],"about":[{"href":"https:\/\/olemosaic.orbitalia.org\/pt-pt\/wp-json\/wp\/v2\/types\/product"}],"wp:featuredmedia":[{"embeddable":true,"href":"https:\/\/olemosaic.orbitalia.org\/pt-pt\/wp-json\/wp\/v2\/media\/6875"}],"wp:attachment":[{"href":"https:\/\/olemosaic.orbitalia.org\/pt-pt\/wp-json\/wp\/v2\/media?parent=26515"}],"wp:term":[{"taxonomy":"product_brand","embeddable":true,"href":"https:\/\/olemosaic.orbitalia.org\/pt-pt\/wp-json\/wp\/v2\/product_brand?post=26515"},{"taxonomy":"product_cat","embeddable":true,"href":"https:\/\/olemosaic.orbitalia.org\/pt-pt\/wp-json\/wp\/v2\/product_cat?post=26515"},{"taxonomy":"product_tag","embeddable":true,"href":"https:\/\/olemosaic.orbitalia.org\/pt-pt\/wp-json\/wp\/v2\/product_tag?post=26515"}],"curies":[{"name":"wp","href":"https:\/\/api.w.org\/{rel}","templated":true}]}}