{"id":26514,"date":"2025-02-20T23:28:21","date_gmt":"2025-02-20T22:28:21","guid":{"rendered":"https:\/\/olemosaic.orbitalia.org\/producto\/jarra-de-ceramica-panoramica-madrid-beige\/"},"modified":"2025-07-25T19:16:57","modified_gmt":"2025-07-25T17:16:57","slug":"jarra-de-ceramica-panoramica-madrid-bege","status":"publish","type":"product","link":"https:\/\/olemosaic.orbitalia.org\/pt-pt\/produto\/jarra-de-ceramica-panoramica-madrid-bege\/","title":{"rendered":"Jarra de cer\u00e2mica. Panor\u00e2mica. Madrid. Bege."},"content":{"rendered":"<p>Descubra a nossa maravilhosa jarra de cer\u00e2mica de Madrid, um souvenir emblem\u00e1tico que captura a ess\u00eancia vibrante desta cidade hist\u00f3rica. Com um design panor\u00e2mico pintado \u00e0 m\u00e3o, a jarra destaca-se em tons de bege e vermelho, apresentando uma colorida representa\u00e7\u00e3o dos \u00edcones mais reconhecidos de Madrid. De um lado, poder\u00e1 admirar o majestoso Arco da Vit\u00f3ria, enquanto do outro, cenas da movimentada vida urbana desenrolam-se diante dos seus olhos, refletindo a rica cultura que define a capital espanhola.<\/p>\n<p>Esta jarra n\u00e3o \u00e9 apenas funcional, mas tamb\u00e9m decorativa, com um rebordo vermelho que acrescenta um toque de eleg\u00e2ncia e sofistica\u00e7\u00e3o. Fabricada com t\u00e9cnicas artesanais tradicionais, cada jarra \u00e9 \u00fanica, o que a torna um excelente presente para quem procura recorda\u00e7\u00f5es aut\u00eanticas da sua visita a Madrid ou para colecionadores de souvenirs da cidade. Na Ol\u00e9 Mosaic, especializamo-nos na distribui\u00e7\u00e3o de souvenirs por grosso, e esta jarra \u00e9 uma op\u00e7\u00e3o perfeita para lojas de presentes tur\u00edsticos que desejem oferecer produtos representativos e de qualidade. Leve um peda\u00e7o de Madrid para casa com esta jarra de cer\u00e2mica excecional, um verdadeiro s\u00edmbolo das tradi\u00e7\u00f5es e da heran\u00e7a cultural da cidade.<\/p>\n","protected":false},"excerpt":{"rendered":"<p>Jarra de cer\u00e2mica com uma encantadora panor\u00e2mica de Madrid, que real\u00e7a a sua rica cultura e arquitetura. Este artigo, em tons de bege e vermelho, apresenta elementos decorativos que incluem \u00edcones emblem\u00e1ticos da cidade, pintados \u00e0 m\u00e3o com t\u00e9cnicas artesanais. O seu design muito especial mostra detalhes vibrantes, como o Arco da Vit\u00f3ria e cenas da vida urbana, enquanto o rebordo vermelho acrescenta um toque de eleg\u00e2ncia. Ideal para colecionadores e como presente.<\/p>\n","protected":false},"featured_media":7529,"template":"","meta":{"_acf_changed":false},"product_brand":[],"product_cat":[669],"product_tag":[515],"class_list":{"0":"post-26514","1":"product","2":"type-product","3":"status-publish","4":"has-post-thumbnail","6":"product_cat-jarras","7":"product_tag-ceramica","8":"pa_ciudad-madrid","9":"pa_motivo-panoramas","10":"pa_pais-espana","12":"first","13":"instock","14":"shipping-taxable","15":"product-type-simple"},"acf":[],"_links":{"self":[{"href":"https:\/\/olemosaic.orbitalia.org\/pt-pt\/wp-json\/wp\/v2\/product\/26514","targetHints":{"allow":["GET"]}}],"collection":[{"href":"https:\/\/olemosaic.orbitalia.org\/pt-pt\/wp-json\/wp\/v2\/product"}],"about":[{"href":"https:\/\/olemosaic.orbitalia.org\/pt-pt\/wp-json\/wp\/v2\/types\/product"}],"wp:featuredmedia":[{"embeddable":true,"href":"https:\/\/olemosaic.orbitalia.org\/pt-pt\/wp-json\/wp\/v2\/media\/7529"}],"wp:attachment":[{"href":"https:\/\/olemosaic.orbitalia.org\/pt-pt\/wp-json\/wp\/v2\/media?parent=26514"}],"wp:term":[{"taxonomy":"product_brand","embeddable":true,"href":"https:\/\/olemosaic.orbitalia.org\/pt-pt\/wp-json\/wp\/v2\/product_brand?post=26514"},{"taxonomy":"product_cat","embeddable":true,"href":"https:\/\/olemosaic.orbitalia.org\/pt-pt\/wp-json\/wp\/v2\/product_cat?post=26514"},{"taxonomy":"product_tag","embeddable":true,"href":"https:\/\/olemosaic.orbitalia.org\/pt-pt\/wp-json\/wp\/v2\/product_tag?post=26514"}],"curies":[{"name":"wp","href":"https:\/\/api.w.org\/{rel}","templated":true}]}}