{"id":26464,"date":"2025-02-20T22:28:19","date_gmt":"2025-02-20T22:28:19","guid":{"rendered":"https:\/\/olemosaic.orbitalia.org\/producto\/funda-de-telefono-para-xiaomi-11-tpu-punt-de-trobada-barcelona-blanco\/"},"modified":"2025-07-25T19:21:15","modified_gmt":"2025-07-25T17:21:15","slug":"capa-de-telemovel-para-xiaomi-11-tpu-punt-de-trobada-barcelona-branco","status":"publish","type":"product","link":"https:\/\/olemosaic.orbitalia.org\/pt-pt\/produto\/capa-de-telemovel-para-xiaomi-11-tpu-punt-de-trobada-barcelona-branco\/","title":{"rendered":"Capa de telem\u00f3vel para Xiaomi 11 (TPU). Punt de trobada. Barcelona. Branco"},"content":{"rendered":"<p>Descubra a nossa capa para o Xiaomi 11, uma aut\u00eantica joia inspirada no emblem\u00e1tico &#8220;Punt de Trobada&#8221; de Barcelona. Fabricada em TPU de alta qualidade, esta capa combina estilo e prote\u00e7\u00e3o, ideal para quem deseja cuidar do seu dispositivo sem renunciar \u00e0 est\u00e9tica. O seu design apresenta um fundo branco que real\u00e7a um vibrante mosaico de cores, incluindo vermelhos intensos, verdes frescos, amarelos quentes e azuis profundos, evocando a genialidade do famoso arquiteto Antoni Gaud\u00ed.<\/p>\n<p>No centro, a palavra &#8220;Barcelona&#8221; \u00e9 impressa de forma elegante, conferindo um toque local que ecoa a rica cultura e o patrim\u00f3nio da cidade. Este design n\u00e3o s\u00f3 oferece um aspeto impactante, como tamb\u00e9m presta homenagem \u00e0 arquitetura singular de Barcelona, tornando-se um souvenir ideal para turistas que desejam levar um peda\u00e7o desta vibrante metr\u00f3pole.<\/p>\n<p>Na Ol\u00e9 Mosaic, especializamo-nos na distribui\u00e7\u00e3o de produtos aut\u00eanticos e de qualidade, e esta capa para telem\u00f3vel manifesta-se como um souvenir memor\u00e1vel que captura a ess\u00eancia de Barcelona. Uma excelente op\u00e7\u00e3o para lojas de presentes tur\u00edsticos que procuram oferecer artigos \u00fanicos e representativos da cultura espanhola, garantindo que cada cliente tenha a oportunidade de desfrutar de um peda\u00e7o desta cativante cidade no seu dia a dia.<\/p>\n","protected":false},"excerpt":{"rendered":"<p>Capa para Xiaomi 11 fabricada em TPU, com um design colorido inspirado no &#8220;Punt de Trobada&#8221; de Barcelona. O fundo branco real\u00e7a uma variada paleta de cores, como vermelhos, verdes, amarelos e azuis, em forma de mosaicos que evocam o estilo do famoso arquiteto Antoni Gaud\u00ed. A palavra &#8220;Barcelona&#8221; est\u00e1 elegantemente impressa, adicionando um toque local a este design contempor\u00e2neo. Ideal para quem procura prote\u00e7\u00e3o e estilo.<\/p>\n","protected":false},"featured_media":12632,"template":"","meta":{"_acf_changed":false},"product_brand":[],"product_cat":[685],"product_tag":[],"class_list":{"0":"post-26464","1":"product","2":"type-product","3":"status-publish","4":"has-post-thumbnail","6":"product_cat-capas-para-telemoveis","7":"pa_ciudad-barcelona","8":"pa_motivo-punt-de-trobada","9":"pa_pais-espana","11":"first","12":"instock","13":"shipping-taxable","14":"product-type-simple"},"acf":[],"_links":{"self":[{"href":"https:\/\/olemosaic.orbitalia.org\/pt-pt\/wp-json\/wp\/v2\/product\/26464","targetHints":{"allow":["GET"]}}],"collection":[{"href":"https:\/\/olemosaic.orbitalia.org\/pt-pt\/wp-json\/wp\/v2\/product"}],"about":[{"href":"https:\/\/olemosaic.orbitalia.org\/pt-pt\/wp-json\/wp\/v2\/types\/product"}],"wp:featuredmedia":[{"embeddable":true,"href":"https:\/\/olemosaic.orbitalia.org\/pt-pt\/wp-json\/wp\/v2\/media\/12632"}],"wp:attachment":[{"href":"https:\/\/olemosaic.orbitalia.org\/pt-pt\/wp-json\/wp\/v2\/media?parent=26464"}],"wp:term":[{"taxonomy":"product_brand","embeddable":true,"href":"https:\/\/olemosaic.orbitalia.org\/pt-pt\/wp-json\/wp\/v2\/product_brand?post=26464"},{"taxonomy":"product_cat","embeddable":true,"href":"https:\/\/olemosaic.orbitalia.org\/pt-pt\/wp-json\/wp\/v2\/product_cat?post=26464"},{"taxonomy":"product_tag","embeddable":true,"href":"https:\/\/olemosaic.orbitalia.org\/pt-pt\/wp-json\/wp\/v2\/product_tag?post=26464"}],"curies":[{"name":"wp","href":"https:\/\/api.w.org\/{rel}","templated":true}]}}