{"id":26463,"date":"2025-02-20T22:28:19","date_gmt":"2025-02-20T22:28:19","guid":{"rendered":"https:\/\/olemosaic.orbitalia.org\/producto\/funda-de-telefono-para-iphone-14-pro-tpu-gato-barcelona-negro\/"},"modified":"2025-07-25T20:30:36","modified_gmt":"2025-07-25T18:30:36","slug":"capa-de-telemovel-para-iphone-14-pro-tpu-gato-barcelona-preto","status":"publish","type":"product","link":"https:\/\/olemosaic.orbitalia.org\/pt-pt\/produto\/capa-de-telemovel-para-iphone-14-pro-tpu-gato-barcelona-preto\/","title":{"rendered":"Capa de telem\u00f3vel para iPhone 14 Pro (TPU). Gato. Barcelona. Preto"},"content":{"rendered":"<p>Descubra a nossa capa para iPhone 14 Pro de TPU, uma pe\u00e7a que funde funcionalidade e arte num design vibrante que celebra a ess\u00eancia de Barcelona. Esta capa, adornada com um chamativo gato em mosaico, destaca-se pela sua paleta de cores intensas, incluindo azul, verde, vermelho e amarelo, que criam uma imagem alegre e cheia de vida. As delicadas borboletas que voam ao seu redor conferem um toque de natureza e liberdade, evocando a rica biodiversidade da regi\u00e3o. A base preta n\u00e3o s\u00f3 real\u00e7a o design colorido, mas tamb\u00e9m proporciona uma eleg\u00e2ncia s\u00f3bria e moderna, enquanto a inscri\u00e7\u00e3o &#8220;Barcelona&#8221; na parte inferior refor\u00e7a a liga\u00e7\u00e3o cultural com esta ic\u00f3nica cidade.<\/p>\n<p>Este acess\u00f3rio n\u00e3o s\u00f3 protege o seu dispositivo, como tamb\u00e9m se torna um aut\u00eantico souvenir de Barcelona, ideal para quem deseja levar consigo um peda\u00e7o da cultura local. A autenticidade deste artigo torna-o perfeito para turistas que procuram recorda\u00e7\u00f5es significativas e representativas da sua viagem. Na Ol\u00e9 Mosaic, especializamo-nos na distribui\u00e7\u00e3o de souvenirs por grosso, oferecendo produtos que refletem a rica heran\u00e7a cultural de Espanha e que s\u00e3o ideais para lojas de presentes tur\u00edsticos. Esta capa \u00e9 uma op\u00e7\u00e3o ideal para quem procura qualidade e um selo distintivo que fale do seu amor por Barcelona.<\/p>\n","protected":false},"excerpt":{"rendered":"<p>Capa de TPU para iPhone 14 Pro com um design vibrante de um gato em mosaico. Ideal para os amantes de Barcelona, este acess\u00f3rio apresenta uma paleta de cores intensas com azul, verde, vermelho e amarelo, salpicada de borboletas. A base preta real\u00e7a o motivo colorido, e a inscri\u00e7\u00e3o &#8220;Barcelona&#8221; adiciona um toque distintivo e pr\u00f3ximo da cultura local. Um complemento funcional e art\u00edstico para proteger o seu dispositivo.<\/p>\n","protected":false},"featured_media":12387,"template":"","meta":{"_acf_changed":false},"product_brand":[],"product_cat":[685],"product_tag":[516],"class_list":{"0":"post-26463","1":"product","2":"type-product","3":"status-publish","4":"has-post-thumbnail","6":"product_cat-capas-para-telemoveis","7":"product_tag-animais","8":"pa_ciudad-barcelona","9":"pa_motivo-gatos","10":"pa_pais-espana","12":"first","13":"instock","14":"shipping-taxable","15":"product-type-simple"},"acf":[],"_links":{"self":[{"href":"https:\/\/olemosaic.orbitalia.org\/pt-pt\/wp-json\/wp\/v2\/product\/26463","targetHints":{"allow":["GET"]}}],"collection":[{"href":"https:\/\/olemosaic.orbitalia.org\/pt-pt\/wp-json\/wp\/v2\/product"}],"about":[{"href":"https:\/\/olemosaic.orbitalia.org\/pt-pt\/wp-json\/wp\/v2\/types\/product"}],"wp:featuredmedia":[{"embeddable":true,"href":"https:\/\/olemosaic.orbitalia.org\/pt-pt\/wp-json\/wp\/v2\/media\/12387"}],"wp:attachment":[{"href":"https:\/\/olemosaic.orbitalia.org\/pt-pt\/wp-json\/wp\/v2\/media?parent=26463"}],"wp:term":[{"taxonomy":"product_brand","embeddable":true,"href":"https:\/\/olemosaic.orbitalia.org\/pt-pt\/wp-json\/wp\/v2\/product_brand?post=26463"},{"taxonomy":"product_cat","embeddable":true,"href":"https:\/\/olemosaic.orbitalia.org\/pt-pt\/wp-json\/wp\/v2\/product_cat?post=26463"},{"taxonomy":"product_tag","embeddable":true,"href":"https:\/\/olemosaic.orbitalia.org\/pt-pt\/wp-json\/wp\/v2\/product_tag?post=26463"}],"curies":[{"name":"wp","href":"https:\/\/api.w.org\/{rel}","templated":true}]}}