{"id":26456,"date":"2025-02-20T22:28:19","date_gmt":"2025-02-20T22:28:19","guid":{"rendered":"https:\/\/olemosaic.orbitalia.org\/producto\/funda-de-telefono-para-iphone-12-tpu-salamandra-negro\/"},"modified":"2025-07-25T20:13:40","modified_gmt":"2025-07-25T18:13:40","slug":"capa-de-telemovel-para-iphone-12-tpu-salamandra-preto","status":"publish","type":"product","link":"https:\/\/olemosaic.orbitalia.org\/pt-pt\/produto\/capa-de-telemovel-para-iphone-12-tpu-salamandra-preto\/","title":{"rendered":"Capa de telem\u00f3vel para iPhone 12 (TPU). Salamandra. Preto"},"content":{"rendered":"<p>Descubra a nossa capa para iPhone 12, perfeita para quem procura proteger o seu dispositivo com um toque de arte e cultura. Esta capa, elaborada em TPU preto, garante durabilidade e uma excelente prote\u00e7\u00e3o contra impactos e quedas. Ilustra\u00e7\u00f5es deslumbrantes de salamandras e flores decoram a superf\u00edcie, com um design vibrante que reflete a rica tradi\u00e7\u00e3o do folclore espanhol. Cada salamandra, representada em tons brilhantes de azul, vermelho e verde, cria um contraste espetacular com o fundo preto, exibindo um estilo \u00fanico e aut\u00eantico.<\/p>\n<p>Esta recorda\u00e7\u00e3o n\u00e3o \u00e9 apenas funcional, mas tamb\u00e9m uma homenagem \u00e0 biodiversidade e \u00e0 beleza da fauna espanhola, onde as salamandras s\u00e3o s\u00edmbolo de energia e transforma\u00e7\u00e3o. Ideal para turistas que desejam levar para casa um peda\u00e7o da cultura espanhola, esta capa \u00e9 uma excelente recorda\u00e7\u00e3o da sua viagem. Na Ol\u00e9 Mosaic, especializamo-nos na distribui\u00e7\u00e3o de recorda\u00e7\u00f5es por grosso, oferecendo produtos que se destacam pela sua qualidade e originalidade. Esta capa de salamandra \u00e9 uma magn\u00edfica op\u00e7\u00e3o para lojas de recorda\u00e7\u00f5es tur\u00edsticas que procuram artigos \u00fanicos que captem a aten\u00e7\u00e3o dos seus clientes. Certifique-se de adicionar esta recorda\u00e7\u00e3o atrativa \u00e0 sua cole\u00e7\u00e3o de produtos.<\/p>\n","protected":false},"excerpt":{"rendered":"<p>Capa para iPhone 12 fabricada em TPU preto, adornada com ilustra\u00e7\u00f5es coloridas de salamandras e flores. Esta capa apresenta um design vibrante que capta a ess\u00eancia do folclore espanhol, com cada salamandra representada em tons brilhantes de azul, vermelho e verde. O contraste com o fundo preto real\u00e7a os detalhes pintados, criando uma pe\u00e7a \u00fanica que protege o seu dispositivo e adiciona um toque art\u00edstico e cultural.<\/p>\n","protected":false},"featured_media":12998,"template":"","meta":{"_acf_changed":false},"product_brand":[],"product_cat":[685],"product_tag":[516],"class_list":{"0":"post-26456","1":"product","2":"type-product","3":"status-publish","4":"has-post-thumbnail","6":"product_cat-capas-para-telemoveis","7":"product_tag-animais","8":"pa_motivo-salamandras","10":"first","11":"instock","12":"shipping-taxable","13":"product-type-simple"},"acf":[],"_links":{"self":[{"href":"https:\/\/olemosaic.orbitalia.org\/pt-pt\/wp-json\/wp\/v2\/product\/26456","targetHints":{"allow":["GET"]}}],"collection":[{"href":"https:\/\/olemosaic.orbitalia.org\/pt-pt\/wp-json\/wp\/v2\/product"}],"about":[{"href":"https:\/\/olemosaic.orbitalia.org\/pt-pt\/wp-json\/wp\/v2\/types\/product"}],"wp:featuredmedia":[{"embeddable":true,"href":"https:\/\/olemosaic.orbitalia.org\/pt-pt\/wp-json\/wp\/v2\/media\/12998"}],"wp:attachment":[{"href":"https:\/\/olemosaic.orbitalia.org\/pt-pt\/wp-json\/wp\/v2\/media?parent=26456"}],"wp:term":[{"taxonomy":"product_brand","embeddable":true,"href":"https:\/\/olemosaic.orbitalia.org\/pt-pt\/wp-json\/wp\/v2\/product_brand?post=26456"},{"taxonomy":"product_cat","embeddable":true,"href":"https:\/\/olemosaic.orbitalia.org\/pt-pt\/wp-json\/wp\/v2\/product_cat?post=26456"},{"taxonomy":"product_tag","embeddable":true,"href":"https:\/\/olemosaic.orbitalia.org\/pt-pt\/wp-json\/wp\/v2\/product_tag?post=26456"}],"curies":[{"name":"wp","href":"https:\/\/api.w.org\/{rel}","templated":true}]}}