{"id":26454,"date":"2025-02-20T22:28:19","date_gmt":"2025-02-20T22:28:19","guid":{"rendered":"https:\/\/olemosaic.orbitalia.org\/producto\/funda-de-telefono-para-iphone-12-promax-tpu-mariposa-mallorca-blanco\/"},"modified":"2025-07-25T18:51:35","modified_gmt":"2025-07-25T16:51:35","slug":"capa-de-telemovel-para-iphone-12-promax-tpu-borboleta-maiorca-branco","status":"publish","type":"product","link":"https:\/\/olemosaic.orbitalia.org\/pt-pt\/produto\/capa-de-telemovel-para-iphone-12-promax-tpu-borboleta-maiorca-branco\/","title":{"rendered":"Capa de telem\u00f3vel para iPhone 12 Pro Max (TPU). Borboleta. Maiorca. Branco"},"content":{"rendered":"<p>Descubra a nossa capa para iPhone 12 Pro Max, uma pe\u00e7a excecional que funde prote\u00e7\u00e3o e design art\u00edstico, inspirada na bela ilha de Maiorca. Elaborada com material TPU de alta qualidade, esta capa n\u00e3o s\u00f3 protege o seu dispositivo de impactos e riscos, como tamb\u00e9m o adorna com um vibrante motivo de borboletas que evocam a beleza natural da regi\u00e3o. O design apresenta um fundo branco que serve de tela para um mosaico colorido, onde borboletas em tons de azul, vermelho, amarelo e verde proporcionam um efeito visual impactante e alegre. A palavra \u201cMallorca\u201d \u00e9 impressa num estilo elegante, tornando esta capa numa recorda\u00e7\u00e3o representativa da cultura de Maiorca.<\/p>\n<p>As borboletas, s\u00edmbolos de transforma\u00e7\u00e3o e beleza, refletem a rica biodiversidade da ilha e a sua flora tropical. Esta recorda\u00e7\u00e3o \u00fanica \u00e9 ideal para turistas que procuram levar um peda\u00e7o de Maiorca para casa. Na Ol\u00e9 Mosaic, especialistas em recorda\u00e7\u00f5es por grosso, oferecemos esta capa como uma excelente op\u00e7\u00e3o para lojas de recorda\u00e7\u00f5es tur\u00edsticas, garantindo autenticidade e qualidade. Este produto representa n\u00e3o s\u00f3 uma excelente ideia para quem procura recorda\u00e7\u00f5es de Maiorca, mas tamb\u00e9m uma liga\u00e7\u00e3o cultural com a ilha, perfeito para quem deseja captar a ess\u00eancia das suas viagens.<\/p>\n","protected":false},"excerpt":{"rendered":"<p>Capa para iPhone 12 Pro Max fabricada em TPU, decorada com borboletas vibrantes que evocam a beleza de Maiorca. O design inclui um fundo branco com um mosaico colorido que real\u00e7a as borboletas em tons de azul, vermelho, amarelo e verde, criando um efeito visual impactante. Com a palavra \u00abMallorca\u00bb impressa num estilo elegante, esta capa n\u00e3o s\u00f3 protege o seu dispositivo, como tamb\u00e9m confere um toque art\u00edstico e cultural representativo da ilha.<\/p>\n","protected":false},"featured_media":12922,"template":"","meta":{"_acf_changed":false},"product_brand":[],"product_cat":[685],"product_tag":[516],"class_list":{"0":"post-26454","1":"product","2":"type-product","3":"status-publish","4":"has-post-thumbnail","6":"product_cat-capas-para-telemoveis","7":"product_tag-animais","8":"pa_ciudad-mallorca","9":"pa_motivo-borboletas","10":"pa_pais-espana","12":"first","13":"instock","14":"shipping-taxable","15":"product-type-simple"},"acf":[],"_links":{"self":[{"href":"https:\/\/olemosaic.orbitalia.org\/pt-pt\/wp-json\/wp\/v2\/product\/26454","targetHints":{"allow":["GET"]}}],"collection":[{"href":"https:\/\/olemosaic.orbitalia.org\/pt-pt\/wp-json\/wp\/v2\/product"}],"about":[{"href":"https:\/\/olemosaic.orbitalia.org\/pt-pt\/wp-json\/wp\/v2\/types\/product"}],"wp:featuredmedia":[{"embeddable":true,"href":"https:\/\/olemosaic.orbitalia.org\/pt-pt\/wp-json\/wp\/v2\/media\/12922"}],"wp:attachment":[{"href":"https:\/\/olemosaic.orbitalia.org\/pt-pt\/wp-json\/wp\/v2\/media?parent=26454"}],"wp:term":[{"taxonomy":"product_brand","embeddable":true,"href":"https:\/\/olemosaic.orbitalia.org\/pt-pt\/wp-json\/wp\/v2\/product_brand?post=26454"},{"taxonomy":"product_cat","embeddable":true,"href":"https:\/\/olemosaic.orbitalia.org\/pt-pt\/wp-json\/wp\/v2\/product_cat?post=26454"},{"taxonomy":"product_tag","embeddable":true,"href":"https:\/\/olemosaic.orbitalia.org\/pt-pt\/wp-json\/wp\/v2\/product_tag?post=26454"}],"curies":[{"name":"wp","href":"https:\/\/api.w.org\/{rel}","templated":true}]}}