{"id":26406,"date":"2025-02-20T22:28:17","date_gmt":"2025-02-20T22:28:17","guid":{"rendered":"https:\/\/olemosaic.orbitalia.org\/producto\/taza-de-ceramica-barcelona-blanco\/"},"modified":"2025-07-25T19:12:33","modified_gmt":"2025-07-25T17:12:33","slug":"caneca-de-ceramica-barcelona-branco","status":"publish","type":"product","link":"https:\/\/olemosaic.orbitalia.org\/pt-pt\/produto\/caneca-de-ceramica-barcelona-branco\/","title":{"rendered":"Caneca de cer\u00e2mica. Barcelona. Branco."},"content":{"rendered":"<p>Descubra a nossa colorida caneca de cer\u00e2mica decorada com elementos ic\u00f3nicos de Barcelona, uma excelente op\u00e7\u00e3o para quem procura um souvenir representativo desta vibrante cidade. Este design exclusivo apresenta um mosaico vibrante inspirado na obra do famoso arquiteto Antoni Gaud\u00ed, onde se capturam elementos emblem\u00e1ticos como a est\u00e1tua da fonte de Montju\u00efc, o colorido drag\u00e3o do Park G\u00fcell e a moderna Torre Agbar. O fundo branco real\u00e7a a vivacidade das cores, enquanto o interior vermelho confere um atraente contraste que d\u00e1 um toque moderno e fresco ao produto.<\/p>\n<p>Cada detalhe da ilustra\u00e7\u00e3o foi cuidadosamente desenhado para refletir a riqueza cultural de Barcelona, convertendo cada caneca numa pe\u00e7a de arte \u00fanica que celebra a heran\u00e7a arquitect\u00f3nica e art\u00edstica da cidade. Ideal para desfrutar de um caf\u00e9 ou um ch\u00e1, esta caneca de cer\u00e2mica n\u00e3o s\u00f3 \u00e9 funcional, como tamb\u00e9m uma encantadora recorda\u00e7\u00e3o da sua visita a este destino tur\u00edstico.<\/p>\n<p>Na Ol\u00e9 Mosaic, somos especialistas na distribui\u00e7\u00e3o de souvenirs por grosso e esta caneca representa uma op\u00e7\u00e3o perfeita para lojas de presentes tur\u00edsticos que desejem oferecer produtos aut\u00eanticos e de qualidade. Com o seu design caracter\u00edstico, torna-se um atraente souvenir de Barcelona que cativar\u00e1 tanto turistas como locais.<\/p>\n","protected":false},"excerpt":{"rendered":"<p>Caneca de cer\u00e2mica decorada com elementos ic\u00f3nicos de Barcelona, que apresenta um vibrante mosaico inspirado na obra de Gaud\u00ed. O design inclui a famosa fonte de Montju\u00efc, o colorido drag\u00e3o do Park G\u00fcell e a emblem\u00e1tica Torre Agbar, tudo sobre um fundo branco com toques vermelhos no interior. Esta caneca representa a riqueza cultural da cidade com um acabamento brilhante e detalhes art\u00edsticos bem definidos.<\/p>\n","protected":false},"featured_media":9500,"template":"","meta":{"_acf_changed":false},"product_brand":[],"product_cat":[833],"product_tag":[515],"class_list":{"0":"post-26406","1":"product","2":"type-product","3":"status-publish","4":"has-post-thumbnail","6":"product_cat-canecas","7":"product_tag-ceramica","8":"pa_ciudad-barcelona","9":"pa_pais-espana","11":"first","12":"instock","13":"shipping-taxable","14":"product-type-simple"},"acf":[],"_links":{"self":[{"href":"https:\/\/olemosaic.orbitalia.org\/pt-pt\/wp-json\/wp\/v2\/product\/26406","targetHints":{"allow":["GET"]}}],"collection":[{"href":"https:\/\/olemosaic.orbitalia.org\/pt-pt\/wp-json\/wp\/v2\/product"}],"about":[{"href":"https:\/\/olemosaic.orbitalia.org\/pt-pt\/wp-json\/wp\/v2\/types\/product"}],"wp:featuredmedia":[{"embeddable":true,"href":"https:\/\/olemosaic.orbitalia.org\/pt-pt\/wp-json\/wp\/v2\/media\/9500"}],"wp:attachment":[{"href":"https:\/\/olemosaic.orbitalia.org\/pt-pt\/wp-json\/wp\/v2\/media?parent=26406"}],"wp:term":[{"taxonomy":"product_brand","embeddable":true,"href":"https:\/\/olemosaic.orbitalia.org\/pt-pt\/wp-json\/wp\/v2\/product_brand?post=26406"},{"taxonomy":"product_cat","embeddable":true,"href":"https:\/\/olemosaic.orbitalia.org\/pt-pt\/wp-json\/wp\/v2\/product_cat?post=26406"},{"taxonomy":"product_tag","embeddable":true,"href":"https:\/\/olemosaic.orbitalia.org\/pt-pt\/wp-json\/wp\/v2\/product_tag?post=26406"}],"curies":[{"name":"wp","href":"https:\/\/api.w.org\/{rel}","templated":true}]}}