{"id":26385,"date":"2025-02-20T22:28:16","date_gmt":"2025-02-20T22:28:16","guid":{"rendered":"https:\/\/olemosaic.orbitalia.org\/producto\/aceitera-de-ceramica-barcelona-calca-blanco\/"},"modified":"2025-07-25T18:38:03","modified_gmt":"2025-07-25T16:38:03","slug":"galheteiro-de-ceramica-barcelona-decalque-branco","status":"publish","type":"product","link":"https:\/\/olemosaic.orbitalia.org\/pt-pt\/produto\/galheteiro-de-ceramica-barcelona-decalque-branco\/","title":{"rendered":"Galheteiro de cer\u00e2mica. Barcelona. Decalque. Branco"},"content":{"rendered":"<p>Descubra o nosso galheteiro de cer\u00e2mica de estilo moderno, um aut\u00eantico souvenir de Barcelona que funde funcionalidade e arte num \u00fanico objeto. Este elegante galheteiro, de uma atraente cor branca, est\u00e1 decorado com ilustra\u00e7\u00f5es vibrantes dos monumentos mais emblem\u00e1ticos da cidade, como a ic\u00f3nica Sagrada Fam\u00edlia e o m\u00e1gico Parque G\u00fcell. Os decalques que adornam a sua superf\u00edcie apresentam uma exibi\u00e7\u00e3o de cores vivas e detalhes meticulosamente elaborados, convertendo cada pe\u00e7a numa pequena obra de arte que evoca o esp\u00edrito criativo de Barcelona.<\/p>\n<p>O design inclui um pr\u00e1tico doseador na parte superior, o que o torna ideal para real\u00e7ar a excel\u00eancia da cozinha mediterr\u00e2nica ao servir azeites e vinagres. Este galheteiro n\u00e3o \u00e9 apenas um complemento funcional na mesa, mas tamb\u00e9m uma recorda\u00e7\u00e3o visual que captura a ess\u00eancia do patrim\u00f3nio cultural e arquitet\u00f3nico de Barcelona, uma cidade conhecida pela sua arte e hist\u00f3ria.<\/p>\n<p>Na Ol\u00e9 Mosaic, oferecemos este galheteiro de cer\u00e2mica como parte da nossa cole\u00e7\u00e3o de souvenirs de Barcelona, garantindo autenticidade e qualidade em cada produto. \u00c9 o presente perfeito para turistas que desejam levar para casa um peda\u00e7o da cultura catal\u00e3 e recordar a sua experi\u00eancia nesta vibrante cidade. Como grossistas de galheteiros decorativos, fornecemos um artigo que combina design, utilidade e relev\u00e2ncia cultural, ideal para lojas de presentes tur\u00edsticos e amantes da gastronomia.<\/p>\n","protected":false},"excerpt":{"rendered":"<p>Galheteiro de cer\u00e2mica de estilo moderno, decorado com ilustra\u00e7\u00f5es vibrantes dos monumentos mais emblem\u00e1ticos de Barcelona. Este elegante acess\u00f3rio, em cor branca, apresenta um decalque que representa, entre outros, a Sagrada Fam\u00edlia e o Park G\u00fcell, exibindo cores vivas e detalhes minuciosos. O galheteiro inclui um doseador pr\u00e1tico na parte superior, ideal para real\u00e7ar a cozinha mediterr\u00e2nica e adicionar um toque art\u00edstico a qualquer mesa.<\/p>\n","protected":false},"featured_media":9975,"template":"","meta":{"_acf_changed":false},"product_brand":[],"product_cat":[783],"product_tag":[515],"class_list":{"0":"post-26385","1":"product","2":"type-product","3":"status-publish","4":"has-post-thumbnail","6":"product_cat-galheteiros","7":"product_tag-ceramica","8":"pa_ciudad-barcelona","9":"pa_pais-espana","11":"first","12":"instock","13":"shipping-taxable","14":"product-type-simple"},"acf":[],"_links":{"self":[{"href":"https:\/\/olemosaic.orbitalia.org\/pt-pt\/wp-json\/wp\/v2\/product\/26385","targetHints":{"allow":["GET"]}}],"collection":[{"href":"https:\/\/olemosaic.orbitalia.org\/pt-pt\/wp-json\/wp\/v2\/product"}],"about":[{"href":"https:\/\/olemosaic.orbitalia.org\/pt-pt\/wp-json\/wp\/v2\/types\/product"}],"wp:featuredmedia":[{"embeddable":true,"href":"https:\/\/olemosaic.orbitalia.org\/pt-pt\/wp-json\/wp\/v2\/media\/9975"}],"wp:attachment":[{"href":"https:\/\/olemosaic.orbitalia.org\/pt-pt\/wp-json\/wp\/v2\/media?parent=26385"}],"wp:term":[{"taxonomy":"product_brand","embeddable":true,"href":"https:\/\/olemosaic.orbitalia.org\/pt-pt\/wp-json\/wp\/v2\/product_brand?post=26385"},{"taxonomy":"product_cat","embeddable":true,"href":"https:\/\/olemosaic.orbitalia.org\/pt-pt\/wp-json\/wp\/v2\/product_cat?post=26385"},{"taxonomy":"product_tag","embeddable":true,"href":"https:\/\/olemosaic.orbitalia.org\/pt-pt\/wp-json\/wp\/v2\/product_tag?post=26385"}],"curies":[{"name":"wp","href":"https:\/\/api.w.org\/{rel}","templated":true}]}}