{"id":26337,"date":"2025-02-20T22:28:15","date_gmt":"2025-02-20T22:28:15","guid":{"rendered":"https:\/\/olemosaic.orbitalia.org\/producto\/funda-de-telefono-para-iphone-13-pro-tpu-panoramica-barcelona-azul\/"},"modified":"2025-07-25T19:52:14","modified_gmt":"2025-07-25T17:52:14","slug":"capa-para-telemovel-para-iphone-13-pro-tpu-panoramica-barcelona-azul","status":"publish","type":"product","link":"https:\/\/olemosaic.orbitalia.org\/pt-pt\/produto\/capa-para-telemovel-para-iphone-13-pro-tpu-panoramica-barcelona-azul\/","title":{"rendered":"Capa para telem\u00f3vel para iPhone 13 Pro (TPU). Panor\u00e2mica. Barcelona. Azul"},"content":{"rendered":"<p>Descubra a capa de telem\u00f3vel para iPhone 13 Pro de TPU com uma vibrante panor\u00e2mica de Barcelona, uma recorda\u00e7\u00e3o perfeita que capta a ess\u00eancia da emblem\u00e1tica paisagem urbana da cidade. Este design colorido apresenta a majestosa Sagrada Fam\u00edlia, banhada por um brilhante sol mediterr\u00e2nico, rodeada de palmeiras que evocam o ambiente quente e acolhedor da costa catal\u00e3. A paleta de cores inclui azuis intensos, laranjas vibrantes e verdes exuberantes, criando uma obra de arte visual que, al\u00e9m de proteger, acrescenta um toque de estilo pessoal ao seu dispositivo.<\/p>\n<p>Os detalhes art\u00edsticos refletem um estilo moderno e divertido, ideal para quem ama Barcelona e a sua arquitetura \u00fanica. Este acess\u00f3rio n\u00e3o s\u00f3 \u00e9 funcional, assegurando que o seu iPhone 13 Pro esteja a salvo de choques e riscos, como tamb\u00e9m atua como um lembrete constante da beleza e da cultura da Cidade Condal. Como distribuidores de recorda\u00e7\u00f5es na Ol\u00e9 Mosaic, oferecemos-lhe produtos aut\u00eanticos que celebram a rica heran\u00e7a de cada destino. Esta capa torna-se um excelente presente ou recorda\u00e7\u00e3o para turistas que procuram levar consigo um pouco de Barcelona, sendo por isso uma escolha ideal para lojas de presentes tur\u00edsticos e grossistas que procurem artigos representativos. Com esta capa de telem\u00f3vel, poder\u00e1 combinar estilo e prote\u00e7\u00e3o, recordando sempre os encantos de Barcelona.<\/p>\n","protected":false},"excerpt":{"rendered":"<p>Capa de TPU para iPhone 13 Pro com uma vibrante panor\u00e2mica de Barcelona. Este design colorido mostra a emblem\u00e1tica Sagrada Fam\u00edlia, o sol radiante e palmeiras, evocando o ambiente mediterr\u00e2nico da cidade. Os detalhes art\u00edsticos refletem um estilo moderno e divertido, ideal para os amantes de Barcelona. A capa n\u00e3o s\u00f3 protege o telem\u00f3vel, como tamb\u00e9m acrescenta um toque pessoal ao seu dispositivo.<\/p>\n","protected":false},"featured_media":12321,"template":"","meta":{"_acf_changed":false},"product_brand":[],"product_cat":[685],"product_tag":[],"class_list":{"0":"post-26337","1":"product","2":"type-product","3":"status-publish","4":"has-post-thumbnail","6":"product_cat-capas-para-telemoveis","7":"pa_ciudad-barcelona","8":"pa_motivo-panoramas","9":"pa_pais-espana","11":"first","12":"instock","13":"shipping-taxable","14":"product-type-simple"},"acf":[],"_links":{"self":[{"href":"https:\/\/olemosaic.orbitalia.org\/pt-pt\/wp-json\/wp\/v2\/product\/26337","targetHints":{"allow":["GET"]}}],"collection":[{"href":"https:\/\/olemosaic.orbitalia.org\/pt-pt\/wp-json\/wp\/v2\/product"}],"about":[{"href":"https:\/\/olemosaic.orbitalia.org\/pt-pt\/wp-json\/wp\/v2\/types\/product"}],"wp:featuredmedia":[{"embeddable":true,"href":"https:\/\/olemosaic.orbitalia.org\/pt-pt\/wp-json\/wp\/v2\/media\/12321"}],"wp:attachment":[{"href":"https:\/\/olemosaic.orbitalia.org\/pt-pt\/wp-json\/wp\/v2\/media?parent=26337"}],"wp:term":[{"taxonomy":"product_brand","embeddable":true,"href":"https:\/\/olemosaic.orbitalia.org\/pt-pt\/wp-json\/wp\/v2\/product_brand?post=26337"},{"taxonomy":"product_cat","embeddable":true,"href":"https:\/\/olemosaic.orbitalia.org\/pt-pt\/wp-json\/wp\/v2\/product_cat?post=26337"},{"taxonomy":"product_tag","embeddable":true,"href":"https:\/\/olemosaic.orbitalia.org\/pt-pt\/wp-json\/wp\/v2\/product_tag?post=26337"}],"curies":[{"name":"wp","href":"https:\/\/api.w.org\/{rel}","templated":true}]}}