{"id":26336,"date":"2025-02-20T23:28:15","date_gmt":"2025-02-20T22:28:15","guid":{"rendered":"https:\/\/olemosaic.orbitalia.org\/producto\/funda-de-telefono-para-iphone-11-promax-tpu-panoramica-barcelona-azul\/"},"modified":"2025-07-25T19:32:35","modified_gmt":"2025-07-25T17:32:35","slug":"capa-para-telemovel-para-iphone-11-pro-max-tpu-panoramica-barcelona-azul","status":"publish","type":"product","link":"https:\/\/olemosaic.orbitalia.org\/pt-pt\/produto\/capa-para-telemovel-para-iphone-11-pro-max-tpu-panoramica-barcelona-azul\/","title":{"rendered":"Capa para telem\u00f3vel para iPhone 11 Pro Max (TPU). Panor\u00e2mica Sagrada Fam\u00edlia Barcelona. Azul"},"content":{"rendered":"<p>Descubra a capa para iPhone 11 Pro Max inspirada em Barcelona, uma pe\u00e7a que combina prote\u00e7\u00e3o e estilo com um design vibrante que capta a ess\u00eancia desta magn\u00edfica cidade. Este acess\u00f3rio \u00e9 fabricado com TPU de alta qualidade, o que assegura uma durabilidade excecional e uma prote\u00e7\u00e3o eficaz contra choques e riscos. A ilustra\u00e7\u00e3o panor\u00e2mica apresenta uma colorida paisagem urbana, dominada pela emblem\u00e1tica Sagrada Fam\u00edlia, que resplandece sob um radiante c\u00e9u azul. Entre palmeiras e elementos ic\u00f3nicos da cidade, a palavra &#8220;Barcelona&#8221; aparece num estilo divertido, acrescentando um toque alegre e atrativo \u00e0 capa.<\/p>\n<p>Esta recorda\u00e7\u00e3o n\u00e3o s\u00f3 \u00e9 uma excelente op\u00e7\u00e3o para manter o seu dispositivo seguro, como tamb\u00e9m uma recorda\u00e7\u00e3o representativa da cultura catal\u00e3 e da sua arquitetura modernista. Ideal para aqueles turistas que procuram levar um peda\u00e7o de Barcelona para casa, esta capa \u00e9 perfeita para mostrar o seu amor pela cidade enquanto mant\u00e9m o seu telem\u00f3vel em \u00f3timas condi\u00e7\u00f5es. Na Ol\u00e9 Mosaic, como grossista de recorda\u00e7\u00f5es aut\u00eanticas, garantimos que cada capa reflita a riqueza cultural da regi\u00e3o, tornando-a uma op\u00e7\u00e3o imprescind\u00edvel para lojas de presentes tur\u00edsticos que desejem oferecer produtos \u00fanicos e representativos.<\/p>\n","protected":false},"excerpt":{"rendered":"<p>Capa para iPhone 11 Pro Max fabricada em TPU, desenhada com uma vibrante panor\u00e2mica de Barcelona. Esta capa destaca-se pela sua colorida ilustra\u00e7\u00e3o, que inclui a emblem\u00e1tica Sagrada Fam\u00edlia sob um c\u00e9u azul ensolarado, acompanhada de palmeiras e elementos ic\u00f3nicos da cidade. A palavra &#8220;Barcelona&#8221; aparece num estilo divertido, conferindo um toque alegre e atrativo. Ideal para proteger o seu dispositivo enquanto mostra o seu amor por esta fascinante cidade.<\/p>\n","protected":false},"featured_media":12206,"template":"","meta":{"_acf_changed":false},"product_brand":[],"product_cat":[685],"product_tag":[],"class_list":{"0":"post-26336","1":"product","2":"type-product","3":"status-publish","4":"has-post-thumbnail","6":"product_cat-capas-para-telemoveis","7":"pa_ciudad-barcelona","8":"pa_motivo-panoramas","9":"pa_pais-espana","11":"first","12":"instock","13":"shipping-taxable","14":"product-type-simple"},"acf":[],"_links":{"self":[{"href":"https:\/\/olemosaic.orbitalia.org\/pt-pt\/wp-json\/wp\/v2\/product\/26336","targetHints":{"allow":["GET"]}}],"collection":[{"href":"https:\/\/olemosaic.orbitalia.org\/pt-pt\/wp-json\/wp\/v2\/product"}],"about":[{"href":"https:\/\/olemosaic.orbitalia.org\/pt-pt\/wp-json\/wp\/v2\/types\/product"}],"wp:featuredmedia":[{"embeddable":true,"href":"https:\/\/olemosaic.orbitalia.org\/pt-pt\/wp-json\/wp\/v2\/media\/12206"}],"wp:attachment":[{"href":"https:\/\/olemosaic.orbitalia.org\/pt-pt\/wp-json\/wp\/v2\/media?parent=26336"}],"wp:term":[{"taxonomy":"product_brand","embeddable":true,"href":"https:\/\/olemosaic.orbitalia.org\/pt-pt\/wp-json\/wp\/v2\/product_brand?post=26336"},{"taxonomy":"product_cat","embeddable":true,"href":"https:\/\/olemosaic.orbitalia.org\/pt-pt\/wp-json\/wp\/v2\/product_cat?post=26336"},{"taxonomy":"product_tag","embeddable":true,"href":"https:\/\/olemosaic.orbitalia.org\/pt-pt\/wp-json\/wp\/v2\/product_tag?post=26336"}],"curies":[{"name":"wp","href":"https:\/\/api.w.org\/{rel}","templated":true}]}}