{"id":26335,"date":"2025-02-20T22:28:14","date_gmt":"2025-02-20T22:28:14","guid":{"rendered":"https:\/\/olemosaic.orbitalia.org\/producto\/funda-de-telefono-para-iphone-15-pro-tpu-salamandra-barcelona-negro\/"},"modified":"2025-07-25T18:51:08","modified_gmt":"2025-07-25T16:51:08","slug":"capa-para-telemovel-para-iphone-15-pro-tpu-salamandra-barcelona-preto","status":"publish","type":"product","link":"https:\/\/olemosaic.orbitalia.org\/pt-pt\/produto\/capa-para-telemovel-para-iphone-15-pro-tpu-salamandra-barcelona-preto\/","title":{"rendered":"Capa para telem\u00f3vel para iPhone 15 Pro (TPU). Salamandra. Barcelona. Preto"},"content":{"rendered":"<p>Descubra a fascinante capa para iPhone 15 Pro, uma pe\u00e7a que n\u00e3o s\u00f3 protege o seu dispositivo, como tamb\u00e9m celebra o vibrante estilo art\u00edstico de Barcelona. Fabricada em TPU de alta qualidade, esta capa \u00e9 duradoura e flex\u00edvel, garantindo uma excelente prote\u00e7\u00e3o contra quedas e riscos. O seu design destaca-se pela colorida representa\u00e7\u00e3o de salamandras, que evocam os ic\u00f3nicos mosaicos de Gaud\u00ed, um s\u00edmbolo do modernismo catal\u00e3o. As cores vivas azul, vermelho e verde das salamandras contrastam de forma impactante com o fundo preto, criando um efeito visual cativante.<\/p>\n<p>Cada detalhe desta capa real\u00e7a a mestria art\u00edstica que caracteriza a Cidade Condal, com motivos florais que acrescentam um toque de fantasia. Na parte inferior, a palavra &#8220;Barcelona&#8221; apresenta-se elegantemente, vinculando a pe\u00e7a \u00e0 sua rica hist\u00f3ria cultural. Este acess\u00f3rio n\u00e3o s\u00f3 \u00e9 funcional, como tamb\u00e9m atua como uma aut\u00eantica recorda\u00e7\u00e3o de Barcelona, perfeito para turistas que procuram levar para casa um fragmento da arte e da criatividade da cidade.<\/p>\n<p>Na Ol\u00e9 Mosaic, especializamo-nos na distribui\u00e7\u00e3o de recorda\u00e7\u00f5es por grosso, oferecendo produtos exclusivos como esta capa de telem\u00f3vel. \u00c9 a escolha ideal para lojas de presentes tur\u00edsticos que desejam oferecer aos seus clientes um acess\u00f3rio \u00fanico e representativo da cultura espanhola. Com a nossa gama de artigos, garantimos autenticidade e qualidade, assegurando que cada compra seja uma viagem atrav\u00e9s da rica heran\u00e7a de Barcelona.<\/p>\n","protected":false},"excerpt":{"rendered":"<p>Capa para iPhone 15 Pro de TPU, decorada com salamandras coloridas que evocam o estilo do mosaico de Gaud\u00ed em Barcelona. O design incorpora vibrantes detalhes em azul, vermelho e verde, juntamente com motivos florais que acrescentam um toque art\u00edstico. Na parte inferior, a palavra &#8220;Barcelona&#8221; est\u00e1 elegantemente escrita, complementando o fundo preto que real\u00e7a as cores vivas das salamandras. Uma op\u00e7\u00e3o perfeita para quem procura um acess\u00f3rio funcional e com um marcado car\u00e1cter cultural.<\/p>\n","protected":false},"featured_media":12459,"template":"","meta":{"_acf_changed":false},"product_brand":[],"product_cat":[685],"product_tag":[516],"class_list":{"0":"post-26335","1":"product","2":"type-product","3":"status-publish","4":"has-post-thumbnail","6":"product_cat-capas-para-telemoveis","7":"product_tag-animais","8":"pa_ciudad-barcelona","9":"pa_motivo-salamandras","10":"pa_pais-espana","12":"first","13":"instock","14":"shipping-taxable","15":"product-type-simple"},"acf":[],"_links":{"self":[{"href":"https:\/\/olemosaic.orbitalia.org\/pt-pt\/wp-json\/wp\/v2\/product\/26335","targetHints":{"allow":["GET"]}}],"collection":[{"href":"https:\/\/olemosaic.orbitalia.org\/pt-pt\/wp-json\/wp\/v2\/product"}],"about":[{"href":"https:\/\/olemosaic.orbitalia.org\/pt-pt\/wp-json\/wp\/v2\/types\/product"}],"wp:featuredmedia":[{"embeddable":true,"href":"https:\/\/olemosaic.orbitalia.org\/pt-pt\/wp-json\/wp\/v2\/media\/12459"}],"wp:attachment":[{"href":"https:\/\/olemosaic.orbitalia.org\/pt-pt\/wp-json\/wp\/v2\/media?parent=26335"}],"wp:term":[{"taxonomy":"product_brand","embeddable":true,"href":"https:\/\/olemosaic.orbitalia.org\/pt-pt\/wp-json\/wp\/v2\/product_brand?post=26335"},{"taxonomy":"product_cat","embeddable":true,"href":"https:\/\/olemosaic.orbitalia.org\/pt-pt\/wp-json\/wp\/v2\/product_cat?post=26335"},{"taxonomy":"product_tag","embeddable":true,"href":"https:\/\/olemosaic.orbitalia.org\/pt-pt\/wp-json\/wp\/v2\/product_tag?post=26335"}],"curies":[{"name":"wp","href":"https:\/\/api.w.org\/{rel}","templated":true}]}}