{"id":26321,"date":"2025-02-20T22:28:14","date_gmt":"2025-02-20T22:28:14","guid":{"rendered":"https:\/\/olemosaic.orbitalia.org\/producto\/4-bols-de-coco-de-13-x-6-cm-isla-gran-canaria\/"},"modified":"2025-07-25T18:42:33","modified_gmt":"2025-07-25T16:42:33","slug":"4-tacas-de-coco-de-13-x-6-cm-ilha-gran-canaria","status":"publish","type":"product","link":"https:\/\/olemosaic.orbitalia.org\/pt-pt\/produto\/4-tacas-de-coco-de-13-x-6-cm-ilha-gran-canaria\/","title":{"rendered":"4 Ta\u00e7as de coco de 13 x 6 cm. Ilha. Gran Canaria."},"content":{"rendered":"<p>Descubra a eleg\u00e2ncia e o colorido das nossas ta\u00e7as de coco, uma aut\u00eantica representa\u00e7\u00e3o da vibrante paisagem de Gran Canaria. Este conjunto de 4 ta\u00e7as, cada uma de 13 x 6 cm, \u00e9 cuidadosamente desenhado com um acabamento esmaltado que mostra uma variedade de motivos decorativos em tons de castanho, azul, verde e dourado, evocando a riqueza natural da ilha can\u00e1ria. No centro de cada ta\u00e7a, encontra-se a delicada inscri\u00e7\u00e3o &#8220;Gran Canaria&#8221;, tornando-as uma recorda\u00e7\u00e3o perfeita e distintiva da regi\u00e3o.<\/p>\n<p>A mestria destas ta\u00e7as de coco real\u00e7a n\u00e3o s\u00f3 a sua beleza est\u00e9tica, mas tamb\u00e9m a sua liga\u00e7\u00e3o cultural com Gran Canaria, um destino famoso pela sua natureza exuberante e pela sua rica tradi\u00e7\u00e3o artesanal. O uso do coco como material principal confere a cada ta\u00e7a um car\u00e1ter \u00fanico e tradicional, ideal para quem procura incorporar um toque can\u00e1rio na sua decora\u00e7\u00e3o ou para desfrutar de uma experi\u00eancia aut\u00eantica ao servir aperitivos.<\/p>\n<p>Como distribuidores de recorda\u00e7\u00f5es por grosso na Ol\u00e9 Mosaic, oferecemos produtos que capturam a ess\u00eancia de cada canto de Espanha. As nossas ta\u00e7as de coco s\u00e3o a op\u00e7\u00e3o perfeita para lojas de presentes tur\u00edsticos que desejam oferecer recorda\u00e7\u00f5es aut\u00eanticas que realcem a cultura can\u00e1ria. Com o seu design vibrante e a sua profundidade cultural, estas ta\u00e7as s\u00e3o um presente memor\u00e1vel que transportar\u00e1 qualquer pessoa para a esplendorosa ilha de Gran Canaria.<\/p>\n","protected":false},"excerpt":{"rendered":"<p>Ta\u00e7as de coco de 13 x 6 cm, desenhadas com um mosaico colorido que evoca a vibrante paisagem de Gran Canaria. Cada ta\u00e7a apresenta um acabamento esmaltado com motivos decorativos de formas variadas em tons de castanho, azul, verde e dourado, que real\u00e7am a beleza natural da ilha. No centro de cada ta\u00e7a, a inscri\u00e7\u00e3o &#8220;Gran Canaria&#8221; torna-as uma recorda\u00e7\u00e3o perfeita da regi\u00e3o. O seu material de coco confere um toque tradicional e artesanal \u00e0 sua decora\u00e7\u00e3o.<\/p>\n","protected":false},"featured_media":10693,"template":"","meta":{"_acf_changed":false},"product_brand":[],"product_cat":[513],"product_tag":[],"class_list":{"0":"post-26321","1":"product","2":"type-product","3":"status-publish","4":"has-post-thumbnail","6":"product_cat-bols","7":"pa_ciudad-gran-canaria","8":"pa_motivo-ilhas","9":"pa_pais-espana","11":"first","12":"instock","13":"shipping-taxable","14":"product-type-simple"},"acf":[],"_links":{"self":[{"href":"https:\/\/olemosaic.orbitalia.org\/pt-pt\/wp-json\/wp\/v2\/product\/26321","targetHints":{"allow":["GET"]}}],"collection":[{"href":"https:\/\/olemosaic.orbitalia.org\/pt-pt\/wp-json\/wp\/v2\/product"}],"about":[{"href":"https:\/\/olemosaic.orbitalia.org\/pt-pt\/wp-json\/wp\/v2\/types\/product"}],"wp:featuredmedia":[{"embeddable":true,"href":"https:\/\/olemosaic.orbitalia.org\/pt-pt\/wp-json\/wp\/v2\/media\/10693"}],"wp:attachment":[{"href":"https:\/\/olemosaic.orbitalia.org\/pt-pt\/wp-json\/wp\/v2\/media?parent=26321"}],"wp:term":[{"taxonomy":"product_brand","embeddable":true,"href":"https:\/\/olemosaic.orbitalia.org\/pt-pt\/wp-json\/wp\/v2\/product_brand?post=26321"},{"taxonomy":"product_cat","embeddable":true,"href":"https:\/\/olemosaic.orbitalia.org\/pt-pt\/wp-json\/wp\/v2\/product_cat?post=26321"},{"taxonomy":"product_tag","embeddable":true,"href":"https:\/\/olemosaic.orbitalia.org\/pt-pt\/wp-json\/wp\/v2\/product_tag?post=26321"}],"curies":[{"name":"wp","href":"https:\/\/api.w.org\/{rel}","templated":true}]}}