{"id":26318,"date":"2025-02-20T23:28:13","date_gmt":"2025-02-20T22:28:13","guid":{"rendered":"https:\/\/olemosaic.orbitalia.org\/producto\/4-bols-de-coco-de-13-x-6-cm-abanico\/"},"modified":"2025-07-25T18:33:28","modified_gmt":"2025-07-25T16:33:28","slug":"4-tacas-de-coco-de-13-x-6-cm-leque","status":"publish","type":"product","link":"https:\/\/olemosaic.orbitalia.org\/pt-pt\/produto\/4-tacas-de-coco-de-13-x-6-cm-leque\/","title":{"rendered":"4 Ta\u00e7as de coco de 13 x 6 cm. Leque."},"content":{"rendered":"<p><span data-sheets-root=\"1\">Este conjunto de 4 ta\u00e7as decorativas de coco com motivo de leque \u00e9 uma pe\u00e7a distintiva do folclore ib\u00e9rico, ideal para lojas que procuram oferecer recorda\u00e7\u00f5es culturais com um acabamento artesanal. Cada ta\u00e7a, de 13 x 6 cm, \u00e9 elaborada a partir de casca de coco aut\u00eantica polida e decorada minuciosamente \u00e0 m\u00e3o com um mosaico brilhante que combina pe\u00e7as em tons turquesa, f\u00facsia, laranja, castanho e creme. No centro de cada pe\u00e7a destaca-se um leque esculpido em relevo, s\u00edmbolo ic\u00f3nico da tradi\u00e7\u00e3o espanhola, associado ao flamenco, \u00e0 dan\u00e7a e \u00e0 eleg\u00e2ncia andaluza.<\/span><\/p>\n<p>O design em mosaico, que recorda o estilo modernista catal\u00e3o e o trencad\u00eds de Gaud\u00ed, forma padr\u00f5es decorativos como cora\u00e7\u00f5es e flores que emolduram o leque, criando um jogo visual vibrante e cheio de cor. Este contraste entre o r\u00fastico da casca de coco e o brilho do interior converte cada ta\u00e7a num objeto decorativo \u00fanico e apelativo.<\/p>\n<p>Perfeito como recorda\u00e7\u00e3o representativa, este conjunto \u00e9 uma op\u00e7\u00e3o original e pr\u00e1tica para os turistas que procuram lembran\u00e7as aut\u00eanticas da sua visita a Espanha ou Portugal. Na Ol\u00e9 Mosaic, grossista de recorda\u00e7\u00f5es por grosso, oferecemos produtos artesanais com identidade cultural. Estas ta\u00e7as de coco com leque s\u00e3o um excelente exemplo do compromisso com a tradi\u00e7\u00e3o e o design local que caracteriza o nosso cat\u00e1logo. Uma escolha ideal para distribuidores de recorda\u00e7\u00f5es decorativas e lojas de presentes tur\u00edsticos que valorizam a autenticidade.<\/p>\n","protected":false},"excerpt":{"rendered":"<p><span data-sheets-root=\"1\">Conjunto de 4 ta\u00e7as decorativas elaboradas com casca de coco, de 13 x 6 cm cada uma, com motivo central de leque. Cada ta\u00e7a apresenta um acabamento artesanal com mosaico brilhante em cores variadas como azul, f\u00facsia, laranja, castanho e turquesa, formando cora\u00e7\u00f5es ou flores em redor do leque. O design \u00e9 inspirado em elementos t\u00edpicos do folclore ib\u00e9rico e destaca-se pela sua textura brilhante e acabamento feito \u00e0 m\u00e3o.<\/span><\/p>\n","protected":false},"featured_media":10691,"template":"","meta":{"_acf_changed":false},"product_brand":[],"product_cat":[513],"product_tag":[],"class_list":{"0":"post-26318","1":"product","2":"type-product","3":"status-publish","4":"has-post-thumbnail","6":"product_cat-bols","7":"pa_motivo-leques","9":"first","10":"instock","11":"shipping-taxable","12":"product-type-simple"},"acf":[],"_links":{"self":[{"href":"https:\/\/olemosaic.orbitalia.org\/pt-pt\/wp-json\/wp\/v2\/product\/26318","targetHints":{"allow":["GET"]}}],"collection":[{"href":"https:\/\/olemosaic.orbitalia.org\/pt-pt\/wp-json\/wp\/v2\/product"}],"about":[{"href":"https:\/\/olemosaic.orbitalia.org\/pt-pt\/wp-json\/wp\/v2\/types\/product"}],"wp:featuredmedia":[{"embeddable":true,"href":"https:\/\/olemosaic.orbitalia.org\/pt-pt\/wp-json\/wp\/v2\/media\/10691"}],"wp:attachment":[{"href":"https:\/\/olemosaic.orbitalia.org\/pt-pt\/wp-json\/wp\/v2\/media?parent=26318"}],"wp:term":[{"taxonomy":"product_brand","embeddable":true,"href":"https:\/\/olemosaic.orbitalia.org\/pt-pt\/wp-json\/wp\/v2\/product_brand?post=26318"},{"taxonomy":"product_cat","embeddable":true,"href":"https:\/\/olemosaic.orbitalia.org\/pt-pt\/wp-json\/wp\/v2\/product_cat?post=26318"},{"taxonomy":"product_tag","embeddable":true,"href":"https:\/\/olemosaic.orbitalia.org\/pt-pt\/wp-json\/wp\/v2\/product_tag?post=26318"}],"curies":[{"name":"wp","href":"https:\/\/api.w.org\/{rel}","templated":true}]}}