{"id":26300,"date":"2025-02-20T23:28:12","date_gmt":"2025-02-20T22:28:12","guid":{"rendered":"https:\/\/olemosaic.orbitalia.org\/producto\/bol-de-coco-azul-abanico\/"},"modified":"2025-07-25T19:05:33","modified_gmt":"2025-07-25T17:05:33","slug":"taca-de-coco-azul-leque","status":"publish","type":"product","link":"https:\/\/olemosaic.orbitalia.org\/pt-pt\/produto\/taca-de-coco-azul-leque\/","title":{"rendered":"Ta\u00e7a de coco azul. Leque. Mosaico de cora\u00e7\u00f5es"},"content":{"rendered":"<p>Descubra esta encantadora ta\u00e7a de coco azul, um aut\u00eantico souvenir que captura a ess\u00eancia da cultura espanhola. Elaborada com casca de coco, esta ta\u00e7a apresenta um design \u00fanico com um fundo claro onde se destacam mosaicos de cores vibrantes, formando cora\u00e7\u00f5es que conferem alegria e calor. No centro, um elegante leque, s\u00edmbolo ic\u00f3nico da arte e da tradi\u00e7\u00e3o em Espanha, acrescenta um toque especial \u00e0 pe\u00e7a, evocando a hist\u00f3ria do flamenco e a vida andaluza.<\/p>\n<p>O acabamento polido da ta\u00e7a real\u00e7a as suas nuances azuis, criando um contraste harmonioso com as cores vivas dos cora\u00e7\u00f5es que adornam o seu per\u00edmetro. \u00c9 uma pe\u00e7a decorativa ideal para qualquer espa\u00e7o, seja em casa ou como presente especial. Esta ta\u00e7a n\u00e3o \u00e9 apenas um objeto funcional, mas um testemunho da arte e da cultura de Espanha, perfeito para os turistas que procuram souvenirs aut\u00eanticos e representativos da sua visita.<\/p>\n<p>Na Ol\u00e9 Mosaic, o nosso compromisso \u00e9 oferecer pe\u00e7as artesanais que refletem a rica heran\u00e7a cultural do pa\u00eds. Esta ta\u00e7a de coco azul \u00e9 uma excelente op\u00e7\u00e3o para lojas de presentes tur\u00edsticos que desejam oferecer produtos originais e de qualidade. Como grossista de souvenirs, garantimos autenticidade e um design exclusivo em cada pe\u00e7a, tornando esta ta\u00e7a uma escolha perfeita para quem procura levar consigo um fragmento da cultura espanhola.<\/p>\n","protected":false},"excerpt":{"rendered":"<p>Ta\u00e7a de coco azul decorada com um design encantador inspirado na cultura espanhola. Esta ta\u00e7a, elaborada a partir de casca de coco, apresenta um fundo claro adornado com mosaicos de cores que formam cora\u00e7\u00f5es e um elegante leque no centro. Com um acabamento polido que real\u00e7a as suas nuances azuis e os tons vibrantes dos cora\u00e7\u00f5es, \u00e9 perfeita para decorar e conferir um toque de alegria a qualquer espa\u00e7o. Ideal para quem procura um souvenir aut\u00eantico e artesanal.<\/p>\n","protected":false},"featured_media":10303,"template":"","meta":{"_acf_changed":false},"product_brand":[],"product_cat":[513],"product_tag":[],"class_list":{"0":"post-26300","1":"product","2":"type-product","3":"status-publish","4":"has-post-thumbnail","6":"product_cat-bols","7":"pa_motivo-leques","9":"first","10":"instock","11":"shipping-taxable","12":"product-type-simple"},"acf":[],"_links":{"self":[{"href":"https:\/\/olemosaic.orbitalia.org\/pt-pt\/wp-json\/wp\/v2\/product\/26300","targetHints":{"allow":["GET"]}}],"collection":[{"href":"https:\/\/olemosaic.orbitalia.org\/pt-pt\/wp-json\/wp\/v2\/product"}],"about":[{"href":"https:\/\/olemosaic.orbitalia.org\/pt-pt\/wp-json\/wp\/v2\/types\/product"}],"wp:featuredmedia":[{"embeddable":true,"href":"https:\/\/olemosaic.orbitalia.org\/pt-pt\/wp-json\/wp\/v2\/media\/10303"}],"wp:attachment":[{"href":"https:\/\/olemosaic.orbitalia.org\/pt-pt\/wp-json\/wp\/v2\/media?parent=26300"}],"wp:term":[{"taxonomy":"product_brand","embeddable":true,"href":"https:\/\/olemosaic.orbitalia.org\/pt-pt\/wp-json\/wp\/v2\/product_brand?post=26300"},{"taxonomy":"product_cat","embeddable":true,"href":"https:\/\/olemosaic.orbitalia.org\/pt-pt\/wp-json\/wp\/v2\/product_cat?post=26300"},{"taxonomy":"product_tag","embeddable":true,"href":"https:\/\/olemosaic.orbitalia.org\/pt-pt\/wp-json\/wp\/v2\/product_tag?post=26300"}],"curies":[{"name":"wp","href":"https:\/\/api.w.org\/{rel}","templated":true}]}}