{"id":26282,"date":"2025-02-20T22:28:12","date_gmt":"2025-02-20T22:28:12","guid":{"rendered":"https:\/\/olemosaic.orbitalia.org\/producto\/funda-de-telefono-para-samsung-a54-tpu-forjas-azul\/"},"modified":"2025-07-25T18:47:42","modified_gmt":"2025-07-25T16:47:42","slug":"capa-de-telemovel-para-samsung-a54-tpu-forjas-azul","status":"publish","type":"product","link":"https:\/\/olemosaic.orbitalia.org\/pt-pt\/produto\/capa-de-telemovel-para-samsung-a54-tpu-forjas-azul\/","title":{"rendered":"Capa de telem\u00f3vel para Samsung A54 (TPU). Forjas. Azul"},"content":{"rendered":"<p>Descubra esta elegante capa para Samsung A54, fabricada em TPU, que oferece uma prote\u00e7\u00e3o excecional ao mesmo tempo que adiciona um toque distintivo e cultural ao seu dispositivo. A capa apresenta um requintado design de forjas brancas sobre um fundo azul profundo, que evoca a rica tradi\u00e7\u00e3o art\u00edstica da arquitetura espanhola. Este padr\u00e3o intrincado n\u00e3o s\u00f3 confere um ar de sofistica\u00e7\u00e3o, como tamb\u00e9m presta homenagem \u00e0s decora\u00e7\u00f5es tradicionais presentes em muitos edif\u00edcios hist\u00f3ricos da pen\u00ednsula. O seu material flex\u00edvel garante durabilidade e um ajuste perfeito, protegendo o seu telem\u00f3vel de choques e quedas sem sacrificar o estilo.<\/p>\n<p>A combina\u00e7\u00e3o do azul intenso com as delicadas forjas brancas cria um contraste visual atraente, tornando esta capa uma aut\u00eantica recorda\u00e7\u00e3o cultural que real\u00e7a a beleza da arte popular e a heran\u00e7a arquitet\u00f3nica do sul da Europa. Esta capa \u00e9 uma excelente ideia para turistas que procuram recorda\u00e7\u00f5es que reflitam a autenticidade e a ess\u00eancia da sua experi\u00eancia em Espanha. Na Ol\u00e9 Mosaic, somos especialistas na distribui\u00e7\u00e3o de recorda\u00e7\u00f5es por grosso, e esta capa \u00e9 um exemplo perfeito de como o design contempor\u00e2neo se pode fundir com a tradi\u00e7\u00e3o. Ideal para lojas de presentes tur\u00edsticos que procuram oferecer produtos \u00fanicos e representativos da cultura espanhola.<\/p>\n","protected":false},"excerpt":{"rendered":"<p>Capa para telem\u00f3vel Samsung A54 fabricada em TPU, decorada com um elegante design de forja em cor branca sobre um fundo azul escuro. Esta capa apresenta um padr\u00e3o intrincado que reflete a beleza da arte arquitet\u00f3nica tradicional, ideal para proteger o seu dispositivo e adicionar um toque distintivo e cultural. O seu material flex\u00edvel proporciona durabilidade e um ajuste perfeito, assegurando que o seu telem\u00f3vel esteja protegido e estilizado.<\/p>\n","protected":false},"featured_media":12588,"template":"","meta":{"_acf_changed":false},"product_brand":[],"product_cat":[685],"product_tag":[],"class_list":{"0":"post-26282","1":"product","2":"type-product","3":"status-publish","4":"has-post-thumbnail","6":"product_cat-capas-para-telemoveis","7":"pa_motivo-forjas","9":"first","10":"instock","11":"shipping-taxable","12":"product-type-simple"},"acf":[],"_links":{"self":[{"href":"https:\/\/olemosaic.orbitalia.org\/pt-pt\/wp-json\/wp\/v2\/product\/26282","targetHints":{"allow":["GET"]}}],"collection":[{"href":"https:\/\/olemosaic.orbitalia.org\/pt-pt\/wp-json\/wp\/v2\/product"}],"about":[{"href":"https:\/\/olemosaic.orbitalia.org\/pt-pt\/wp-json\/wp\/v2\/types\/product"}],"wp:featuredmedia":[{"embeddable":true,"href":"https:\/\/olemosaic.orbitalia.org\/pt-pt\/wp-json\/wp\/v2\/media\/12588"}],"wp:attachment":[{"href":"https:\/\/olemosaic.orbitalia.org\/pt-pt\/wp-json\/wp\/v2\/media?parent=26282"}],"wp:term":[{"taxonomy":"product_brand","embeddable":true,"href":"https:\/\/olemosaic.orbitalia.org\/pt-pt\/wp-json\/wp\/v2\/product_brand?post=26282"},{"taxonomy":"product_cat","embeddable":true,"href":"https:\/\/olemosaic.orbitalia.org\/pt-pt\/wp-json\/wp\/v2\/product_cat?post=26282"},{"taxonomy":"product_tag","embeddable":true,"href":"https:\/\/olemosaic.orbitalia.org\/pt-pt\/wp-json\/wp\/v2\/product_tag?post=26282"}],"curies":[{"name":"wp","href":"https:\/\/api.w.org\/{rel}","templated":true}]}}