{"id":26281,"date":"2025-02-20T23:28:11","date_gmt":"2025-02-20T22:28:11","guid":{"rendered":"https:\/\/olemosaic.orbitalia.org\/producto\/4-bols-de-coco-de-13-x-6-cm-concha-camino-de-santiago\/"},"modified":"2025-07-25T19:47:30","modified_gmt":"2025-07-25T17:47:30","slug":"4-tacas-de-coco-de-13-x-6-cm-concha-caminho-de-santiago","status":"publish","type":"product","link":"https:\/\/olemosaic.orbitalia.org\/pt-pt\/produto\/4-tacas-de-coco-de-13-x-6-cm-concha-caminho-de-santiago\/","title":{"rendered":"4 Ta\u00e7as de coco de 13 x 6 cm. Concha. Caminho de Santiago."},"content":{"rendered":"<p>Descubra o vibrante conjunto de 4 ta\u00e7as de coco, cada uma de 13 x 6 cm, que evoca a emblem\u00e1tica travessia do Caminho de Santiago. Estas ta\u00e7as coloridas destacam-se pelo seu design muito especial, que inclui a ic\u00f3nica concha do peregrino, s\u00edmbolo da rota jacobeia, e a inscri\u00e7\u00e3o &#8220;Camino de Santiago&#8221;. A paleta de cores \u00e9 alegre e variada, com tons de azul, vermelho, laranja e rosa que proporcionam um efeito visual cativante e celebram a diversidade cultural de Espanha. Cada ta\u00e7a apresenta um acabamento que real\u00e7a a textura natural do coco, conferindo autenticidade e um toque r\u00fastico que complementa qualquer mesa.<\/p>\n<p>Ideais tanto para servir aperitivos como para decorar, estas ta\u00e7as convidam a partilhar a experi\u00eancia do Caminho em cada refei\u00e7\u00e3o. Cada pe\u00e7a \u00e9 uma recorda\u00e7\u00e3o aut\u00eantica da tradi\u00e7\u00e3o do Caminho de Santiago, perfeita para turistas que procuram levar um pedacinho desta experi\u00eancia \u00fanica. Na Ol\u00e9 Mosaic, como grossistas de recorda\u00e7\u00f5es de qualidade, orgulhamo-nos de oferecer produtos que ressoam com a heran\u00e7a cultural espanhola. Este conjunto de ta\u00e7as de coco n\u00e3o \u00e9 apenas pr\u00e1tico, mas tamb\u00e9m uma excelente op\u00e7\u00e3o para lojas de presentes tur\u00edsticos que desejem oferecer artigos inesquec\u00edveis e representativos desta rota emblem\u00e1tica.<\/p>\n","protected":false},"excerpt":{"rendered":"<p>Conjunto de 4 ta\u00e7as de coco, cada uma de 13 x 6 cm, inspiradas no emblem\u00e1tico Caminho de Santiago. Estas ta\u00e7as coloridas est\u00e3o decoradas com um design muito especial que inclui a famosa concha do peregrino e a inscri\u00e7\u00e3o &#8220;Camino de Santiago&#8221;. Cada uma apresenta uma combina\u00e7\u00e3o vibrante de tons azuis, vermelhos, laranja e rosa, real\u00e7ados por um acabamento que destaca a textura natural do coco. S\u00e3o ideais para servir aperitivos ou como elementos decorativos que evocam o esp\u00edrito da rota jacobeia.<\/p>\n","protected":false},"featured_media":13786,"template":"","meta":{"_acf_changed":false},"product_brand":[],"product_cat":[513],"product_tag":[],"class_list":{"0":"post-26281","1":"product","2":"type-product","3":"status-publish","4":"has-post-thumbnail","6":"product_cat-bols","7":"pa_ciudad-santiago","8":"pa_motivo-conchas","9":"pa_pais-espana","11":"first","12":"instock","13":"shipping-taxable","14":"product-type-simple"},"acf":[],"_links":{"self":[{"href":"https:\/\/olemosaic.orbitalia.org\/pt-pt\/wp-json\/wp\/v2\/product\/26281","targetHints":{"allow":["GET"]}}],"collection":[{"href":"https:\/\/olemosaic.orbitalia.org\/pt-pt\/wp-json\/wp\/v2\/product"}],"about":[{"href":"https:\/\/olemosaic.orbitalia.org\/pt-pt\/wp-json\/wp\/v2\/types\/product"}],"wp:featuredmedia":[{"embeddable":true,"href":"https:\/\/olemosaic.orbitalia.org\/pt-pt\/wp-json\/wp\/v2\/media\/13786"}],"wp:attachment":[{"href":"https:\/\/olemosaic.orbitalia.org\/pt-pt\/wp-json\/wp\/v2\/media?parent=26281"}],"wp:term":[{"taxonomy":"product_brand","embeddable":true,"href":"https:\/\/olemosaic.orbitalia.org\/pt-pt\/wp-json\/wp\/v2\/product_brand?post=26281"},{"taxonomy":"product_cat","embeddable":true,"href":"https:\/\/olemosaic.orbitalia.org\/pt-pt\/wp-json\/wp\/v2\/product_cat?post=26281"},{"taxonomy":"product_tag","embeddable":true,"href":"https:\/\/olemosaic.orbitalia.org\/pt-pt\/wp-json\/wp\/v2\/product_tag?post=26281"}],"curies":[{"name":"wp","href":"https:\/\/api.w.org\/{rel}","templated":true}]}}