{"id":26280,"date":"2025-02-20T23:28:11","date_gmt":"2025-02-20T22:28:11","guid":{"rendered":"https:\/\/olemosaic.orbitalia.org\/producto\/4-bols-de-coco-de-13-x-6-cm-isla-mallorca\/"},"modified":"2025-07-25T19:19:19","modified_gmt":"2025-07-25T17:19:19","slug":"4-tacas-de-coco-de-13-x-6-cm-ilha-maiorca","status":"publish","type":"product","link":"https:\/\/olemosaic.orbitalia.org\/pt-pt\/produto\/4-tacas-de-coco-de-13-x-6-cm-ilha-maiorca\/","title":{"rendered":"4 Ta\u00e7as de coco de 13 x 6 cm. Ilha. Maiorca. Preto."},"content":{"rendered":"<p>Descubra o conjunto de 4 ta\u00e7as de coco decorativas de Maiorca, uma aut\u00eantica express\u00e3o da cultura balear. Com um tamanho de 13 x 6 cm, cada ta\u00e7a destaca-se pela sua vibrante paleta de cores: azul, vermelho, amarelo e f\u00facsia, todas sobre um fundo preto salpicado de cora\u00e7\u00f5es. No centro de cada pe\u00e7a, a palavra &#8220;MALLORCA&#8221; ressalta de forma chamativa, tornando estas ta\u00e7as uma bonita recorda\u00e7\u00e3o da ilha. Concebidas para servir aperitivos ou como elementos decorativos, estas ta\u00e7as refletem o alegre folclore maiorquino, capturando a ess\u00eancia festiva da regi\u00e3o.<\/p>\n<p>O uso de fibra de coco no seu fabrico n\u00e3o s\u00f3 garante a autenticidade do produto, como tamb\u00e9m real\u00e7a a liga\u00e7\u00e3o ecol\u00f3gica e cultural que caracteriza os produtos da ilha. Estas ta\u00e7as originais representam um excelente souvenir que oferece aos turistas a possibilidade de levar para casa um pedacinho da vibrante cultura maiorquina. Na Ol\u00e9 Mosaic, somos especialistas na distribui\u00e7\u00e3o de recorda\u00e7\u00f5es por grosso, o que torna este conjunto de ta\u00e7as de coco uma op\u00e7\u00e3o perfeita para lojas de presentes tur\u00edsticos que desejem oferecer artigos aut\u00eanticos e carregados de significado. Adquira estes souvenirs de Maiorca e mostre aos seus clientes a alegria e a cor desta ilha maravilhosa.<\/p>\n","protected":false},"excerpt":{"rendered":"<p>Ta\u00e7as de coco de 13 x 6 cm, decoradas com cores vibrantes e motivos que evocam a ilha de Maiorca. Cada ta\u00e7a apresenta um fundo preto salpicado de cora\u00e7\u00f5es em tons como azul, vermelho, amarelo e f\u00facsia, com a palavra &#8220;MALLORCA&#8221; destacada no centro. Estas ta\u00e7as originais s\u00e3o ideais para servir aperitivos ou como elemento decorativo, e refletem o alegre folclore da regi\u00e3o balear. O seu design alegre torna-as um souvenir ou presente atraente.<\/p>\n","protected":false},"featured_media":10667,"template":"","meta":{"_acf_changed":false},"product_brand":[],"product_cat":[513],"product_tag":[],"class_list":{"0":"post-26280","1":"product","2":"type-product","3":"status-publish","4":"has-post-thumbnail","6":"product_cat-bols","7":"pa_ciudad-mallorca","8":"pa_motivo-ilhas","9":"pa_pais-espana","11":"first","12":"instock","13":"shipping-taxable","14":"product-type-simple"},"acf":[],"_links":{"self":[{"href":"https:\/\/olemosaic.orbitalia.org\/pt-pt\/wp-json\/wp\/v2\/product\/26280","targetHints":{"allow":["GET"]}}],"collection":[{"href":"https:\/\/olemosaic.orbitalia.org\/pt-pt\/wp-json\/wp\/v2\/product"}],"about":[{"href":"https:\/\/olemosaic.orbitalia.org\/pt-pt\/wp-json\/wp\/v2\/types\/product"}],"wp:featuredmedia":[{"embeddable":true,"href":"https:\/\/olemosaic.orbitalia.org\/pt-pt\/wp-json\/wp\/v2\/media\/10667"}],"wp:attachment":[{"href":"https:\/\/olemosaic.orbitalia.org\/pt-pt\/wp-json\/wp\/v2\/media?parent=26280"}],"wp:term":[{"taxonomy":"product_brand","embeddable":true,"href":"https:\/\/olemosaic.orbitalia.org\/pt-pt\/wp-json\/wp\/v2\/product_brand?post=26280"},{"taxonomy":"product_cat","embeddable":true,"href":"https:\/\/olemosaic.orbitalia.org\/pt-pt\/wp-json\/wp\/v2\/product_cat?post=26280"},{"taxonomy":"product_tag","embeddable":true,"href":"https:\/\/olemosaic.orbitalia.org\/pt-pt\/wp-json\/wp\/v2\/product_tag?post=26280"}],"curies":[{"name":"wp","href":"https:\/\/api.w.org\/{rel}","templated":true}]}}