{"id":26279,"date":"2025-02-20T23:28:11","date_gmt":"2025-02-20T22:28:11","guid":{"rendered":"https:\/\/olemosaic.orbitalia.org\/producto\/mug-xl-de-ceramica-salamandra-beige\/"},"modified":"2025-07-25T20:19:58","modified_gmt":"2025-07-25T18:19:58","slug":"caneca-xl-de-ceramica-salamandra-bege","status":"publish","type":"product","link":"https:\/\/olemosaic.orbitalia.org\/pt-pt\/produto\/caneca-xl-de-ceramica-salamandra-bege\/","title":{"rendered":"Caneca XL de cer\u00e2mica. Salamandra e Flores. Bege."},"content":{"rendered":"<p>Descubra a caneca XL de cer\u00e2mica com um design encantador de salamandras, ideal para os amantes do folclore e da cultura vibrante da regi\u00e3o. Esta caneca, de base bege, est\u00e1 cuidadosamente adornada com motivos coloridos de salamandras em tons de vermelho, verde e azul, al\u00e9m de flores e folhas em cores vivas que evocam a riqueza da natureza local. Cada detalhe foi pintado \u00e0 m\u00e3o por artes\u00e3os, o que torna esta pe\u00e7a n\u00e3o apenas um objeto funcional, mas tamb\u00e9m um aut\u00eantico elemento decorativo que real\u00e7a qualquer lar.<\/p>\n<p>A salamandra \u00e9 um s\u00edmbolo de transforma\u00e7\u00e3o e renova\u00e7\u00e3o em muitas culturas, e a sua inclus\u00e3o no design da caneca acrescenta um valor cultural significativo. Ao desfrutar das suas bebidas favoritas nesta caneca, estar\u00e1 a celebrar a heran\u00e7a art\u00edstica e o amor pela natureza que caracteriza a regi\u00e3o. Perfeita para quem procura recorda\u00e7\u00f5es de cer\u00e2mica \u00fanicas e representativas, esta caneca XL combina com sucesso eleg\u00e2ncia e utilidade, sendo uma excelente op\u00e7\u00e3o para lojas de presentes tur\u00edsticos.<\/p>\n<p>Na Ol\u00e9 Mosaic, como grossista de recorda\u00e7\u00f5es aut\u00eanticas, oferecemos produtos de qualidade que destacam a beleza cultural de Espanha e Portugal. Esta caneca n\u00e3o s\u00f3 satisfaz a necessidade de um recipiente para bebidas, como tamb\u00e9m atua como uma recorda\u00e7\u00e3o significativa da rica cultura da regi\u00e3o. Um souvenir ideal que encantar\u00e1 qualquer visitante.<\/p>\n","protected":false},"excerpt":{"rendered":"<p>Caneca XL de cer\u00e2mica com um design vibrante de salamandras, ideal para desfrutar das suas bebidas favoritas. A sua base bege est\u00e1 adornada com motivos coloridos de salamandras em tons de vermelho, verde e azul, juntamente com flores e folhas de cores vivas, criando um apelo visual que evoca o folclore da regi\u00e3o. Com um design artesanal perfeito, pintado \u00e0 m\u00e3o, esta caneca combina funcionalidade e arte, tornando-se um elemento decorativo e \u00fatil para qualquer lar.<\/p>\n","protected":false},"featured_media":7208,"template":"","meta":{"_acf_changed":false},"product_brand":[],"product_cat":[726],"product_tag":[516,515],"class_list":{"0":"post-26279","1":"product","2":"type-product","3":"status-publish","4":"has-post-thumbnail","6":"product_cat-mugs","7":"product_tag-animais","8":"product_tag-ceramica","9":"pa_motivo-salamandras","11":"first","12":"instock","13":"shipping-taxable","14":"product-type-simple"},"acf":[],"_links":{"self":[{"href":"https:\/\/olemosaic.orbitalia.org\/pt-pt\/wp-json\/wp\/v2\/product\/26279","targetHints":{"allow":["GET"]}}],"collection":[{"href":"https:\/\/olemosaic.orbitalia.org\/pt-pt\/wp-json\/wp\/v2\/product"}],"about":[{"href":"https:\/\/olemosaic.orbitalia.org\/pt-pt\/wp-json\/wp\/v2\/types\/product"}],"wp:featuredmedia":[{"embeddable":true,"href":"https:\/\/olemosaic.orbitalia.org\/pt-pt\/wp-json\/wp\/v2\/media\/7208"}],"wp:attachment":[{"href":"https:\/\/olemosaic.orbitalia.org\/pt-pt\/wp-json\/wp\/v2\/media?parent=26279"}],"wp:term":[{"taxonomy":"product_brand","embeddable":true,"href":"https:\/\/olemosaic.orbitalia.org\/pt-pt\/wp-json\/wp\/v2\/product_brand?post=26279"},{"taxonomy":"product_cat","embeddable":true,"href":"https:\/\/olemosaic.orbitalia.org\/pt-pt\/wp-json\/wp\/v2\/product_cat?post=26279"},{"taxonomy":"product_tag","embeddable":true,"href":"https:\/\/olemosaic.orbitalia.org\/pt-pt\/wp-json\/wp\/v2\/product_tag?post=26279"}],"curies":[{"name":"wp","href":"https:\/\/api.w.org\/{rel}","templated":true}]}}